{"id":6271,"date":"2023-06-28T09:22:13","date_gmt":"2023-06-28T06:22:13","guid":{"rendered":"https:\/\/etwinning.idep.org.cy\/?page_id=6271"},"modified":"2025-09-24T07:31:55","modified_gmt":"2025-09-24T04:31:55","slug":"presveftes","status":"publish","type":"page","link":"https:\/\/etwinning.idep.org.cy\/tr\/presveftes\/","title":{"rendered":"El\u00e7iler"},"content":{"rendered":"\t\t<div data-elementor-type=\"wp-page\" data-elementor-id=\"6271\" class=\"elementor elementor-6271 elementor-5074\">\n\t\t\t\t\t\t<section class=\"elementor-section elementor-top-section elementor-element elementor-element-4fd546a ot-traditional elementor-section-boxed elementor-section-height-default elementor-section-height-default\" data-id=\"4fd546a\" data-element_type=\"section\" data-e-type=\"section\">\n\t\t\t\t\t\t<div class=\"elementor-container elementor-column-gap-default\">\n\t\t\t\t\t<div class=\"elementor-column elementor-col-100 elementor-top-column elementor-element elementor-element-3a7ebe9 ot-flex-column-vertical\" data-id=\"3a7ebe9\" data-element_type=\"column\" data-e-type=\"column\">\n\t\t\t<div class=\"elementor-widget-wrap elementor-element-populated\">\n\t\t\t\t\t\t<div class=\"elementor-element elementor-element-be854e1 elementor-widget elementor-widget-text-editor\" data-id=\"be854e1\" data-element_type=\"widget\" data-e-type=\"widget\" data-widget_type=\"text-editor.default\">\n\t\t\t\t<div class=\"elementor-widget-container\">\n\t\t\t\t\t\t\t\t\t<p>eTwinning El\u00e7ileri, Eylem&#8217;e dahil olmak isteyen \u00f6\u011fretmenlere destek sunmak i\u00e7in g\u00f6n\u00fcll\u00fc olan eTwinning projeleri konusunda deneyimli hevesli \u00f6\u011fretmenlerdir. \u00d6zellikle, Eylemin tan\u0131t\u0131m\u0131na yard\u0131mc\u0131 olurlar, \u00f6\u011fretmenlerle toplant\u0131lar d\u00fczenlerler ve \u00f6\u011fretmenleri Desktop ve TwinSpace gibi eTwinning ara\u00e7lar\u0131n\u0131n kullan\u0131m\u0131 konusunda e\u011fitmek i\u00e7in Ulusal eTwinning \u00c7al\u0131\u015fma At\u00f6lyelerine destek sunarlar.<\/p><p><strong>K\u0131br\u0131s&#8217;\u0131n \u015fu anda 11 el\u00e7isi bulunmaktad\u0131r:<\/strong><\/p>\t\t\t\t\t\t\t\t<\/div>\n\t\t\t\t<\/div>\n\t\t\t\t\t<\/div>\n\t\t<\/div>\n\t\t\t\t\t<\/div>\n\t\t<\/section>\n\t\t\t\t<section class=\"elementor-section elementor-top-section elementor-element elementor-element-10f8afa ot-traditional elementor-section-boxed elementor-section-height-default elementor-section-height-default\" data-id=\"10f8afa\" data-element_type=\"section\" data-e-type=\"section\">\n\t\t\t\t\t\t<div class=\"elementor-container elementor-column-gap-default\">\n\t\t\t\t\t<div class=\"elementor-column elementor-col-100 elementor-top-column elementor-element elementor-element-7bc4fdf ot-flex-column-vertical\" data-id=\"7bc4fdf\" data-element_type=\"column\" data-e-type=\"column\">\n\t\t\t<div class=\"elementor-widget-wrap elementor-element-populated\">\n\t\t\t\t\t\t<section class=\"elementor-section elementor-inner-section elementor-element elementor-element-95f8a78 ot-traditional elementor-section-boxed elementor-section-height-default elementor-section-height-default\" data-id=\"95f8a78\" data-element_type=\"section\" data-e-type=\"section\">\n\t\t\t\t\t\t<div class=\"elementor-container elementor-column-gap-default\">\n\t\t\t\t\t<div class=\"elementor-column elementor-col-25 elementor-inner-column elementor-element elementor-element-155ec17 ot-flex-column-vertical\" data-id=\"155ec17\" data-element_type=\"column\" data-e-type=\"column\">\n\t\t\t<div class=\"elementor-widget-wrap elementor-element-populated\">\n\t\t\t\t\t\t<div class=\"elementor-element elementor-element-8fec501 elementor-widget elementor-widget-text-editor\" data-id=\"8fec501\" data-element_type=\"widget\" data-e-type=\"widget\" data-widget_type=\"text-editor.default\">\n\t\t\t\t<div class=\"elementor-widget-container\">\n\t\t\t\t\t\t\t\t\t<h4><strong>ANASTASIA KAPARI<\/strong><\/h4><p>PRIMARY TEACHER\u00a0 &#8211; EPISKOPI PRIMARY SCHOOL<\/p><p>Primary Education Limassol\/Pafos District<br \/><a href=\"mailto:anorthosis210@hotmail.com\">anorthosis210@hotmail.com<\/a><\/p>\t\t\t\t\t\t\t\t<\/div>\n\t\t\t\t<\/div>\n\t\t\t\t\t<\/div>\n\t\t<\/div>\n\t\t\t\t<div class=\"elementor-column elementor-col-25 elementor-inner-column elementor-element elementor-element-5d51ab8 ot-flex-column-vertical\" data-id=\"5d51ab8\" data-element_type=\"column\" data-e-type=\"column\">\n\t\t\t<div class=\"elementor-widget-wrap elementor-element-populated\">\n\t\t\t\t\t\t<div class=\"elementor-element elementor-element-8c8650b elementor-widget elementor-widget-text-editor\" data-id=\"8c8650b\" data-element_type=\"widget\" data-e-type=\"widget\" data-widget_type=\"text-editor.default\">\n\t\t\t\t<div class=\"elementor-widget-container\">\n\t\t\t\t\t\t\t\t\t<h4><strong>PANAGIOTA KTORI<\/strong><\/h4><p>PRIMARY TEACHER PRIMARY SCHOOL KOLOSSIOU B&#8217; &#8211; APOSTOLOS ANDREA AND AGIAS FOTEINIS<\/p><p>Primary Education <br \/>Limassol\/Pafos District<br \/><a href=\"mailto:panaktori@gmail.com\">panaktori@gmail.com<\/a><\/p>\t\t\t\t\t\t\t\t<\/div>\n\t\t\t\t<\/div>\n\t\t\t\t\t<\/div>\n\t\t<\/div>\n\t\t\t\t<div class=\"elementor-column elementor-col-25 elementor-inner-column elementor-element elementor-element-b28752c ot-flex-column-vertical\" data-id=\"b28752c\" data-element_type=\"column\" data-e-type=\"column\">\n\t\t\t<div class=\"elementor-widget-wrap elementor-element-populated\">\n\t\t\t\t\t\t<div class=\"elementor-element elementor-element-ca98a1e elementor-widget elementor-widget-text-editor\" data-id=\"ca98a1e\" data-element_type=\"widget\" data-e-type=\"widget\" data-widget_type=\"text-editor.default\">\n\t\t\t\t<div class=\"elementor-widget-container\">\n\t\t\t\t\t\t\t\t\t<h4><strong>GEORGE CONSTANTINOU<\/strong><\/h4><p>DIRECTOR OF PRIMARY SCHOOL &#8211; XYLOFAGOU PRIMARY SCHOOL A&#8217;<\/p><p>Primary Education <br \/>Famagusta\/Larnaca District<br \/><a href=\"mailto:congeo76@gmail.com\">congeo76@gmail.com<\/a><\/p>\t\t\t\t\t\t\t\t<\/div>\n\t\t\t\t<\/div>\n\t\t\t\t\t<\/div>\n\t\t<\/div>\n\t\t\t\t<div class=\"elementor-column elementor-col-25 elementor-inner-column elementor-element elementor-element-7497621 ot-flex-column-vertical\" data-id=\"7497621\" data-element_type=\"column\" data-e-type=\"column\">\n\t\t\t<div class=\"elementor-widget-wrap elementor-element-populated\">\n\t\t\t\t\t\t<div class=\"elementor-element elementor-element-69cf9ba elementor-widget elementor-widget-text-editor\" data-id=\"69cf9ba\" data-element_type=\"widget\" data-e-type=\"widget\" data-widget_type=\"text-editor.default\">\n\t\t\t\t<div class=\"elementor-widget-container\">\n\t\t\t\t\t\t\t\t\t<h4><strong>GEORGE CONSTANTINOU<\/strong><\/h4><p>PRIMARY SCHOOL TEACHER OF THE PRIMARY SCHOOL OF AYIA NAPA \u2013 ANTONI TSOKKOU<\/p><p>Primary Education <br \/>Famagusta\/Larnaca District<br \/><a href=\"mailto:mariakollyfa@gmail.com\">mariakollyfa@gmail.com<\/a><\/p>\t\t\t\t\t\t\t\t<\/div>\n\t\t\t\t<\/div>\n\t\t\t\t\t<\/div>\n\t\t<\/div>\n\t\t\t\t\t<\/div>\n\t\t<\/section>\n\t\t\t\t<section class=\"elementor-section elementor-inner-section elementor-element elementor-element-21e08eb ot-traditional elementor-section-boxed elementor-section-height-default elementor-section-height-default\" data-id=\"21e08eb\" data-element_type=\"section\" data-e-type=\"section\">\n\t\t\t\t\t\t<div class=\"elementor-container elementor-column-gap-default\">\n\t\t\t\t\t<div class=\"elementor-column elementor-col-25 elementor-inner-column elementor-element elementor-element-28ab923 ot-flex-column-vertical\" data-id=\"28ab923\" data-element_type=\"column\" data-e-type=\"column\">\n\t\t\t<div class=\"elementor-widget-wrap elementor-element-populated\">\n\t\t\t\t\t\t<div class=\"elementor-element elementor-element-51f48cb elementor-widget elementor-widget-text-editor\" data-id=\"51f48cb\" data-element_type=\"widget\" data-e-type=\"widget\" data-widget_type=\"text-editor.default\">\n\t\t\t\t<div class=\"elementor-widget-container\">\n\t\t\t\t\t\t\t\t\t<h4><strong>EVANTHIA PANAGI<\/strong><\/h4><p>KINDERGARTEN TEACHER AT THE PUBLIC KINDERGARTEN OF ANAGEIA<\/p><p>Pre-primary Education <br \/>Nicosia\/Larnaca District<br \/><a href=\"mailto:theano413@gmail.com\">theano413@gmail.com<\/a><\/p><div class=\"ult-team-member-description ult-responsive\" data-ultimate-target=\".ult-team-member-bio-wrap.ultimate-heading64cb3133988d5 .ult-team-member-description\" data-responsive-json-new=\"{&quot;font-size&quot;:&quot;desktop:14px;&quot;,&quot;line-height&quot;:&quot;&quot;}\"><div>\u00a0<\/div><\/div>\t\t\t\t\t\t\t\t<\/div>\n\t\t\t\t<\/div>\n\t\t\t\t\t<\/div>\n\t\t<\/div>\n\t\t\t\t<div class=\"elementor-column elementor-col-25 elementor-inner-column elementor-element elementor-element-d0c4435 ot-flex-column-vertical\" data-id=\"d0c4435\" data-element_type=\"column\" data-e-type=\"column\">\n\t\t\t<div class=\"elementor-widget-wrap elementor-element-populated\">\n\t\t\t\t\t\t<div class=\"elementor-element elementor-element-2ce9215 elementor-widget elementor-widget-text-editor\" data-id=\"2ce9215\" data-element_type=\"widget\" data-e-type=\"widget\" data-widget_type=\"text-editor.default\">\n\t\t\t\t<div class=\"elementor-widget-container\">\n\t\t\t\t\t\t\t\t\t<h4><strong>HELEN IOANNOU PAPAKYRIAKOU<\/strong><\/h4><p>KINDERGARTEN TEACHER AT THE NIPIAGOGEIO PAFOU 10 &#8211; &#8220;EVAGORAS PALLIKARIDIS&#8221;<\/p><p>Pre-primary Education <br \/>Paphos\/Limassol District<br \/><a href=\"mailto:ioannoue80@hotmail.com\">ioannoue80@hotmail.com<\/a><\/p><div class=\"ult-team-member-description ult-responsive\" data-ultimate-target=\".ult-team-member-bio-wrap.ultimate-heading64cb3133989dd .ult-team-member-description\" data-responsive-json-new=\"{&quot;font-size&quot;:&quot;desktop:14px;&quot;,&quot;line-height&quot;:&quot;&quot;}\">\u00a0<\/div>\t\t\t\t\t\t\t\t<\/div>\n\t\t\t\t<\/div>\n\t\t\t\t\t<\/div>\n\t\t<\/div>\n\t\t\t\t<div class=\"elementor-column elementor-col-25 elementor-inner-column elementor-element elementor-element-f9e5720 ot-flex-column-vertical\" data-id=\"f9e5720\" data-element_type=\"column\" data-e-type=\"column\">\n\t\t\t<div class=\"elementor-widget-wrap elementor-element-populated\">\n\t\t\t\t\t\t<div class=\"elementor-element elementor-element-0cc5adb elementor-widget elementor-widget-text-editor\" data-id=\"0cc5adb\" data-element_type=\"widget\" data-e-type=\"widget\" data-widget_type=\"text-editor.default\">\n\t\t\t\t<div class=\"elementor-widget-container\">\n\t\t\t\t\t\t\t\t\t<h4><strong>CHRISTOS PAPACHRISTODOULOU<\/strong><\/h4><p>TEACHER OF COMPUTER SCIENCE AT THE GYMNASIO ARCHIEPISKOPOU MAKARIOU III \u2013 PLATY<\/p><p>Secondary Education <br \/>Nicosia\/Larnaca District<br \/><a href=\"mailto:p_christos@hotmail.com\">p_christos@hotmail.com<\/a><\/p><div class=\"ult-team-member-description ult-responsive\" data-ultimate-target=\".ult-team-member-bio-wrap.ultimate-heading64cb313398aca .ult-team-member-description\" data-responsive-json-new=\"{&quot;font-size&quot;:&quot;desktop:14px;&quot;,&quot;line-height&quot;:&quot;&quot;}\">\u00a0<\/div>\t\t\t\t\t\t\t\t<\/div>\n\t\t\t\t<\/div>\n\t\t\t\t\t<\/div>\n\t\t<\/div>\n\t\t\t\t<div class=\"elementor-column elementor-col-25 elementor-inner-column elementor-element elementor-element-f512e00 ot-flex-column-vertical\" data-id=\"f512e00\" data-element_type=\"column\" data-e-type=\"column\">\n\t\t\t<div class=\"elementor-widget-wrap elementor-element-populated\">\n\t\t\t\t\t\t<div class=\"elementor-element elementor-element-5659655 elementor-widget elementor-widget-text-editor\" data-id=\"5659655\" data-element_type=\"widget\" data-e-type=\"widget\" data-widget_type=\"text-editor.default\">\n\t\t\t\t<div class=\"elementor-widget-container\">\n\t\t\t\t\t\t\t\t\t<h4><strong>ANDRIANI CHRISTODOULOU<\/strong><\/h4><p>PRIMARY SCHOOL TEACHER PRIMARY SCHOOL OF KOFINOU &#8220;MICHALOPOULEIO&#8221;<\/p><p>Primary Education <br \/>Larnaca District<br \/><a href=\"mailto:andrigr@cytanet.com.cy\">andrigr@cytanet.com.cy<\/a><\/p><div class=\"ult-team-member-description ult-responsive\" data-ultimate-target=\".ult-team-member-bio-wrap.ultimate-heading64cb313398bb2 .ult-team-member-description\" data-responsive-json-new=\"{&quot;font-size&quot;:&quot;desktop:14px;&quot;,&quot;line-height&quot;:&quot;&quot;}\">\u00a0<\/div>\t\t\t\t\t\t\t\t<\/div>\n\t\t\t\t<\/div>\n\t\t\t\t\t<\/div>\n\t\t<\/div>\n\t\t\t\t\t<\/div>\n\t\t<\/section>\n\t\t\t\t<section class=\"elementor-section elementor-inner-section elementor-element elementor-element-36af231 ot-traditional elementor-section-boxed elementor-section-height-default elementor-section-height-default\" data-id=\"36af231\" data-element_type=\"section\" data-e-type=\"section\">\n\t\t\t\t\t\t<div class=\"elementor-container elementor-column-gap-default\">\n\t\t\t\t\t<div class=\"elementor-column elementor-col-25 elementor-inner-column elementor-element elementor-element-f150e45 ot-flex-column-vertical\" data-id=\"f150e45\" data-element_type=\"column\" data-e-type=\"column\">\n\t\t\t<div class=\"elementor-widget-wrap elementor-element-populated\">\n\t\t\t\t\t\t<div class=\"elementor-element elementor-element-d170aa2 elementor-widget elementor-widget-text-editor\" data-id=\"d170aa2\" data-element_type=\"widget\" data-e-type=\"widget\" data-widget_type=\"text-editor.default\">\n\t\t\t\t<div class=\"elementor-widget-container\">\n\t\t\t\t\t\t\t\t\t<h4><strong>YIANNIS LAZAROU<\/strong><\/h4><p>MATHEMATICS TEACHER &#8211; STEAME+ \u201cPANGYPRION\u201d HIGH SCHOOL<\/p><p>Secondary General Education <br \/>Nicosia\/Limassol District<br \/><a href=\"mailto:lazaroui@yahoo.gr\">lazaroui@yahoo.gr<\/a><\/p>\t\t\t\t\t\t\t\t<\/div>\n\t\t\t\t<\/div>\n\t\t\t\t\t<\/div>\n\t\t<\/div>\n\t\t\t\t<div class=\"elementor-column elementor-col-25 elementor-inner-column elementor-element elementor-element-6af02a9 ot-flex-column-vertical\" data-id=\"6af02a9\" data-element_type=\"column\" data-e-type=\"column\">\n\t\t\t<div class=\"elementor-widget-wrap elementor-element-populated\">\n\t\t\t\t\t\t<div class=\"elementor-element elementor-element-de99bac elementor-widget elementor-widget-text-editor\" data-id=\"de99bac\" data-element_type=\"widget\" data-e-type=\"widget\" data-widget_type=\"text-editor.default\">\n\t\t\t\t<div class=\"elementor-widget-container\">\n\t\t\t\t\t\t\t\t\t<h4><strong>PETROS GEORGIADES<\/strong><\/h4><p>TEACHER OF MATHEMATICS AT YANNAKIS TALIOTIS HIGH SCHOOL IN GEROSKIPOU<\/p><p>Secondary General Education <br \/>Pafos\/Limassol District<br \/><a href=\"mailto:petros.georgiades@yahoo.com\">petros.georgiades@yahoo.com<\/a><\/p>\t\t\t\t\t\t\t\t<\/div>\n\t\t\t\t<\/div>\n\t\t\t\t\t<\/div>\n\t\t<\/div>\n\t\t\t\t<div class=\"elementor-column elementor-col-25 elementor-inner-column elementor-element elementor-element-1818f95 ot-flex-column-vertical\" data-id=\"1818f95\" data-element_type=\"column\" data-e-type=\"column\">\n\t\t\t<div class=\"elementor-widget-wrap elementor-element-populated\">\n\t\t\t\t\t\t<div class=\"elementor-element elementor-element-e7c51e4 elementor-widget elementor-widget-text-editor\" data-id=\"e7c51e4\" data-element_type=\"widget\" data-e-type=\"widget\" data-widget_type=\"text-editor.default\">\n\t\t\t\t<div class=\"elementor-widget-container\">\n\t\t\t\t\t\t\t\t\t<h4><strong>PETRI DANIEL<\/strong><\/h4><p>TEACHER OF HEALTH EDUCATION (HOME ECONOMICS) \u201cEVRIVIADIO\u201d HIGH SCHOOL<\/p><p>Secondary General Education <br \/>Larnaca\/Famagusta District<br \/><a href=\"mailto:aggeloui1@hotmail.com\">aggeloui1@hotmail.com<\/a><\/p>\t\t\t\t\t\t\t\t<\/div>\n\t\t\t\t<\/div>\n\t\t\t\t\t<\/div>\n\t\t<\/div>\n\t\t\t\t<div class=\"elementor-column elementor-col-25 elementor-inner-column elementor-element elementor-element-1ec705c ot-flex-column-vertical\" data-id=\"1ec705c\" data-element_type=\"column\" data-e-type=\"column\">\n\t\t\t<div class=\"elementor-widget-wrap\">\n\t\t\t\t\t\t\t<\/div>\n\t\t<\/div>\n\t\t\t\t\t<\/div>\n\t\t<\/section>\n\t\t\t\t\t<\/div>\n\t\t<\/div>\n\t\t\t\t\t<\/div>\n\t\t<\/section>\n\t\t\t\t<\/div>\n\t\t","protected":false},"excerpt":{"rendered":"<p>eTwinning El\u00e7ileri, Eylem&#8217;e dahil olmak isteyen \u00f6\u011fretmenlere destek sunmak i\u00e7in g\u00f6n\u00fcll\u00fc olan eTwinning projeleri konusunda deneyimli hevesli \u00f6\u011fretmenlerdir. \u00d6zellikle, Eylemin tan\u0131t\u0131m\u0131na yard\u0131mc\u0131 olurlar, \u00f6\u011fretmenlerle toplant\u0131lar d\u00fczenlerler ve \u00f6\u011fretmenleri Desktop ve TwinSpace gibi eTwinning ara\u00e7lar\u0131n\u0131n kullan\u0131m\u0131 konusunda e\u011fitmek i\u00e7in Ulusal eTwinning \u00c7al\u0131\u015fma At\u00f6lyelerine destek sunarlar. K\u0131br\u0131s&#8217;\u0131n \u015fu anda 11 el\u00e7isi bulunmaktad\u0131r: ANASTASIA KAPARI PRIMARY TEACHER\u00a0 &#8211; [&hellip;]<\/p>\n","protected":false},"author":1,"featured_media":0,"parent":0,"menu_order":27,"comment_status":"closed","ping_status":"closed","template":"","meta":{"footnotes":""},"class_list":["post-6271","page","type-page","status-publish","hentry"],"_links":{"self":[{"href":"https:\/\/etwinning.idep.org.cy\/tr\/wp-json\/wp\/v2\/pages\/6271","targetHints":{"allow":["GET"]}}],"collection":[{"href":"https:\/\/etwinning.idep.org.cy\/tr\/wp-json\/wp\/v2\/pages"}],"about":[{"href":"https:\/\/etwinning.idep.org.cy\/tr\/wp-json\/wp\/v2\/types\/page"}],"author":[{"embeddable":true,"href":"https:\/\/etwinning.idep.org.cy\/tr\/wp-json\/wp\/v2\/users\/1"}],"replies":[{"embeddable":true,"href":"https:\/\/etwinning.idep.org.cy\/tr\/wp-json\/wp\/v2\/comments?post=6271"}],"version-history":[{"count":17,"href":"https:\/\/etwinning.idep.org.cy\/tr\/wp-json\/wp\/v2\/pages\/6271\/revisions"}],"predecessor-version":[{"id":8859,"href":"https:\/\/etwinning.idep.org.cy\/tr\/wp-json\/wp\/v2\/pages\/6271\/revisions\/8859"}],"wp:attachment":[{"href":"https:\/\/etwinning.idep.org.cy\/tr\/wp-json\/wp\/v2\/media?parent=6271"}],"curies":[{"name":"wp","href":"https:\/\/api.w.org\/{rel}","templated":true}]}}