{"id":6273,"date":"2023-06-27T11:45:21","date_gmt":"2023-06-27T08:45:21","guid":{"rendered":"https:\/\/etwinning.idep.org.cy\/?page_id=6273"},"modified":"2024-11-24T13:03:30","modified_gmt":"2024-11-24T11:03:30","slug":"ti-einai","status":"publish","type":"page","link":"https:\/\/etwinning.idep.org.cy\/tr\/etwinning\/ti-einai\/","title":{"rendered":"Nedir?"},"content":{"rendered":"\t\t<div data-elementor-type=\"wp-page\" data-elementor-id=\"6273\" class=\"elementor elementor-6273 elementor-26\">\n\t\t\t\t\t\t<section class=\"elementor-section elementor-top-section elementor-element elementor-element-526a2aa ot-traditional elementor-section-boxed elementor-section-height-default elementor-section-height-default\" data-id=\"526a2aa\" data-element_type=\"section\" data-e-type=\"section\">\n\t\t\t\t\t\t<div class=\"elementor-container elementor-column-gap-default\">\n\t\t\t\t\t<div class=\"elementor-column elementor-col-100 elementor-top-column elementor-element elementor-element-c9b6a8f ot-flex-column-vertical\" data-id=\"c9b6a8f\" data-element_type=\"column\" data-e-type=\"column\">\n\t\t\t<div class=\"elementor-widget-wrap elementor-element-populated\">\n\t\t\t\t\t\t<div class=\"elementor-element elementor-element-09e7349 elementor-widget elementor-widget-text-editor\" data-id=\"09e7349\" data-element_type=\"widget\" data-e-type=\"widget\" data-widget_type=\"text-editor.default\">\n\t\t\t\t<div class=\"elementor-widget-container\">\n\t\t\t\t\t\t\t\t\t<p>eTwinning, Bilgi ve \u0130leti\u015fim Teknolojilerinin (B\u0130T) kullan\u0131m\u0131 yoluyla Avrupa&#8217;da okul i\u015fbirli\u011fini te\u015fvik eden bir pan-Avrupa \u00f6\u011fretme ve \u00f6\u011frenme toplulu\u011fudur.<\/p><p>\u00d6\u011fretmenlerin \u00f6\u011fretimlerini zenginle\u015ftirmelerine ve kolayla\u015ft\u0131rmalar\u0131na yard\u0131mc\u0131 olmak i\u00e7in tavsiyeler, fikirler ve ara\u00e7lar sa\u011flarken, \u00f6\u011frenciler i\u015fbirli\u011fi i\u00e7inde \u00f6\u011frenir, bilgi payla\u015f\u0131r ve di\u011fer \u00fclkelerdeki arkada\u015flar\u0131yla g\u00f6r\u00fc\u015f al\u0131\u015fveri\u015finde bulunur.<\/p>\t\t\t\t\t\t\t\t<\/div>\n\t\t\t\t<\/div>\n\t\t\t\t\t<\/div>\n\t\t<\/div>\n\t\t\t\t\t<\/div>\n\t\t<\/section>\n\t\t\t\t<\/div>\n\t\t","protected":false},"excerpt":{"rendered":"<p>eTwinning, Bilgi ve \u0130leti\u015fim Teknolojilerinin (B\u0130T) kullan\u0131m\u0131 yoluyla Avrupa&#8217;da okul i\u015fbirli\u011fini te\u015fvik eden bir pan-Avrupa \u00f6\u011fretme ve \u00f6\u011frenme toplulu\u011fudur. \u00d6\u011fretmenlerin \u00f6\u011fretimlerini zenginle\u015ftirmelerine ve kolayla\u015ft\u0131rmalar\u0131na yard\u0131mc\u0131 olmak i\u00e7in tavsiyeler, fikirler ve ara\u00e7lar sa\u011flarken, \u00f6\u011frenciler i\u015fbirli\u011fi i\u00e7inde \u00f6\u011frenir, bilgi payla\u015f\u0131r ve di\u011fer \u00fclkelerdeki arkada\u015flar\u0131yla g\u00f6r\u00fc\u015f al\u0131\u015fveri\u015finde bulunur.<\/p>\n","protected":false},"author":1,"featured_media":0,"parent":6272,"menu_order":32,"comment_status":"closed","ping_status":"closed","template":"","meta":{"footnotes":""},"class_list":["post-6273","page","type-page","status-publish","hentry"],"_links":{"self":[{"href":"https:\/\/etwinning.idep.org.cy\/tr\/wp-json\/wp\/v2\/pages\/6273","targetHints":{"allow":["GET"]}}],"collection":[{"href":"https:\/\/etwinning.idep.org.cy\/tr\/wp-json\/wp\/v2\/pages"}],"about":[{"href":"https:\/\/etwinning.idep.org.cy\/tr\/wp-json\/wp\/v2\/types\/page"}],"author":[{"embeddable":true,"href":"https:\/\/etwinning.idep.org.cy\/tr\/wp-json\/wp\/v2\/users\/1"}],"replies":[{"embeddable":true,"href":"https:\/\/etwinning.idep.org.cy\/tr\/wp-json\/wp\/v2\/comments?post=6273"}],"version-history":[{"count":5,"href":"https:\/\/etwinning.idep.org.cy\/tr\/wp-json\/wp\/v2\/pages\/6273\/revisions"}],"predecessor-version":[{"id":6590,"href":"https:\/\/etwinning.idep.org.cy\/tr\/wp-json\/wp\/v2\/pages\/6273\/revisions\/6590"}],"up":[{"embeddable":true,"href":"https:\/\/etwinning.idep.org.cy\/tr\/wp-json\/wp\/v2\/pages\/6272"}],"wp:attachment":[{"href":"https:\/\/etwinning.idep.org.cy\/tr\/wp-json\/wp\/v2\/media?parent=6273"}],"curies":[{"name":"wp","href":"https:\/\/api.w.org\/{rel}","templated":true}]}}