{"id":6275,"date":"2023-06-27T11:45:05","date_gmt":"2023-06-27T08:45:05","guid":{"rendered":"https:\/\/etwinning.idep.org.cy\/?page_id=6275"},"modified":"2024-11-24T13:03:13","modified_gmt":"2024-11-24T11:03:13","slug":"pos-mporo-na-symmetecho","status":"publish","type":"page","link":"https:\/\/etwinning.idep.org.cy\/tr\/etwinning\/pos-mporo-na-symmetecho\/","title":{"rendered":"Nas\u0131l kat\u0131labilirim?"},"content":{"rendered":"\t\t<div data-elementor-type=\"wp-page\" data-elementor-id=\"6275\" class=\"elementor elementor-6275 elementor-22\">\n\t\t\t\t\t\t<section class=\"elementor-section elementor-top-section elementor-element elementor-element-9d60478 ot-traditional elementor-section-boxed elementor-section-height-default elementor-section-height-default\" data-id=\"9d60478\" data-element_type=\"section\" data-e-type=\"section\">\n\t\t\t\t\t\t<div class=\"elementor-container elementor-column-gap-default\">\n\t\t\t\t\t<div class=\"elementor-column elementor-col-100 elementor-top-column elementor-element elementor-element-5e4cf35 ot-flex-column-vertical\" data-id=\"5e4cf35\" data-element_type=\"column\" data-e-type=\"column\">\n\t\t\t<div class=\"elementor-widget-wrap elementor-element-populated\">\n\t\t\t\t\t\t<div class=\"elementor-element elementor-element-55edd55 elementor-widget elementor-widget-heading\" data-id=\"55edd55\" data-element_type=\"widget\" data-e-type=\"widget\" data-widget_type=\"heading.default\">\n\t\t\t\t<div class=\"elementor-widget-container\">\n\t\t\t\t\t<h3 class=\"elementor-heading-title elementor-size-default\">Online Kay\u0131t<\/h3>\t\t\t\t<\/div>\n\t\t\t\t<\/div>\n\t\t\t\t<div class=\"elementor-element elementor-element-c8e6f84 elementor-widget-divider--view-line elementor-widget elementor-widget-divider\" data-id=\"c8e6f84\" data-element_type=\"widget\" data-e-type=\"widget\" data-widget_type=\"divider.default\">\n\t\t\t\t<div class=\"elementor-widget-container\">\n\t\t\t\t\t\t\t<div class=\"elementor-divider\">\n\t\t\t<span class=\"elementor-divider-separator\">\n\t\t\t\t\t\t<\/span>\n\t\t<\/div>\n\t\t\t\t\t\t<\/div>\n\t\t\t\t<\/div>\n\t\t\t\t<div class=\"elementor-element elementor-element-80f1cc7 elementor-widget elementor-widget-text-editor\" data-id=\"80f1cc7\" data-element_type=\"widget\" data-e-type=\"widget\" data-widget_type=\"text-editor.default\">\n\t\t\t\t<div class=\"elementor-widget-container\">\n\t\t\t\t\t\t\t\t\t<p><strong>Eyleme kat\u0131lmak ve eTwinning ara\u00e7lar\u0131na eri\u015fmek i\u00e7in tek yapman\u0131z gereken eTwinning platformuna \u00e7evrimi\u00e7i kay\u0131t olmakt\u0131r: <\/strong><a href=\"https:\/\/school-education.ec.europa.eu\/en\"><strong>https:\/\/school-education.ec.europa.eu\/en<\/strong><\/a><strong>.<\/strong><\/p><p>Platforma yaln\u0131zca E\u011fitim, Spor ve Gen\u00e7lik Bakanl\u0131\u011f\u0131 taraf\u0131ndan tan\u0131nan t\u00fcm e\u011fitim seviyelerinden ve t\u00fcrlerinden (okul \u00f6ncesi, ilk\u00f6\u011fretim, orta\u00f6\u011fretim genel, teknik ve mesleki ve \u00f6zel e\u011fitim) devlet okullar\u0131n\u0131n ve \u00f6zel okullar\u0131n \u00f6\u011fretmenleri ve idari personeli kaydolabilir.<\/p><p>\u00d6\u011frenciler platforma kay\u0131tl\u0131 olmasalar da, \u00f6\u011fretmenleri onlar\u0131 bireysel kullan\u0131c\u0131 adlar\u0131 ve \u015fifrelerle davet ederse, Eylem&#8217;e aktif olarak kat\u0131labilir ve belirli ara\u00e7lara eri\u015febilirler.<\/p>\t\t\t\t\t\t\t\t<\/div>\n\t\t\t\t<\/div>\n\t\t\t\t\t<\/div>\n\t\t<\/div>\n\t\t\t\t\t<\/div>\n\t\t<\/section>\n\t\t\t\t<section class=\"elementor-section elementor-top-section elementor-element elementor-element-89552ee ot-traditional elementor-section-boxed elementor-section-height-default elementor-section-height-default\" data-id=\"89552ee\" data-element_type=\"section\" data-e-type=\"section\">\n\t\t\t\t\t\t<div class=\"elementor-container elementor-column-gap-default\">\n\t\t\t\t\t<div class=\"elementor-column elementor-col-100 elementor-top-column elementor-element elementor-element-61ce4b6 ot-flex-column-vertical\" data-id=\"61ce4b6\" data-element_type=\"column\" data-e-type=\"column\">\n\t\t\t<div class=\"elementor-widget-wrap elementor-element-populated\">\n\t\t\t\t\t\t<div class=\"elementor-element elementor-element-abf78c8 elementor-widget elementor-widget-heading\" data-id=\"abf78c8\" data-element_type=\"widget\" data-e-type=\"widget\" data-widget_type=\"heading.default\">\n\t\t\t\t<div class=\"elementor-widget-container\">\n\t\t\t\t\t<h3 class=\"elementor-heading-title elementor-size-default\">Esneklik<\/h3>\t\t\t\t<\/div>\n\t\t\t\t<\/div>\n\t\t\t\t<div class=\"elementor-element elementor-element-d9fc5e2 elementor-widget-divider--view-line elementor-widget elementor-widget-divider\" data-id=\"d9fc5e2\" data-element_type=\"widget\" data-e-type=\"widget\" data-widget_type=\"divider.default\">\n\t\t\t\t<div class=\"elementor-widget-container\">\n\t\t\t\t\t\t\t<div class=\"elementor-divider\">\n\t\t\t<span class=\"elementor-divider-separator\">\n\t\t\t\t\t\t<\/span>\n\t\t<\/div>\n\t\t\t\t\t\t<\/div>\n\t\t\t\t<\/div>\n\t\t\t\t<div class=\"elementor-element elementor-element-d32da54 elementor-widget elementor-widget-text-editor\" data-id=\"d32da54\" data-element_type=\"widget\" data-e-type=\"widget\" data-widget_type=\"text-editor.default\">\n\t\t\t\t<div class=\"elementor-widget-container\">\n\t\t\t\t\t\t\t\t\t<p>eTwinning projeleri hibe almaz, bu nedenle \u00f6\u011fretmenlerin ve okullar\u0131n\u0131n platforma kaydolmalar\u0131 i\u00e7in herhangi bir son tarih veya onay i\u00e7in bir proje sunmalar\u0131 i\u00e7in herhangi bir son tarih yoktur.<\/p><p>Ayr\u0131ca, bir okulun veya \u00f6\u011fretmenin dahil olabilece\u011fi proje say\u0131s\u0131nda bir s\u0131n\u0131rlama olmad\u0131\u011f\u0131 gibi, bir eTwinning projesinin minimum veya maksimum s\u00fcresi de yoktur. Ancak, her \u00f6\u011fretmenin Ulusal Kalite Etiketi i\u00e7in y\u0131lda 4&#8217;ten fazla proje sunmas\u0131na izin verilmez.<\/p>\t\t\t\t\t\t\t\t<\/div>\n\t\t\t\t<\/div>\n\t\t\t\t\t<\/div>\n\t\t<\/div>\n\t\t\t\t\t<\/div>\n\t\t<\/section>\n\t\t\t\t<section class=\"elementor-section elementor-top-section elementor-element elementor-element-18e6d08 ot-traditional elementor-section-boxed elementor-section-height-default elementor-section-height-default\" data-id=\"18e6d08\" data-element_type=\"section\" data-e-type=\"section\">\n\t\t\t\t\t\t<div class=\"elementor-container elementor-column-gap-default\">\n\t\t\t\t\t<div class=\"elementor-column elementor-col-100 elementor-top-column elementor-element elementor-element-3b94ed0 ot-flex-column-vertical\" data-id=\"3b94ed0\" data-element_type=\"column\" data-e-type=\"column\">\n\t\t\t<div class=\"elementor-widget-wrap elementor-element-populated\">\n\t\t\t\t\t\t<div class=\"elementor-element elementor-element-5672f4e elementor-widget elementor-widget-heading\" data-id=\"5672f4e\" data-element_type=\"widget\" data-e-type=\"widget\" data-widget_type=\"heading.default\">\n\t\t\t\t<div class=\"elementor-widget-container\">\n\t\t\t\t\t<h3 class=\"elementor-heading-title elementor-size-default\">Kat\u0131l\u0131mc\u0131 \u00dclkeler<\/h3>\t\t\t\t<\/div>\n\t\t\t\t<\/div>\n\t\t\t\t<div class=\"elementor-element elementor-element-a7b9b19 elementor-widget-divider--view-line elementor-widget elementor-widget-divider\" data-id=\"a7b9b19\" data-element_type=\"widget\" data-e-type=\"widget\" data-widget_type=\"divider.default\">\n\t\t\t\t<div class=\"elementor-widget-container\">\n\t\t\t\t\t\t\t<div class=\"elementor-divider\">\n\t\t\t<span class=\"elementor-divider-separator\">\n\t\t\t\t\t\t<\/span>\n\t\t<\/div>\n\t\t\t\t\t\t<\/div>\n\t\t\t\t<\/div>\n\t\t\t\t<div class=\"elementor-element elementor-element-4823e17 elementor-widget elementor-widget-text-editor\" data-id=\"4823e17\" data-element_type=\"widget\" data-e-type=\"widget\" data-widget_type=\"text-editor.default\">\n\t\t\t\t<div class=\"elementor-widget-container\">\n\t\t\t\t\t\t\t\t\t<p>Avrupa Birli\u011fi&#8217;nin (AB) t\u00fcm \u00dcye Devletleri, Avrupa Ekonomik Alan\u0131 \u00fclkeleri \u0130zlanda, Lihten\u015ftayn ve Norve\u00e7&#8217;in yan\u0131 s\u0131ra T\u00fcrkiye, Kuzey Makedonya, S\u0131rbistan, Arnavutluk, G\u00fcrcistan, Moldova Cumhuriyeti, Bosna Hersek, Karada\u011f, Bosna Hersek ve Ukrayna gibi AB&#8217;ye aday \u00fclkeler de eyleme kat\u0131lmaktad\u0131r. A\u015fa\u011f\u0131daki \u00fclkeler de eTwinning&#8217;e kat\u0131lmaktad\u0131r: Azerbaycan, Ermenistan, Ermenistan, \u00dcrd\u00fcn, Kosova, \u00dcrd\u00fcn, L\u00fcbnan, L\u00fcbnan, Filistin ve Tunus.<\/p>\t\t\t\t\t\t\t\t<\/div>\n\t\t\t\t<\/div>\n\t\t\t\t\t<\/div>\n\t\t<\/div>\n\t\t\t\t\t<\/div>\n\t\t<\/section>\n\t\t\t\t<\/div>\n\t\t","protected":false},"excerpt":{"rendered":"<p>Online Kay\u0131t Eyleme kat\u0131lmak ve eTwinning ara\u00e7lar\u0131na eri\u015fmek i\u00e7in tek yapman\u0131z gereken eTwinning platformuna \u00e7evrimi\u00e7i kay\u0131t olmakt\u0131r: https:\/\/school-education.ec.europa.eu\/en. Platforma yaln\u0131zca E\u011fitim, Spor ve Gen\u00e7lik Bakanl\u0131\u011f\u0131 taraf\u0131ndan tan\u0131nan t\u00fcm e\u011fitim seviyelerinden ve t\u00fcrlerinden (okul \u00f6ncesi, ilk\u00f6\u011fretim, orta\u00f6\u011fretim genel, teknik ve mesleki ve \u00f6zel e\u011fitim) devlet okullar\u0131n\u0131n ve \u00f6zel okullar\u0131n \u00f6\u011fretmenleri ve idari personeli kaydolabilir. \u00d6\u011frenciler platforma [&hellip;]<\/p>\n","protected":false},"author":1,"featured_media":0,"parent":6272,"menu_order":35,"comment_status":"closed","ping_status":"closed","template":"","meta":{"footnotes":""},"class_list":["post-6275","page","type-page","status-publish","hentry"],"_links":{"self":[{"href":"https:\/\/etwinning.idep.org.cy\/tr\/wp-json\/wp\/v2\/pages\/6275","targetHints":{"allow":["GET"]}}],"collection":[{"href":"https:\/\/etwinning.idep.org.cy\/tr\/wp-json\/wp\/v2\/pages"}],"about":[{"href":"https:\/\/etwinning.idep.org.cy\/tr\/wp-json\/wp\/v2\/types\/page"}],"author":[{"embeddable":true,"href":"https:\/\/etwinning.idep.org.cy\/tr\/wp-json\/wp\/v2\/users\/1"}],"replies":[{"embeddable":true,"href":"https:\/\/etwinning.idep.org.cy\/tr\/wp-json\/wp\/v2\/comments?post=6275"}],"version-history":[{"count":5,"href":"https:\/\/etwinning.idep.org.cy\/tr\/wp-json\/wp\/v2\/pages\/6275\/revisions"}],"predecessor-version":[{"id":6587,"href":"https:\/\/etwinning.idep.org.cy\/tr\/wp-json\/wp\/v2\/pages\/6275\/revisions\/6587"}],"up":[{"embeddable":true,"href":"https:\/\/etwinning.idep.org.cy\/tr\/wp-json\/wp\/v2\/pages\/6272"}],"wp:attachment":[{"href":"https:\/\/etwinning.idep.org.cy\/tr\/wp-json\/wp\/v2\/media?parent=6275"}],"curies":[{"name":"wp","href":"https:\/\/api.w.org\/{rel}","templated":true}]}}