{"id":6276,"date":"2023-06-27T11:44:38","date_gmt":"2023-06-27T08:44:38","guid":{"rendered":"https:\/\/etwinning.idep.org.cy\/?page_id=6276"},"modified":"2024-11-24T13:02:08","modified_gmt":"2024-11-24T11:02:08","slug":"ethnika-erga-etwinning","status":"publish","type":"page","link":"https:\/\/etwinning.idep.org.cy\/tr\/etwinning\/ethnika-erga-etwinning\/","title":{"rendered":"eTwinning Milli Projeler"},"content":{"rendered":"\t\t<div data-elementor-type=\"wp-page\" data-elementor-id=\"6276\" class=\"elementor elementor-6276 elementor-19\">\n\t\t\t\t\t\t<section class=\"elementor-section elementor-top-section elementor-element elementor-element-628c44f ot-traditional elementor-section-boxed elementor-section-height-default elementor-section-height-default\" data-id=\"628c44f\" data-element_type=\"section\" data-e-type=\"section\">\n\t\t\t\t\t\t<div class=\"elementor-container elementor-column-gap-default\">\n\t\t\t\t\t<div class=\"elementor-column elementor-col-100 elementor-top-column elementor-element elementor-element-12da680 ot-flex-column-vertical\" data-id=\"12da680\" data-element_type=\"column\" data-e-type=\"column\">\n\t\t\t<div class=\"elementor-widget-wrap elementor-element-populated\">\n\t\t\t\t\t\t<div class=\"elementor-element elementor-element-2f6140b elementor-widget elementor-widget-heading\" data-id=\"2f6140b\" data-element_type=\"widget\" data-e-type=\"widget\" data-widget_type=\"heading.default\">\n\t\t\t\t<div class=\"elementor-widget-container\">\n\t\t\t\t\t<h3 class=\"elementor-heading-title elementor-size-default\">Ulusal eTwinning Projeleri nedir ?<\/h3>\t\t\t\t<\/div>\n\t\t\t\t<\/div>\n\t\t\t\t<div class=\"elementor-element elementor-element-d85abb0 elementor-widget-divider--view-line elementor-widget elementor-widget-divider\" data-id=\"d85abb0\" data-element_type=\"widget\" data-e-type=\"widget\" data-widget_type=\"divider.default\">\n\t\t\t\t<div class=\"elementor-widget-container\">\n\t\t\t\t\t\t\t<div class=\"elementor-divider\">\n\t\t\t<span class=\"elementor-divider-separator\">\n\t\t\t\t\t\t<\/span>\n\t\t<\/div>\n\t\t\t\t\t\t<\/div>\n\t\t\t\t<\/div>\n\t\t\t\t<div class=\"elementor-element elementor-element-e5db674 elementor-widget elementor-widget-text-editor\" data-id=\"e5db674\" data-element_type=\"widget\" data-e-type=\"widget\" data-widget_type=\"text-editor.default\">\n\t\t\t\t<div class=\"elementor-widget-container\">\n\t\t\t\t\t\t\t\t\t<p>eTwinning Ulusal Projeleri, ayn\u0131 \u00fclkeden \u00f6\u011fretmenler ve \u00f6\u011frenciler aras\u0131nda ger\u00e7ekle\u015fen eTwinning projeleridir. Yurtd\u0131\u015f\u0131ndaki ba\u015fka bir okulla \u00e7al\u0131\u015fmaya kendinizi haz\u0131r hissetmiyorsan\u0131z veya \u00f6nce eTwinning ara\u00e7lar\u0131n\u0131 tan\u0131mak istiyorsan\u0131z, sizin ve K\u0131br\u0131s&#8217;tan en az bir \u00f6\u011fretmenin daha dahil olaca\u011f\u0131 bir eTwinning projesiyle ba\u015flayabilirsiniz.<\/p><p>Yeni ba\u015flayanlar\u0131n yan\u0131 s\u0131ra, Ulusal Projeler, uzmanl\u0131k alanlar\u0131ndaki meslekta\u015flar\u0131yla ba\u015fka illerden, okullardan ve hatta ayn\u0131 okulun farkl\u0131 b\u00f6l\u00fcmlerinden meslekta\u015flar\u0131yla \u00e7al\u0131\u015fmak isteyen \u00f6\u011fretmenler i\u00e7in de idealdir.<\/p>\t\t\t\t\t\t\t\t<\/div>\n\t\t\t\t<\/div>\n\t\t\t\t\t<\/div>\n\t\t<\/div>\n\t\t\t\t\t<\/div>\n\t\t<\/section>\n\t\t\t\t<section class=\"elementor-section elementor-top-section elementor-element elementor-element-f338061 ot-traditional elementor-section-boxed elementor-section-height-default elementor-section-height-default\" data-id=\"f338061\" data-element_type=\"section\" data-e-type=\"section\">\n\t\t\t\t\t\t<div class=\"elementor-container elementor-column-gap-default\">\n\t\t\t\t\t<div class=\"elementor-column elementor-col-100 elementor-top-column elementor-element elementor-element-26e8314 ot-flex-column-vertical\" data-id=\"26e8314\" data-element_type=\"column\" data-e-type=\"column\">\n\t\t\t<div class=\"elementor-widget-wrap elementor-element-populated\">\n\t\t\t\t\t\t<div class=\"elementor-element elementor-element-59eff71 elementor-widget elementor-widget-heading\" data-id=\"59eff71\" data-element_type=\"widget\" data-e-type=\"widget\" data-widget_type=\"heading.default\">\n\t\t\t\t<div class=\"elementor-widget-container\">\n\t\t\t\t\t<h3 class=\"elementor-heading-title elementor-size-default\">eTwinning projelerinden fark\u0131 nedir ?<\/h3>\t\t\t\t<\/div>\n\t\t\t\t<\/div>\n\t\t\t\t<div class=\"elementor-element elementor-element-10f490d elementor-widget-divider--view-line elementor-widget elementor-widget-divider\" data-id=\"10f490d\" data-element_type=\"widget\" data-e-type=\"widget\" data-widget_type=\"divider.default\">\n\t\t\t\t<div class=\"elementor-widget-container\">\n\t\t\t\t\t\t\t<div class=\"elementor-divider\">\n\t\t\t<span class=\"elementor-divider-separator\">\n\t\t\t\t\t\t<\/span>\n\t\t<\/div>\n\t\t\t\t\t\t<\/div>\n\t\t\t\t<\/div>\n\t\t\t\t<div class=\"elementor-element elementor-element-fa97816 elementor-widget elementor-widget-text-editor\" data-id=\"fa97816\" data-element_type=\"widget\" data-e-type=\"widget\" data-widget_type=\"text-editor.default\">\n\t\t\t\t<div class=\"elementor-widget-container\">\n\t\t\t\t\t\t\t\t\t<p>Ulusal eTwinning projeleri ile \u00f6\u011fretmenler platformun (Twinspace) sundu\u011fu t\u00fcm ara\u00e7lara eri\u015febilirler. Ancak, proje s\u00fcresince yurt d\u0131\u015f\u0131ndan ortaklar\/okullar eklense bile herhangi bir \u00f6d\u00fcle (Ulusal Kalite Etiketi, Avrupa Kalite Etiketi ve Avrupa \u00d6d\u00fclleri) ba\u015fvuramazlar.<\/p>\t\t\t\t\t\t\t\t<\/div>\n\t\t\t\t<\/div>\n\t\t\t\t\t<\/div>\n\t\t<\/div>\n\t\t\t\t\t<\/div>\n\t\t<\/section>\n\t\t\t\t<\/div>\n\t\t","protected":false},"excerpt":{"rendered":"<p>Ulusal eTwinning Projeleri nedir ? eTwinning Ulusal Projeleri, ayn\u0131 \u00fclkeden \u00f6\u011fretmenler ve \u00f6\u011frenciler aras\u0131nda ger\u00e7ekle\u015fen eTwinning projeleridir. Yurtd\u0131\u015f\u0131ndaki ba\u015fka bir okulla \u00e7al\u0131\u015fmaya kendinizi haz\u0131r hissetmiyorsan\u0131z veya \u00f6nce eTwinning ara\u00e7lar\u0131n\u0131 tan\u0131mak istiyorsan\u0131z, sizin ve K\u0131br\u0131s&#8217;tan en az bir \u00f6\u011fretmenin daha dahil olaca\u011f\u0131 bir eTwinning projesiyle ba\u015flayabilirsiniz. Yeni ba\u015flayanlar\u0131n yan\u0131 s\u0131ra, Ulusal Projeler, uzmanl\u0131k alanlar\u0131ndaki meslekta\u015flar\u0131yla ba\u015fka [&hellip;]<\/p>\n","protected":false},"author":1,"featured_media":0,"parent":6272,"menu_order":38,"comment_status":"closed","ping_status":"closed","template":"","meta":{"footnotes":""},"class_list":["post-6276","page","type-page","status-publish","hentry"],"_links":{"self":[{"href":"https:\/\/etwinning.idep.org.cy\/tr\/wp-json\/wp\/v2\/pages\/6276","targetHints":{"allow":["GET"]}}],"collection":[{"href":"https:\/\/etwinning.idep.org.cy\/tr\/wp-json\/wp\/v2\/pages"}],"about":[{"href":"https:\/\/etwinning.idep.org.cy\/tr\/wp-json\/wp\/v2\/types\/page"}],"author":[{"embeddable":true,"href":"https:\/\/etwinning.idep.org.cy\/tr\/wp-json\/wp\/v2\/users\/1"}],"replies":[{"embeddable":true,"href":"https:\/\/etwinning.idep.org.cy\/tr\/wp-json\/wp\/v2\/comments?post=6276"}],"version-history":[{"count":5,"href":"https:\/\/etwinning.idep.org.cy\/tr\/wp-json\/wp\/v2\/pages\/6276\/revisions"}],"predecessor-version":[{"id":6584,"href":"https:\/\/etwinning.idep.org.cy\/tr\/wp-json\/wp\/v2\/pages\/6276\/revisions\/6584"}],"up":[{"embeddable":true,"href":"https:\/\/etwinning.idep.org.cy\/tr\/wp-json\/wp\/v2\/pages\/6272"}],"wp:attachment":[{"href":"https:\/\/etwinning.idep.org.cy\/tr\/wp-json\/wp\/v2\/media?parent=6276"}],"curies":[{"name":"wp","href":"https:\/\/api.w.org\/{rel}","templated":true}]}}