{"id":6278,"date":"2023-06-27T11:42:43","date_gmt":"2023-06-27T08:42:43","guid":{"rendered":"https:\/\/etwinning.idep.org.cy\/?page_id=6278"},"modified":"2024-11-24T13:01:26","modified_gmt":"2024-11-24T11:01:26","slug":"vravefseis","status":"publish","type":"page","link":"https:\/\/etwinning.idep.org.cy\/tr\/etwinning\/vravefseis\/","title":{"rendered":"\u00d6d\u00fcller"},"content":{"rendered":"\t\t<div data-elementor-type=\"wp-page\" data-elementor-id=\"6278\" class=\"elementor elementor-6278 elementor-15\">\n\t\t\t\t\t\t<section class=\"elementor-section elementor-top-section elementor-element elementor-element-08140a3 ot-traditional elementor-section-boxed elementor-section-height-default elementor-section-height-default\" data-id=\"08140a3\" data-element_type=\"section\" data-e-type=\"section\">\n\t\t\t\t\t\t<div class=\"elementor-container elementor-column-gap-default\">\n\t\t\t\t\t<div class=\"elementor-column elementor-col-100 elementor-top-column elementor-element elementor-element-88a5cbb ot-flex-column-vertical\" data-id=\"88a5cbb\" data-element_type=\"column\" data-e-type=\"column\">\n\t\t\t<div class=\"elementor-widget-wrap elementor-element-populated\">\n\t\t\t\t\t\t<div class=\"elementor-element elementor-element-d89353b elementor-widget elementor-widget-text-editor\" data-id=\"d89353b\" data-element_type=\"widget\" data-e-type=\"widget\" data-widget_type=\"text-editor.default\">\n\t\t\t\t<div class=\"elementor-widget-container\">\n\t\t\t\t\t\t\t\t\t<p>Bir okulun eTwinning faaliyetlerinin kalitesi, Ulusal ve Avrupa Kalite Etiketleri taraf\u0131ndan tan\u0131n\u0131r. Kalite Etiketleri, \u00f6\u011fretmenler, \u00f6\u011frenciler ve okullar\u0131 i\u00e7in faaliyetlerinin y\u00fcksek standard\u0131n\u0131n somut olarak tan\u0131nmas\u0131d\u0131r. \u00d6\u011frenciler i\u00e7in \u00e7abalar\u0131na bir destek ve genel olarak okul i\u00e7in de bir Avrupa ortakl\u0131\u011f\u0131nda kalitenin kamu taraf\u0131ndan tan\u0131nmas\u0131 anlam\u0131na gelmektedir.<\/p>\t\t\t\t\t\t\t\t<\/div>\n\t\t\t\t<\/div>\n\t\t\t\t\t<\/div>\n\t\t<\/div>\n\t\t\t\t\t<\/div>\n\t\t<\/section>\n\t\t\t\t<section class=\"elementor-section elementor-top-section elementor-element elementor-element-f8d623e ot-traditional elementor-section-boxed elementor-section-height-default elementor-section-height-default\" data-id=\"f8d623e\" data-element_type=\"section\" data-e-type=\"section\">\n\t\t\t\t\t\t<div class=\"elementor-container elementor-column-gap-default\">\n\t\t\t\t\t<div class=\"elementor-column elementor-col-100 elementor-top-column elementor-element elementor-element-4d76509 ot-flex-column-vertical\" data-id=\"4d76509\" data-element_type=\"column\" data-e-type=\"column\">\n\t\t\t<div class=\"elementor-widget-wrap elementor-element-populated\">\n\t\t\t\t\t\t<div class=\"elementor-element elementor-element-425ccfe elementor-widget elementor-widget-heading\" data-id=\"425ccfe\" data-element_type=\"widget\" data-e-type=\"widget\" data-widget_type=\"heading.default\">\n\t\t\t\t<div class=\"elementor-widget-container\">\n\t\t\t\t\t<h3 class=\"elementor-heading-title elementor-size-default\">Ulusal Kalite Etiketi<\/h3>\t\t\t\t<\/div>\n\t\t\t\t<\/div>\n\t\t\t\t<div class=\"elementor-element elementor-element-afd7d74 elementor-widget-divider--view-line elementor-widget elementor-widget-divider\" data-id=\"afd7d74\" data-element_type=\"widget\" data-e-type=\"widget\" data-widget_type=\"divider.default\">\n\t\t\t\t<div class=\"elementor-widget-container\">\n\t\t\t\t\t\t\t<div class=\"elementor-divider\">\n\t\t\t<span class=\"elementor-divider-separator\">\n\t\t\t\t\t\t<\/span>\n\t\t<\/div>\n\t\t\t\t\t\t<\/div>\n\t\t\t\t<\/div>\n\t\t\t\t<div class=\"elementor-element elementor-element-47fa6d5 elementor-widget elementor-widget-text-editor\" data-id=\"47fa6d5\" data-element_type=\"widget\" data-e-type=\"widget\" data-widget_type=\"text-editor.default\">\n\t\t\t\t<div class=\"elementor-widget-container\">\n\t\t\t\t\t\t\t\t\t<p>Ulusal Kalite Etiketi, Merkezi Destek Servisi (CSS) taraf\u0131ndan belirlenen bir dizi kriteri kar\u015f\u0131layarak y\u00fcksek kalite seviyesine ula\u015fan eTwinning projelerine verilir.<\/p><p>Ba\u015fvuru \u00e7evrimi\u00e7i olarak yap\u0131l\u0131r ve bir genelgeyi takiben her y\u0131l Ekim ay\u0131nda Hayat Boyu \u00d6\u011frenme Enstit\u00fcs\u00fc (CY NNO) taraf\u0131ndan de\u011ferlendirilir. Ba\u015fvuru kabul edildi\u011finde veya reddedildi\u011finde, e-posta ile bilgilendirileceksiniz.<\/p>\t\t\t\t\t\t\t\t<\/div>\n\t\t\t\t<\/div>\n\t\t\t\t\t<\/div>\n\t\t<\/div>\n\t\t\t\t\t<\/div>\n\t\t<\/section>\n\t\t\t\t<section class=\"elementor-section elementor-top-section elementor-element elementor-element-002b50c ot-traditional elementor-section-boxed elementor-section-height-default elementor-section-height-default\" data-id=\"002b50c\" data-element_type=\"section\" data-e-type=\"section\">\n\t\t\t\t\t\t<div class=\"elementor-container elementor-column-gap-default\">\n\t\t\t\t\t<div class=\"elementor-column elementor-col-100 elementor-top-column elementor-element elementor-element-f124a5a ot-flex-column-vertical\" data-id=\"f124a5a\" data-element_type=\"column\" data-e-type=\"column\">\n\t\t\t<div class=\"elementor-widget-wrap elementor-element-populated\">\n\t\t\t\t\t\t<div class=\"elementor-element elementor-element-0bf907f elementor-widget elementor-widget-heading\" data-id=\"0bf907f\" data-element_type=\"widget\" data-e-type=\"widget\" data-widget_type=\"heading.default\">\n\t\t\t\t<div class=\"elementor-widget-container\">\n\t\t\t\t\t<h3 class=\"elementor-heading-title elementor-size-default\">5 Ulusal Kalite Etiketini g\u00fcvence alt\u0131na almak i\u00e7ingerekenler :<\/h3>\t\t\t\t<\/div>\n\t\t\t\t<\/div>\n\t\t\t\t<div class=\"elementor-element elementor-element-01dbd5f elementor-widget-divider--view-line elementor-widget elementor-widget-divider\" data-id=\"01dbd5f\" data-element_type=\"widget\" data-e-type=\"widget\" data-widget_type=\"divider.default\">\n\t\t\t\t<div class=\"elementor-widget-container\">\n\t\t\t\t\t\t\t<div class=\"elementor-divider\">\n\t\t\t<span class=\"elementor-divider-separator\">\n\t\t\t\t\t\t<\/span>\n\t\t<\/div>\n\t\t\t\t\t\t<\/div>\n\t\t\t\t<\/div>\n\t\t\t\t<div class=\"elementor-element elementor-element-f21b69f elementor-widget elementor-widget-text-editor\" data-id=\"f21b69f\" data-element_type=\"widget\" data-e-type=\"widget\" data-widget_type=\"text-editor.default\">\n\t\t\t\t<div class=\"elementor-widget-container\">\n\t\t\t\t\t\t\t\t\t<p>Projenin ortak hedefleri ve bir plan\u0131 olmal\u0131d\u0131r.<\/p><p>&#8211; Ortak ama\u00e7 ve hedeflere sahip olmal\u0131 ve ortak bir amac\u0131 ve ortak ama\u00e7 ve hedefleri olmal\u0131d\u0131r.<\/p><p>&#8211; Ba\u015fvuruyu yapan \u00f6\u011fretmen projeye \u00f6nemli bir katk\u0131da bulunmu\u015f olmal\u0131 ve bu katk\u0131 a\u00e7\u0131k\u00e7a g\u00f6sterilmelidir.<\/p><p>&#8211; Belirli bir derecede i\u015fbirli\u011fi g\u00f6sterilmelidir.<\/p><p>&#8211; Projenin sonu\u00e7lar\u0131 g\u00f6r\u00fcn\u00fcr olmal\u0131d\u0131r.<\/p><p>Daha fazla bilgi i\u00e7in buraya <a href=\"https:\/\/etwinning.idep.org.cy\/wp-content\/uploads\/2024\/11\/kritiria-etiketwn-poiotitas-tr.pdf\" target=\"_blank\" rel=\"noopener\">gidebilirsiniz<\/a><\/p>\t\t\t\t\t\t\t\t<\/div>\n\t\t\t\t<\/div>\n\t\t\t\t\t<\/div>\n\t\t<\/div>\n\t\t\t\t\t<\/div>\n\t\t<\/section>\n\t\t\t\t<section class=\"elementor-section elementor-top-section elementor-element elementor-element-2d8db03 ot-traditional elementor-section-boxed elementor-section-height-default elementor-section-height-default\" data-id=\"2d8db03\" data-element_type=\"section\" data-e-type=\"section\">\n\t\t\t\t\t\t<div class=\"elementor-container elementor-column-gap-default\">\n\t\t\t\t\t<div class=\"elementor-column elementor-col-100 elementor-top-column elementor-element elementor-element-83ed06d ot-flex-column-vertical\" data-id=\"83ed06d\" data-element_type=\"column\" data-e-type=\"column\">\n\t\t\t<div class=\"elementor-widget-wrap elementor-element-populated\">\n\t\t\t\t\t\t<div class=\"elementor-element elementor-element-3b4c3d2 elementor-widget elementor-widget-heading\" data-id=\"3b4c3d2\" data-element_type=\"widget\" data-e-type=\"widget\" data-widget_type=\"heading.default\">\n\t\t\t\t<div class=\"elementor-widget-container\">\n\t\t\t\t\t<h3 class=\"elementor-heading-title elementor-size-default\">Avrupa Kalite Etiketi<\/h3>\t\t\t\t<\/div>\n\t\t\t\t<\/div>\n\t\t\t\t<div class=\"elementor-element elementor-element-e90d7ca elementor-widget-divider--view-line elementor-widget elementor-widget-divider\" data-id=\"e90d7ca\" data-element_type=\"widget\" data-e-type=\"widget\" data-widget_type=\"divider.default\">\n\t\t\t\t<div class=\"elementor-widget-container\">\n\t\t\t\t\t\t\t<div class=\"elementor-divider\">\n\t\t\t<span class=\"elementor-divider-separator\">\n\t\t\t\t\t\t<\/span>\n\t\t<\/div>\n\t\t\t\t\t\t<\/div>\n\t\t\t\t<\/div>\n\t\t\t\t<div class=\"elementor-element elementor-element-c1e2e42 elementor-widget elementor-widget-text-editor\" data-id=\"c1e2e42\" data-element_type=\"widget\" data-e-type=\"widget\" data-widget_type=\"text-editor.default\">\n\t\t\t\t<div class=\"elementor-widget-container\">\n\t\t\t\t\t\t\t\t\t<p>Avrupa Kalite Etiketi i\u00e7in ba\u015fvuru gerekmemektedir. Merkezi Destek Servisi (CSS) taraf\u0131ndan a\u015fa\u011f\u0131daki \u00f6zelliklere sahip okullara verilen ikinci bir m\u00fckemmellik etiketidir:<\/p><ol><li>Se\u00e7im s\u00fcrecini takiben en az bir Ulusal Destek Servisi (NSO) taraf\u0131ndan Avrupa Kalite Etiketi i\u00e7in tavsiye edilmi\u015flerdir.<\/li><li>\u0130ki farkl\u0131 \u00fclkeden en az iki orta\u011f\u0131n Ulusal Kalite Etiketi ile \u00f6d\u00fcllendirilmi\u015f olmas\u0131.<\/li><\/ol><p>Avrupa Kalite Etiketi y\u0131lda sadece bir kez verilir, eTwinning Portal\u0131nda g\u00f6sterilir ve bir projenin y\u0131ll\u0131k eTwinning \u00d6d\u00fclleri i\u00e7in Avrupa yar\u0131\u015fmas\u0131na kat\u0131labilmesi i\u00e7in bir \u00f6n ko\u015fuldur.<\/p>\t\t\t\t\t\t\t\t<\/div>\n\t\t\t\t<\/div>\n\t\t\t\t\t<\/div>\n\t\t<\/div>\n\t\t\t\t\t<\/div>\n\t\t<\/section>\n\t\t\t\t<section class=\"elementor-section elementor-top-section elementor-element elementor-element-72ba4a2 ot-traditional elementor-section-boxed elementor-section-height-default elementor-section-height-default\" data-id=\"72ba4a2\" data-element_type=\"section\" data-e-type=\"section\">\n\t\t\t\t\t\t<div class=\"elementor-container elementor-column-gap-default\">\n\t\t\t\t\t<div class=\"elementor-column elementor-col-100 elementor-top-column elementor-element elementor-element-5f6e711 ot-flex-column-vertical\" data-id=\"5f6e711\" data-element_type=\"column\" data-e-type=\"column\">\n\t\t\t<div class=\"elementor-widget-wrap elementor-element-populated\">\n\t\t\t\t\t\t<div class=\"elementor-element elementor-element-97995f7 elementor-widget elementor-widget-heading\" data-id=\"97995f7\" data-element_type=\"widget\" data-e-type=\"widget\" data-widget_type=\"heading.default\">\n\t\t\t\t<div class=\"elementor-widget-container\">\n\t\t\t\t\t<h3 class=\"elementor-heading-title elementor-size-default\">Kalite Etiketi De\u011ferlendirmeKriterleri<\/h3>\t\t\t\t<\/div>\n\t\t\t\t<\/div>\n\t\t\t\t<div class=\"elementor-element elementor-element-e5bc3a5 elementor-widget-divider--view-line elementor-widget elementor-widget-divider\" data-id=\"e5bc3a5\" data-element_type=\"widget\" data-e-type=\"widget\" data-widget_type=\"divider.default\">\n\t\t\t\t<div class=\"elementor-widget-container\">\n\t\t\t\t\t\t\t<div class=\"elementor-divider\">\n\t\t\t<span class=\"elementor-divider-separator\">\n\t\t\t\t\t\t<\/span>\n\t\t<\/div>\n\t\t\t\t\t\t<\/div>\n\t\t\t\t<\/div>\n\t\t\t\t<div class=\"elementor-element elementor-element-000358e elementor-widget elementor-widget-text-editor\" data-id=\"000358e\" data-element_type=\"widget\" data-e-type=\"widget\" data-widget_type=\"text-editor.default\">\n\t\t\t\t<div class=\"elementor-widget-container\">\n\t\t\t\t\t\t\t\t\t<p>Yukar\u0131daki 5 ko\u015ful kar\u015f\u0131land\u0131\u011f\u0131 s\u00fcrece, projeler a\u015fa\u011f\u0131dakiler temelinde de\u011ferlendirilir:<\/p>\t\t\t\t\t\t\t\t<\/div>\n\t\t\t\t<\/div>\n\t\t\t\t<div class=\"elementor-element elementor-element-743883a elementor-widget elementor-widget-accordion\" data-id=\"743883a\" data-element_type=\"widget\" data-e-type=\"widget\" data-widget_type=\"accordion.default\">\n\t\t\t\t<div class=\"elementor-widget-container\">\n\t\t\t\t\t\t\t<div class=\"elementor-accordion\">\n\t\t\t\t\t\t\t<div class=\"elementor-accordion-item\">\n\t\t\t\t\t<div id=\"elementor-tab-title-1211\" class=\"elementor-tab-title\" data-tab=\"1\" role=\"button\" aria-controls=\"elementor-tab-content-1211\" aria-expanded=\"false\">\n\t\t\t\t\t\t\t\t\t\t\t\t\t<span class=\"elementor-accordion-icon elementor-accordion-icon-left\" aria-hidden=\"true\">\n\t\t\t\t\t\t\t\t\t\t\t\t\t\t\t<span class=\"elementor-accordion-icon-closed\"><i class=\"fas fa-plus\"><\/i><\/span>\n\t\t\t\t\t\t\t\t<span class=\"elementor-accordion-icon-opened\"><i class=\"fas fa-minus\"><\/i><\/span>\n\t\t\t\t\t\t\t\t\t\t\t\t\t\t<\/span>\n\t\t\t\t\t\t\t\t\t\t\t\t<a class=\"elementor-accordion-title\" tabindex=\"0\">Pedagojik Yenilik<\/a>\n\t\t\t\t\t<\/div>\n\t\t\t\t\t<div id=\"elementor-tab-content-1211\" class=\"elementor-tab-content elementor-clearfix\" data-tab=\"1\" role=\"region\" aria-labelledby=\"elementor-tab-title-1211\"><p><strong>Proje \u015fu a\u00e7\u0131lardan yenilik\u00e7i olmal\u0131d\u0131r :<\/strong><\/p><p>&#8211; proje materyaline yakla\u015f\u0131m<br \/>&#8211; Projeyi y\u00fcr\u00fctme yollar\u0131<br \/>&#8211; i\u0307\u015fbi\u0307rli\u0307\u011fi\u0307 y\u00f6ntemleri\u0307<br \/>&#8211; pedagoji\u0307k yakla\u015fim<br \/>&#8211; B\u0130T ve di\u011fer ileti\u015fim ara\u00e7lar\u0131n\u0131n kullan\u0131m\u0131<\/p><p>\u00d6\u011frencilerin itici g\u00fc\u00e7 oldu\u011fu projeler (\u00f6rne\u011fin ara\u015ft\u0131rma yapmak, proje faaliyetlerine karar vermek, geri bildirimde bulunmak ve bilgilerini kendi kendilerine de\u011ferlendirmek) daha y\u00fcksek not al\u0131r.<\/p><\/div>\n\t\t\t\t<\/div>\n\t\t\t\t\t\t\t<div class=\"elementor-accordion-item\">\n\t\t\t\t\t<div id=\"elementor-tab-title-1212\" class=\"elementor-tab-title\" data-tab=\"2\" role=\"button\" aria-controls=\"elementor-tab-content-1212\" aria-expanded=\"false\">\n\t\t\t\t\t\t\t\t\t\t\t\t\t<span class=\"elementor-accordion-icon elementor-accordion-icon-left\" aria-hidden=\"true\">\n\t\t\t\t\t\t\t\t\t\t\t\t\t\t\t<span class=\"elementor-accordion-icon-closed\"><i class=\"fas fa-plus\"><\/i><\/span>\n\t\t\t\t\t\t\t\t<span class=\"elementor-accordion-icon-opened\"><i class=\"fas fa-minus\"><\/i><\/span>\n\t\t\t\t\t\t\t\t\t\t\t\t\t\t<\/span>\n\t\t\t\t\t\t\t\t\t\t\t\t<a class=\"elementor-accordion-title\" tabindex=\"0\">M\u00fcfredata entegrasyon<\/a>\n\t\t\t\t\t<\/div>\n\t\t\t\t\t<div id=\"elementor-tab-content-1212\" class=\"elementor-tab-content elementor-clearfix\" data-tab=\"2\" role=\"region\" aria-labelledby=\"elementor-tab-title-1212\"><p>Ulusal Kalite Etiketi, Merkezi Destek Servisi (CSS) taraf\u0131ndan belirlenen bir dizi kriteri kar\u015f\u0131layarak y\u00fcksek kalite seviyesine ula\u015fan eTwinning projelerine verilir.<\/p><p>Ba\u015fvuru \u00e7evrimi\u00e7i olarak yap\u0131l\u0131r ve bir genelgeyi takiben her y\u0131l Ekim ay\u0131nda Hayat Boyu \u00d6\u011frenme Enstit\u00fcs\u00fc (CY NNO) taraf\u0131ndan de\u011ferlendirilir. Ba\u015fvuru kabul edildi\u011finde veya reddedildi\u011finde \u00f6\u011fretmene bir e-posta bildirimi g\u00f6nderilir.<\/p><\/div>\n\t\t\t\t<\/div>\n\t\t\t\t\t\t\t<div class=\"elementor-accordion-item\">\n\t\t\t\t\t<div id=\"elementor-tab-title-1213\" class=\"elementor-tab-title\" data-tab=\"3\" role=\"button\" aria-controls=\"elementor-tab-content-1213\" aria-expanded=\"false\">\n\t\t\t\t\t\t\t\t\t\t\t\t\t<span class=\"elementor-accordion-icon elementor-accordion-icon-left\" aria-hidden=\"true\">\n\t\t\t\t\t\t\t\t\t\t\t\t\t\t\t<span class=\"elementor-accordion-icon-closed\"><i class=\"fas fa-plus\"><\/i><\/span>\n\t\t\t\t\t\t\t\t<span class=\"elementor-accordion-icon-opened\"><i class=\"fas fa-minus\"><\/i><\/span>\n\t\t\t\t\t\t\t\t\t\t\t\t\t\t<\/span>\n\t\t\t\t\t\t\t\t\t\t\t\t<a class=\"elementor-accordion-title\" tabindex=\"0\">Ortak okullar aras\u0131nda ileti\u015fim ve de\u011fi\u015fim<\/a>\n\t\t\t\t\t<\/div>\n\t\t\t\t\t<div id=\"elementor-tab-content-1213\" class=\"elementor-tab-content elementor-clearfix\" data-tab=\"3\" role=\"region\" aria-labelledby=\"elementor-tab-title-1213\"><p>Projede, \u00f6\u011fretmenler aras\u0131nda, \u00f6\u011frenciler aras\u0131nda ve \u00e7al\u0131\u015fma gruplar\u0131 aras\u0131nda ileti\u015fim ve bilgi al\u0131\u015fveri\u015fi belirgin olmal\u0131d\u0131r. \u0130ster bireysel faaliyetler ister k\u00fc\u00e7\u00fck grup \u00e7al\u0131\u015fmalar\u0131 olsun, bu kriter proje konular\u0131nda okullar aras\u0131nda geli\u015ftirilen ileti\u015fimin kalitesine bakar.<\/p><p>\u00d6\u011fretmenler, g\u00f6r\u00fc\u015f al\u0131\u015fveri\u015fi i\u00e7in forumlar\u0131, d\u00fczenlenen telekonferanslar\u0131n foto\u011fraflar\u0131n\u0131\/videolar\u0131n\u0131, proje hakk\u0131nda karar vermek i\u00e7in oylama yapma veya anket doldurma f\u0131rsat\u0131na sahiptir<\/p><\/div>\n\t\t\t\t<\/div>\n\t\t\t\t\t\t\t<div class=\"elementor-accordion-item\">\n\t\t\t\t\t<div id=\"elementor-tab-title-1214\" class=\"elementor-tab-title\" data-tab=\"4\" role=\"button\" aria-controls=\"elementor-tab-content-1214\" aria-expanded=\"false\">\n\t\t\t\t\t\t\t\t\t\t\t\t\t<span class=\"elementor-accordion-icon elementor-accordion-icon-left\" aria-hidden=\"true\">\n\t\t\t\t\t\t\t\t\t\t\t\t\t\t\t<span class=\"elementor-accordion-icon-closed\"><i class=\"fas fa-plus\"><\/i><\/span>\n\t\t\t\t\t\t\t\t<span class=\"elementor-accordion-icon-opened\"><i class=\"fas fa-minus\"><\/i><\/span>\n\t\t\t\t\t\t\t\t\t\t\t\t\t\t<\/span>\n\t\t\t\t\t\t\t\t\t\t\t\t<a class=\"elementor-accordion-title\" tabindex=\"0\">Ortak okullar aras\u0131nda i\u015fbirli\u011fi<\/a>\n\t\t\t\t\t<\/div>\n\t\t\t\t\t<div id=\"elementor-tab-content-1214\" class=\"elementor-tab-content elementor-clearfix\" data-tab=\"4\" role=\"region\" aria-labelledby=\"elementor-tab-title-1214\"><p>Proje faaliyetleri, ortaklarla ileti\u015fim ve basit malzeme al\u0131\u015fveri\u015finin \u00f6tesine ge\u00e7melidir. Ortak sonu\u00e7lar \u00fcretmek i\u00e7in ortaklar ve i\u015fbirlik\u00e7iler aras\u0131ndaki i\u015f b\u00f6l\u00fcm\u00fcn\u00fc a\u00e7\u0131k\u00e7a belirten, \u00e7al\u0131\u015fma s\u00fcrecinin net bir tan\u0131m\u0131n\u0131n yap\u0131lmas\u0131 \u00f6nemlidir. Projenin nihai \u00fcr\u00fcnlerinin \u00f6\u011frenciler taraf\u0131ndan nas\u0131l uygulanaca\u011f\u0131 a\u00e7\u0131k olmal\u0131d\u0131r.<\/p><p>\u00d6\u011frencilerin di\u011fer \u00fclkelerden \u00f6\u011frencilerle karma ekipler halinde \u00e7al\u0131\u015ft\u0131klar\u0131 projeler ve i\u015fbirliklerinin ortak nihai \u00fcr\u00fcnlerini \u00fcreten projeler (\u00f6rne\u011fin, ortak hikayeler\/masallar\/dergiler\/gazeteler\/karikat\u00fcrler\/videolar\/\u015fiirler\/paneller vb) daha y\u00fcksek not alacakt\u0131r.<\/p><\/div>\n\t\t\t\t<\/div>\n\t\t\t\t\t\t\t<div class=\"elementor-accordion-item\">\n\t\t\t\t\t<div id=\"elementor-tab-title-1215\" class=\"elementor-tab-title\" data-tab=\"5\" role=\"button\" aria-controls=\"elementor-tab-content-1215\" aria-expanded=\"false\">\n\t\t\t\t\t\t\t\t\t\t\t\t\t<span class=\"elementor-accordion-icon elementor-accordion-icon-left\" aria-hidden=\"true\">\n\t\t\t\t\t\t\t\t\t\t\t\t\t\t\t<span class=\"elementor-accordion-icon-closed\"><i class=\"fas fa-plus\"><\/i><\/span>\n\t\t\t\t\t\t\t\t<span class=\"elementor-accordion-icon-opened\"><i class=\"fas fa-minus\"><\/i><\/span>\n\t\t\t\t\t\t\t\t\t\t\t\t\t\t<\/span>\n\t\t\t\t\t\t\t\t\t\t\t\t<a class=\"elementor-accordion-title\" tabindex=\"0\">Teknoloji kullan\u0131m\u0131<\/a>\n\t\t\t\t\t<\/div>\n\t\t\t\t\t<div id=\"elementor-tab-content-1215\" class=\"elementor-tab-content elementor-clearfix\" data-tab=\"5\" role=\"region\" aria-labelledby=\"elementor-tab-title-1215\"><p>Bu kriter sadece kullan\u0131lan ara\u00e7lar\u0131n \u00e7e\u015fitlili\u011fini de\u011fil, teknolojinin \u00f6ncelikle \u00f6\u011frenciler ve ikincil olarak ortaklar taraf\u0131ndan projeyi y\u00fcr\u00fctmek, ileti\u015fimi ve i\u015fbirli\u011fini geli\u015ftirmek ve kursun istenen pedagojik hedeflerine ula\u015fmak i\u00e7in nas\u0131l kullan\u0131ld\u0131\u011f\u0131n\u0131 da dikkate almaktad\u0131r.<\/p><\/div>\n\t\t\t\t<\/div>\n\t\t\t\t\t\t\t<div class=\"elementor-accordion-item\">\n\t\t\t\t\t<div id=\"elementor-tab-title-1216\" class=\"elementor-tab-title\" data-tab=\"6\" role=\"button\" aria-controls=\"elementor-tab-content-1216\" aria-expanded=\"false\">\n\t\t\t\t\t\t\t\t\t\t\t\t\t<span class=\"elementor-accordion-icon elementor-accordion-icon-left\" aria-hidden=\"true\">\n\t\t\t\t\t\t\t\t\t\t\t\t\t\t\t<span class=\"elementor-accordion-icon-closed\"><i class=\"fas fa-plus\"><\/i><\/span>\n\t\t\t\t\t\t\t\t<span class=\"elementor-accordion-icon-opened\"><i class=\"fas fa-minus\"><\/i><\/span>\n\t\t\t\t\t\t\t\t\t\t\t\t\t\t<\/span>\n\t\t\t\t\t\t\t\t\t\t\t\t<a class=\"elementor-accordion-title\" tabindex=\"0\">Sonu\u00e7lar, etki ve dok\u00fcmantasyon<\/a>\n\t\t\t\t\t<\/div>\n\t\t\t\t\t<div id=\"elementor-tab-content-1216\" class=\"elementor-tab-content elementor-clearfix\" data-tab=\"6\" role=\"region\" aria-labelledby=\"elementor-tab-title-1216\"><p>Bu kriter, ortakl\u0131\u011f\u0131n g\u00f6r\u00fcn\u00fcr sonu\u00e7lar\u0131n\u0131 ve bunlar\u0131n \u00e7evrimi\u00e7i olarak nas\u0131l sunuldu\u011funun yan\u0131 s\u0131ra projenin \u00f6\u011fretmenler, \u00f6\u011frenciler, okul ve daha geni\u015f yerel topluluk \u00fczerindeki etkisini de dikkate almaktad\u0131r.<\/p><\/div>\n\t\t\t\t<\/div>\n\t\t\t\t\t\t\t\t<\/div>\n\t\t\t\t\t\t<\/div>\n\t\t\t\t<\/div>\n\t\t\t\t<div class=\"elementor-element elementor-element-dda8c95 elementor-widget elementor-widget-text-editor\" data-id=\"dda8c95\" data-element_type=\"widget\" data-e-type=\"widget\" data-widget_type=\"text-editor.default\">\n\t\t\t\t<div class=\"elementor-widget-container\">\n\t\t\t\t\t\t\t\t\t<p><em>Projenin<\/em> <em>daha iyi<\/em> <em>yayg\u0131nla\u015ft\u0131r\u0131lmas\u0131<\/em> <em>i\u00e7in<\/em> <strong><em>Twinspace<\/em><\/strong> &#8216; <em>te<\/em> <em>listelenen<\/em> <em>faaliyetlerin<\/em> <em>m\u00fcmk\u00fcn oldu\u011funca<\/em> &#8216; <em>\u00d6zel&#8217; (<strong>Herkese<\/strong><\/em><strong> <em>a\u00e7\u0131k sayfalar<\/em><\/strong><em>)<\/em> <em>yerine<\/em> &#8216; <em>Herkese<\/em> <em>a\u00e7\u0131k<\/em> &#8216; <em>olmas\u0131n\u0131 tavsiye ediyoruz.<\/em><\/p>\t\t\t\t\t\t\t\t<\/div>\n\t\t\t\t<\/div>\n\t\t\t\t\t<\/div>\n\t\t<\/div>\n\t\t\t\t\t<\/div>\n\t\t<\/section>\n\t\t\t\t<\/div>\n\t\t","protected":false},"excerpt":{"rendered":"<p>Bir okulun eTwinning faaliyetlerinin kalitesi, Ulusal ve Avrupa Kalite Etiketleri taraf\u0131ndan tan\u0131n\u0131r. Kalite Etiketleri, \u00f6\u011fretmenler, \u00f6\u011frenciler ve okullar\u0131 i\u00e7in faaliyetlerinin y\u00fcksek standard\u0131n\u0131n somut olarak tan\u0131nmas\u0131d\u0131r. \u00d6\u011frenciler i\u00e7in \u00e7abalar\u0131na bir destek ve genel olarak okul i\u00e7in de bir Avrupa ortakl\u0131\u011f\u0131nda kalitenin kamu taraf\u0131ndan tan\u0131nmas\u0131 anlam\u0131na gelmektedir. Ulusal Kalite Etiketi Ulusal Kalite Etiketi, Merkezi Destek Servisi (CSS) [&hellip;]<\/p>\n","protected":false},"author":1,"featured_media":0,"parent":6272,"menu_order":41,"comment_status":"closed","ping_status":"closed","template":"","meta":{"footnotes":""},"class_list":["post-6278","page","type-page","status-publish","hentry"],"_links":{"self":[{"href":"https:\/\/etwinning.idep.org.cy\/tr\/wp-json\/wp\/v2\/pages\/6278","targetHints":{"allow":["GET"]}}],"collection":[{"href":"https:\/\/etwinning.idep.org.cy\/tr\/wp-json\/wp\/v2\/pages"}],"about":[{"href":"https:\/\/etwinning.idep.org.cy\/tr\/wp-json\/wp\/v2\/types\/page"}],"author":[{"embeddable":true,"href":"https:\/\/etwinning.idep.org.cy\/tr\/wp-json\/wp\/v2\/users\/1"}],"replies":[{"embeddable":true,"href":"https:\/\/etwinning.idep.org.cy\/tr\/wp-json\/wp\/v2\/comments?post=6278"}],"version-history":[{"count":5,"href":"https:\/\/etwinning.idep.org.cy\/tr\/wp-json\/wp\/v2\/pages\/6278\/revisions"}],"predecessor-version":[{"id":6581,"href":"https:\/\/etwinning.idep.org.cy\/tr\/wp-json\/wp\/v2\/pages\/6278\/revisions\/6581"}],"up":[{"embeddable":true,"href":"https:\/\/etwinning.idep.org.cy\/tr\/wp-json\/wp\/v2\/pages\/6272"}],"wp:attachment":[{"href":"https:\/\/etwinning.idep.org.cy\/tr\/wp-json\/wp\/v2\/media?parent=6278"}],"curies":[{"name":"wp","href":"https:\/\/api.w.org\/{rel}","templated":true}]}}