{"id":6280,"date":"2023-06-27T11:45:57","date_gmt":"2023-06-27T08:45:57","guid":{"rendered":"https:\/\/etwinning.idep.org.cy\/?page_id=6280"},"modified":"2024-12-19T14:54:25","modified_gmt":"2024-12-19T12:54:25","slug":"eyropaika-ergastiria","status":"publish","type":"page","link":"https:\/\/etwinning.idep.org.cy\/tr\/epangelmatiki-katartisi\/eyropaika-ergastiria\/","title":{"rendered":"Avrupa \u00c7al\u0131\u015fma At\u00f6lyeleri"},"content":{"rendered":"\t\t<div data-elementor-type=\"wp-page\" data-elementor-id=\"6280\" class=\"elementor elementor-6280 elementor-34\">\n\t\t\t\t\t\t<section class=\"elementor-section elementor-top-section elementor-element elementor-element-34fa403 ot-traditional elementor-section-boxed elementor-section-height-default elementor-section-height-default\" data-id=\"34fa403\" data-element_type=\"section\" data-e-type=\"section\">\n\t\t\t\t\t\t<div class=\"elementor-container elementor-column-gap-default\">\n\t\t\t\t\t<div class=\"elementor-column elementor-col-100 elementor-top-column elementor-element elementor-element-2e803b3 ot-flex-column-vertical\" data-id=\"2e803b3\" data-element_type=\"column\" data-e-type=\"column\">\n\t\t\t<div class=\"elementor-widget-wrap elementor-element-populated\">\n\t\t\t\t\t\t<div class=\"elementor-element elementor-element-1a5358b elementor-widget elementor-widget-heading\" data-id=\"1a5358b\" data-element_type=\"widget\" data-e-type=\"widget\" data-widget_type=\"heading.default\">\n\t\t\t\t<div class=\"elementor-widget-container\">\n\t\t\t\t\t<h3 class=\"elementor-heading-title elementor-size-default\">Avrupa eTwinning At\u00f6yle \u00c7al\u0131\u015fmalar\u0131<\/h3>\t\t\t\t<\/div>\n\t\t\t\t<\/div>\n\t\t\t\t<div class=\"elementor-element elementor-element-d1f79dc elementor-widget-divider--view-line elementor-widget elementor-widget-divider\" data-id=\"d1f79dc\" data-element_type=\"widget\" data-e-type=\"widget\" data-widget_type=\"divider.default\">\n\t\t\t\t<div class=\"elementor-widget-container\">\n\t\t\t\t\t\t\t<div class=\"elementor-divider\">\n\t\t\t<span class=\"elementor-divider-separator\">\n\t\t\t\t\t\t<\/span>\n\t\t<\/div>\n\t\t\t\t\t\t<\/div>\n\t\t\t\t<\/div>\n\t\t\t\t<div class=\"elementor-element elementor-element-13381b0 elementor-widget elementor-widget-text-editor\" data-id=\"13381b0\" data-element_type=\"widget\" data-e-type=\"widget\" data-widget_type=\"text-editor.default\">\n\t\t\t\t<div class=\"elementor-widget-container\">\n\t\t\t\t\t\t\t\t\t<p>Avrupa eTwinning At\u00f6lye \u00c7al\u0131\u015fmalar\u0131, Ulusal Destek Hizmetleri (NSO&#8217;lar) ve Merkezi Destek Servisi (CSS) taraf\u0131ndan belirli disiplinler, temalar veya ya\u015f gruplar\u0131na g\u00f6re d\u00fczenlenir. At\u00f6lyelerin temel amac\u0131, \u00f6\u011fretmenlere B\u0130T, eTwinning i\u015fbirlik\u00e7i \u00f6\u011frenme ve di\u011fer konularda mesleki e\u011fitim ve ileri e\u011fitim sa\u011flamakt\u0131r.<\/p><p>Avrupa At\u00f6lyelerine kat\u0131l\u0131m i\u00e7in Ulusal Ajans, eTwinning deneyimi olan ancak yurtd\u0131\u015f\u0131nda bir eTwinning faaliyetine kat\u0131lmam\u0131\u015f <strong>ve\/veya yurtd\u0131\u015f\u0131nda Erasmus+ program\u0131 kapsam\u0131nda bir \u0130leti\u015fim Kursuna (TCA) kat\u0131lmak i\u00e7in hibe almam\u0131\u015f ki\u015filere \u00f6ncelik verir.<\/strong><\/p><p><strong>eTwinning \u0130leti\u015fim Seminerleri<\/strong><strong>.<\/strong><\/p>\t\t\t\t\t\t\t\t<\/div>\n\t\t\t\t<\/div>\n\t\t\t\t\t<\/div>\n\t\t<\/div>\n\t\t\t\t\t<\/div>\n\t\t<\/section>\n\t\t\t\t<section class=\"elementor-section elementor-top-section elementor-element elementor-element-26277a8 ot-traditional elementor-section-boxed elementor-section-height-default elementor-section-height-default\" data-id=\"26277a8\" data-element_type=\"section\" data-e-type=\"section\">\n\t\t\t\t\t\t<div class=\"elementor-container elementor-column-gap-default\">\n\t\t\t\t\t<div class=\"elementor-column elementor-col-100 elementor-top-column elementor-element elementor-element-59d4ff9 ot-flex-column-vertical\" data-id=\"59d4ff9\" data-element_type=\"column\" data-e-type=\"column\">\n\t\t\t<div class=\"elementor-widget-wrap elementor-element-populated\">\n\t\t\t\t\t\t<div class=\"elementor-element elementor-element-cca2836 elementor-widget elementor-widget-heading\" data-id=\"cca2836\" data-element_type=\"widget\" data-e-type=\"widget\" data-widget_type=\"heading.default\">\n\t\t\t\t<div class=\"elementor-widget-container\">\n\t\t\t\t\t<h3 class=\"elementor-heading-title elementor-size-default\">eTwinning \u0130leti\u015fim Seminerleri<\/h3>\t\t\t\t<\/div>\n\t\t\t\t<\/div>\n\t\t\t\t<div class=\"elementor-element elementor-element-2c62297 elementor-widget-divider--view-line elementor-widget elementor-widget-divider\" data-id=\"2c62297\" data-element_type=\"widget\" data-e-type=\"widget\" data-widget_type=\"divider.default\">\n\t\t\t\t<div class=\"elementor-widget-container\">\n\t\t\t\t\t\t\t<div class=\"elementor-divider\">\n\t\t\t<span class=\"elementor-divider-separator\">\n\t\t\t\t\t\t<\/span>\n\t\t<\/div>\n\t\t\t\t\t\t<\/div>\n\t\t\t\t<\/div>\n\t\t\t\t<div class=\"elementor-element elementor-element-ffeea63 elementor-widget elementor-widget-text-editor\" data-id=\"ffeea63\" data-element_type=\"widget\" data-e-type=\"widget\" data-widget_type=\"text-editor.default\">\n\t\t\t\t<div class=\"elementor-widget-container\">\n\t\t\t\t\t\t\t\t\t<p>Ulusal Ajanslar, eyleme kat\u0131lan \u00f6\u011fretmenlere m\u00fcmk\u00fcn oldu\u011funca \u00e7ok mesleki geli\u015fim f\u0131rsat\u0131 sa\u011flamak amac\u0131yla, ortaklar bulmak i\u00e7in \u0130leti\u015fim Seminerleri d\u00fczenlemektedir. Bu seminerler, \u00f6\u011fretmenlere eTwinning ve di\u011fer ara\u00e7lar konusunda e\u011fitim alma, ortak bir projenin nas\u0131l organize edilece\u011fini \u00f6\u011frenme ve en \u00f6nemlisi di\u011fer \u00fclkelerden meslekta\u015flar\u0131yla tan\u0131\u015fma ve ortakl\u0131klar kurma f\u0131rsat\u0131 verir.<\/p><p>Temas Seminerlerine kat\u0131l\u0131m i\u00e7in Ulusal Ajans, eTwinning&#8217;e yeni ba\u015flayan ve daha \u00f6nce yurtd\u0131\u015f\u0131nda bir eTwinning faaliyetine kat\u0131lmam\u0131\u015f <strong>ve\/veya yurtd\u0131\u015f\u0131nda Erasmus+ Program\u0131 kapsam\u0131nda bir Temas Seminerine (TCA) kat\u0131lmak i\u00e7in hibe almam\u0131\u015f ki\u015filere \u00f6ncelik verir.<\/strong><\/p><p><strong>Avrupa \u00c7al\u0131\u015fma At\u00f6lyeleleri \/Seminerleri <a href=\"https:\/\/etwinning.idep.org.cy\/wp-content\/uploads\/2024\/10\/1st-Call_eT_PDWs_Seminars_2024-1.pdf\" target=\"_blank\" rel=\"noopener\">2024<\/a><\/strong><\/p><p><a href=\"https:\/\/docs.google.com\/forms\/d\/e\/1FAIpQLSfQ0Bk7fuYlSPpfao9veMcUUEzmPKIshcxGfFI_FHaB88Jh8g\/viewform\"><strong>Kay\u0131t Formlar\u0131<\/strong><\/a><\/p>\t\t\t\t\t\t\t\t<\/div>\n\t\t\t\t<\/div>\n\t\t\t\t\t<\/div>\n\t\t<\/div>\n\t\t\t\t\t<\/div>\n\t\t<\/section>\n\t\t\t\t<section class=\"elementor-section elementor-top-section elementor-element elementor-element-a07bbd5 ot-traditional elementor-section-boxed elementor-section-height-default elementor-section-height-default\" data-id=\"a07bbd5\" data-element_type=\"section\" data-e-type=\"section\">\n\t\t\t\t\t\t<div class=\"elementor-container elementor-column-gap-default\">\n\t\t\t\t\t<div class=\"elementor-column elementor-col-100 elementor-top-column elementor-element elementor-element-13af0a8 ot-flex-column-vertical\" data-id=\"13af0a8\" data-element_type=\"column\" data-e-type=\"column\">\n\t\t\t<div class=\"elementor-widget-wrap elementor-element-populated\">\n\t\t\t\t\t\t<div class=\"elementor-element elementor-element-7188c18 elementor-widget elementor-widget-heading\" data-id=\"7188c18\" data-element_type=\"widget\" data-e-type=\"widget\" data-widget_type=\"heading.default\">\n\t\t\t\t<div class=\"elementor-widget-container\">\n\t\t\t\t\t<h3 class=\"elementor-heading-title elementor-size-default\">\u0392a\u015fvurular\u0131n sunulmas\u0131<\/h3>\t\t\t\t<\/div>\n\t\t\t\t<\/div>\n\t\t\t\t<div class=\"elementor-element elementor-element-f1952d2 elementor-widget-divider--view-line elementor-widget elementor-widget-divider\" data-id=\"f1952d2\" data-element_type=\"widget\" data-e-type=\"widget\" data-widget_type=\"divider.default\">\n\t\t\t\t<div class=\"elementor-widget-container\">\n\t\t\t\t\t\t\t<div class=\"elementor-divider\">\n\t\t\t<span class=\"elementor-divider-separator\">\n\t\t\t\t\t\t<\/span>\n\t\t<\/div>\n\t\t\t\t\t\t<\/div>\n\t\t\t\t<\/div>\n\t\t\t\t<div class=\"elementor-element elementor-element-7aced5f elementor-widget elementor-widget-text-editor\" data-id=\"7aced5f\" data-element_type=\"widget\" data-e-type=\"widget\" data-widget_type=\"text-editor.default\">\n\t\t\t\t<div class=\"elementor-widget-container\">\n\t\t\t\t\t\t\t\t\t<p>Ba\u015fvurular, Hayat Boyu \u00d6\u011frenme Vakf\u0131 taraf\u0131ndan yap\u0131lan daveti takiben \u00e7evrimi\u00e7i olarak yap\u0131labilir. Okul y\u0131l\u0131 boyunca genellikle iki \u00e7a\u011fr\u0131 yap\u0131lmaktad\u0131r (Eyl\u00fcl \u00c7a\u011fr\u0131s\u0131 ve Ocak \u00c7a\u011fr\u0131s\u0131).<\/p><p><strong>\u00a0<\/strong><\/p><p><strong>Adaylar i\u00e7in se\u00e7im kriterleri<\/strong><\/p><ol><li><strong> Ba\u015fvuru sahipleri eTwinning platformuna kay\u0131tlar\u0131n\u0131 tamamlam\u0131\u015f olmal\u0131d\u0131r: <\/strong><a href=\"https:\/\/school-education.ec.europa.eu\/en\"><strong>https:\/\/school-education.ec.europa.eu\/en<\/strong><\/a><\/li><li><strong> Ba\u015fvuru sahipleri, Avrupa <\/strong><strong>\u0391<\/strong><strong>t\u00f6lyesi<\/strong><strong>&#8216;n\u0131n hedefledi\u011fi e\u011fitim d\u00fczeyinde ve belirli bir konu alan\u0131nda \u00f6\u011fretmenlik yap\u0131yor olmal\u0131d\u0131r (ge\u00e7erli oldu\u011fu durumlarda).<\/strong><\/li><li><strong> Avrupa At\u00f6ylesi&#8217;n\u0131n ger\u00e7ekle\u015ftirilece\u011fi dili \u00e7ok iyi bilmek.<\/strong><\/li><li><strong> \u00c7ok iyi derecede Word, Excel, PowerPoint ve \u0130nternet uygulamalar\u0131 (bilgi arama, e-posta) bilgisi.<\/strong><\/li><li><strong> Daha \u00f6nce yurtd\u0131\u015f\u0131nda bir eTwinning faaliyetine kat\u0131lmak veya yurtd\u0131\u015f\u0131nda TCAs \u0130leti\u015fim Seminerlerine kat\u0131lmak i\u00e7in hibe almam\u0131\u015f ki\u015filere \u00f6ncelik verilecektir.<\/strong><\/li><li><strong> Daha \u00f6nce eTwinning Faaliyetine kat\u0131lmam\u0131\u015f okullara \u00f6ncelik verilir.<\/strong><\/li><li><strong> Avrupa At\u00f6lyeleri i\u00e7in, bir eTwinning projesine kat\u0131lm\u0131\u015f veya kat\u0131lmakta olan \u00f6\u011fretmenlere \u00f6ncelik verilir.<\/strong><\/li><li><strong> \u0130leti\u015fim Seminerleri i\u00e7in, ba\u015fvuru s\u0131ras\u0131nda bir eTwinning projesinde yer almam\u0131\u015f veya yer almayan \u00f6\u011fretmenlere \u00f6ncelik verilecektir.<\/strong><\/li><li><strong> Her \u00e7a\u011fr\u0131da t\u00fcm illerin\/kademelerin dengeli bir \u015fekilde temsil edilmesi i\u00e7in ba\u015fvuru sahiplerinin \u00e7al\u0131\u015ft\u0131klar\u0131 il\/kademe dikkate al\u0131nacakt\u0131r.<\/strong><\/li><\/ol>\t\t\t\t\t\t\t\t<\/div>\n\t\t\t\t<\/div>\n\t\t\t\t\t<\/div>\n\t\t<\/div>\n\t\t\t\t\t<\/div>\n\t\t<\/section>\n\t\t\t\t<section class=\"elementor-section elementor-top-section elementor-element elementor-element-06bef41 ot-traditional elementor-section-boxed elementor-section-height-default elementor-section-height-default\" data-id=\"06bef41\" data-element_type=\"section\" data-e-type=\"section\">\n\t\t\t\t\t\t<div class=\"elementor-container elementor-column-gap-default\">\n\t\t\t\t\t<div class=\"elementor-column elementor-col-100 elementor-top-column elementor-element elementor-element-e67a092 ot-flex-column-vertical\" data-id=\"e67a092\" data-element_type=\"column\" data-e-type=\"column\">\n\t\t\t<div class=\"elementor-widget-wrap elementor-element-populated\">\n\t\t\t\t\t\t<div class=\"elementor-element elementor-element-ea9bb61 elementor-widget elementor-widget-heading\" data-id=\"ea9bb61\" data-element_type=\"widget\" data-e-type=\"widget\" data-widget_type=\"heading.default\">\n\t\t\t\t<div class=\"elementor-widget-container\">\n\t\t\t\t\t<h3 class=\"elementor-heading-title elementor-size-default\">Hibe<\/h3>\t\t\t\t<\/div>\n\t\t\t\t<\/div>\n\t\t\t\t<div class=\"elementor-element elementor-element-4835fc8 elementor-widget-divider--view-line elementor-widget elementor-widget-divider\" data-id=\"4835fc8\" data-element_type=\"widget\" data-e-type=\"widget\" data-widget_type=\"divider.default\">\n\t\t\t\t<div class=\"elementor-widget-container\">\n\t\t\t\t\t\t\t<div class=\"elementor-divider\">\n\t\t\t<span class=\"elementor-divider-separator\">\n\t\t\t\t\t\t<\/span>\n\t\t<\/div>\n\t\t\t\t\t\t<\/div>\n\t\t\t\t<\/div>\n\t\t\t\t<div class=\"elementor-element elementor-element-c3612cc elementor-widget elementor-widget-text-editor\" data-id=\"c3612cc\" data-element_type=\"widget\" data-e-type=\"widget\" data-widget_type=\"text-editor.default\">\n\t\t\t\t<div class=\"elementor-widget-container\">\n\t\t\t\t\t\t\t\t\t<p><strong>Hibe \u015funlar\u0131 kapsamaktad\u0131r:<\/strong><\/p><p>Hayat Boyu \u00d6\u011frenme Vakf\u0131 taraf\u0131ndan do\u011frudan organizat\u00f6rlere \u00f6denen At\u00f6lye kat\u0131l\u0131m \u00fccretleri. Kat\u0131l\u0131m \u00fccretlerine, e\u011fitim faaliyetinin ger\u00e7ekle\u015fti\u011fi g\u00fcnler i\u00e7in konaklama ve yemek masraflar\u0131 dahildir.<\/p><p>Ba\u015fvuru sahibinin at\u00f6lye mekan\u0131na bir g\u00fcn \u00f6nce veya sonra gitmesi veya d\u00f6nmesi gerekti\u011fi takdirde fazladan bir g\u00fcn i\u00e7in harc\u0131rah \u00f6denir.<\/p>\t\t\t\t\t\t\t\t<\/div>\n\t\t\t\t<\/div>\n\t\t\t\t<div class=\"elementor-element elementor-element-14fda65 elementor-alert-info elementor-widget elementor-widget-alert\" data-id=\"14fda65\" data-element_type=\"widget\" data-e-type=\"widget\" data-widget_type=\"alert.default\">\n\t\t\t\t<div class=\"elementor-widget-container\">\n\t\t\t\t\t\t\t<div class=\"elementor-alert\" role=\"alert\">\n\n\t\t\t\t\t\t<span class=\"elementor-alert-title\"><a style=\"color:grey\" href=\"https:\/\/etwinning.idep.org.cy\/wp-content\/uploads\/2024\/11\/MaxAmountTravelCostsPDW-1-4-new.pdf\"> Ya\u015fam giderleri i\u00e7in ki\u015fi ba\u015f\u0131na maksimum s\u00fcbvansiyon miktar\u0131n\u0131 g\u00f6steren tablo<\/a><\/span>\n\t\t\t\n\t\t\t\n\t\t\t\n\t\t<\/div>\n\t\t\t\t\t\t<\/div>\n\t\t\t\t<\/div>\n\t\t\t\t<div class=\"elementor-element elementor-element-e276623 elementor-widget elementor-widget-text-editor\" data-id=\"e276623\" data-element_type=\"widget\" data-e-type=\"widget\" data-widget_type=\"text-editor.default\">\n\t\t\t\t<div class=\"elementor-widget-container\">\n\t\t\t\t\t\t\t\t\t<p><strong>Seyahat masraflar\u0131<\/strong><\/p><p>Bu masraf kategorisi hem u\u00e7ak bileti sat\u0131n alma masraflar\u0131n\u0131 hem de K\u0131br\u0131s&#8217;taki ve var\u0131\u015f \u00fclkesindeki havaalanlar\u0131na gidi\u015f ve d\u00f6n\u00fc\u015f seyahat masraflar\u0131n\u0131 i\u00e7erir.<\/p><p>Seyahat masraflar\u0131, g\u00f6nderen kurulu\u015fun \u015fehrinden seminerin\/\u00e7al\u0131\u015ftay\u0131n ger\u00e7ekle\u015ftirilece\u011fi \u015fehre olan kilometre mesafesine g\u00f6re hesaplan\u0131r.<\/p><p>Mesafe, AB <a href=\"https:\/\/erasmus-plus.ec.europa.eu\/resources-and-tools\/distance-calculator\">Mesafe Hesaplama<\/a> arac\u0131 kullan\u0131larak hesaplan\u0131r.<\/p><p>Her bir kilometre mesafesi aral\u0131\u011f\u0131, a\u015fa\u011f\u0131daki tabloda g\u00f6sterildi\u011fi gibi belirli bir birim maliyete kar\u015f\u0131l\u0131k gelmektedir.<\/p>\t\t\t\t\t\t\t\t<\/div>\n\t\t\t\t<\/div>\n\t\t\t\t<div class=\"elementor-element elementor-element-f039875 elementor-alert-info elementor-widget elementor-widget-alert\" data-id=\"f039875\" data-element_type=\"widget\" data-e-type=\"widget\" data-widget_type=\"alert.default\">\n\t\t\t\t<div class=\"elementor-widget-container\">\n\t\t\t\t\t\t\t<div class=\"elementor-alert\" role=\"alert\">\n\n\t\t\t\t\t\t<span class=\"elementor-alert-title\"><a style=\"color:grey\" href=\"https:\/\/etwinning.idep.org.cy\/wp-content\/uploads\/2024\/11\/MaxAmountTravelCostsPDW-1-4-new.pdf\">\u00dclke ba\u015f\u0131na seyahat masraflar\u0131 i\u00e7in maksimum tutar\u0131 g\u00f6steren tablo<\/a><\/span>\n\t\t\t\n\t\t\t\n\t\t\t\n\t\t<\/div>\n\t\t\t\t\t\t<\/div>\n\t\t\t\t<\/div>\n\t\t\t\t\t<\/div>\n\t\t<\/div>\n\t\t\t\t\t<\/div>\n\t\t<\/section>\n\t\t\t\t<section class=\"elementor-section elementor-top-section elementor-element elementor-element-34c5807 ot-traditional elementor-section-boxed elementor-section-height-default elementor-section-height-default\" data-id=\"34c5807\" data-element_type=\"section\" data-e-type=\"section\">\n\t\t\t\t\t\t<div class=\"elementor-container elementor-column-gap-default\">\n\t\t\t\t\t<div class=\"elementor-column elementor-col-100 elementor-top-column elementor-element elementor-element-71e8bd1 ot-flex-column-vertical\" data-id=\"71e8bd1\" data-element_type=\"column\" data-e-type=\"column\">\n\t\t\t<div class=\"elementor-widget-wrap elementor-element-populated\">\n\t\t\t\t\t\t<div class=\"elementor-element elementor-element-8712198 elementor-widget elementor-widget-heading\" data-id=\"8712198\" data-element_type=\"widget\" data-e-type=\"widget\" data-widget_type=\"heading.default\">\n\t\t\t\t<div class=\"elementor-widget-container\">\n\t\t\t\t\t<h3 class=\"elementor-heading-title elementor-size-default\">Kat\u0131l\u0131m Formlar\u0131 <\/h3>\t\t\t\t<\/div>\n\t\t\t\t<\/div>\n\t\t\t\t<div class=\"elementor-element elementor-element-2df15fb elementor-widget-divider--view-line elementor-widget elementor-widget-divider\" data-id=\"2df15fb\" data-element_type=\"widget\" data-e-type=\"widget\" data-widget_type=\"divider.default\">\n\t\t\t\t<div class=\"elementor-widget-container\">\n\t\t\t\t\t\t\t<div class=\"elementor-divider\">\n\t\t\t<span class=\"elementor-divider-separator\">\n\t\t\t\t\t\t<\/span>\n\t\t<\/div>\n\t\t\t\t\t\t<\/div>\n\t\t\t\t<\/div>\n\t\t\t\t<div class=\"elementor-element elementor-element-eb34ac8 elementor-widget elementor-widget-text-editor\" data-id=\"eb34ac8\" data-element_type=\"widget\" data-e-type=\"widget\" data-widget_type=\"text-editor.default\">\n\t\t\t\t<div class=\"elementor-widget-container\">\n\t\t\t\t\t\t\t\t\t<strong>Davetiyeleri <\/strong>\t\t\t\t\t\t\t\t<\/div>\n\t\t\t\t<\/div>\n\t\t\t\t<div class=\"elementor-element elementor-element-3c75f22 elementor-widget elementor-widget-accordion\" data-id=\"3c75f22\" data-element_type=\"widget\" data-e-type=\"widget\" data-widget_type=\"accordion.default\">\n\t\t\t\t<div class=\"elementor-widget-container\">\n\t\t\t\t\t\t\t<div class=\"elementor-accordion\">\n\t\t\t\t\t\t\t<div class=\"elementor-accordion-item\">\n\t\t\t\t\t<div id=\"elementor-tab-title-6331\" class=\"elementor-tab-title\" data-tab=\"1\" role=\"button\" aria-controls=\"elementor-tab-content-6331\" aria-expanded=\"false\">\n\t\t\t\t\t\t\t\t\t\t\t\t\t<span class=\"elementor-accordion-icon elementor-accordion-icon-left\" aria-hidden=\"true\">\n\t\t\t\t\t\t\t\t\t\t\t\t\t\t\t<span class=\"elementor-accordion-icon-closed\"><i class=\"fas fa-plus\"><\/i><\/span>\n\t\t\t\t\t\t\t\t<span class=\"elementor-accordion-icon-opened\"><i class=\"fas fa-minus\"><\/i><\/span>\n\t\t\t\t\t\t\t\t\t\t\t\t\t\t<\/span>\n\t\t\t\t\t\t\t\t\t\t\t\t<a class=\"elementor-accordion-title\" tabindex=\"0\">2024 Davetiyeleri <\/a>\n\t\t\t\t\t<\/div>\n\t\t\t\t\t<div id=\"elementor-tab-content-6331\" class=\"elementor-tab-content elementor-clearfix\" data-tab=\"1\" role=\"region\" aria-labelledby=\"elementor-tab-title-6331\"><ul><li><a href=\"https:\/\/idep.org.cy\/forma-telikis-ekthesis\/\"><strong>Nihai Rapor Formu\u00a0<\/strong><\/a><\/li><\/ul><\/div>\n\t\t\t\t<\/div>\n\t\t\t\t\t\t\t<div class=\"elementor-accordion-item\">\n\t\t\t\t\t<div id=\"elementor-tab-title-6332\" class=\"elementor-tab-title\" data-tab=\"2\" role=\"button\" aria-controls=\"elementor-tab-content-6332\" aria-expanded=\"false\">\n\t\t\t\t\t\t\t\t\t\t\t\t\t<span class=\"elementor-accordion-icon elementor-accordion-icon-left\" aria-hidden=\"true\">\n\t\t\t\t\t\t\t\t\t\t\t\t\t\t\t<span class=\"elementor-accordion-icon-closed\"><i class=\"fas fa-plus\"><\/i><\/span>\n\t\t\t\t\t\t\t\t<span class=\"elementor-accordion-icon-opened\"><i class=\"fas fa-minus\"><\/i><\/span>\n\t\t\t\t\t\t\t\t\t\t\t\t\t\t<\/span>\n\t\t\t\t\t\t\t\t\t\t\t\t<a class=\"elementor-accordion-title\" tabindex=\"0\">2023 Davetiyeleri <\/a>\n\t\t\t\t\t<\/div>\n\t\t\t\t\t<div id=\"elementor-tab-content-6332\" class=\"elementor-tab-content elementor-clearfix\" data-tab=\"2\" role=\"region\" aria-labelledby=\"elementor-tab-title-6332\"><ul><li><a href=\"https:\/\/idep.org.cy\/wp-content\/uploads\/Results-1stCall2023.pdf\">Ocak Sonu\u00e7lar\u0131<\/a><\/li><li><a href=\"https:\/\/idep.org.cy\/wp-content\/uploads\/Results-2ndCall2023.pdf\">Eyl\u00fcl Sonu\u00e7lar\u0131<\/a><\/li><\/ul><\/div>\n\t\t\t\t<\/div>\n\t\t\t\t\t\t\t<div class=\"elementor-accordion-item\">\n\t\t\t\t\t<div id=\"elementor-tab-title-6333\" class=\"elementor-tab-title\" data-tab=\"3\" role=\"button\" aria-controls=\"elementor-tab-content-6333\" aria-expanded=\"false\">\n\t\t\t\t\t\t\t\t\t\t\t\t\t<span class=\"elementor-accordion-icon elementor-accordion-icon-left\" aria-hidden=\"true\">\n\t\t\t\t\t\t\t\t\t\t\t\t\t\t\t<span class=\"elementor-accordion-icon-closed\"><i class=\"fas fa-plus\"><\/i><\/span>\n\t\t\t\t\t\t\t\t<span class=\"elementor-accordion-icon-opened\"><i class=\"fas fa-minus\"><\/i><\/span>\n\t\t\t\t\t\t\t\t\t\t\t\t\t\t<\/span>\n\t\t\t\t\t\t\t\t\t\t\t\t<a class=\"elementor-accordion-title\" tabindex=\"0\">2022 Davetiyeleri<\/a>\n\t\t\t\t\t<\/div>\n\t\t\t\t\t<div id=\"elementor-tab-content-6333\" class=\"elementor-tab-content elementor-clearfix\" data-tab=\"3\" role=\"region\" aria-labelledby=\"elementor-tab-title-6333\"><ul><li><a href=\"https:\/\/idep.org.cy\/wp-content\/uploads\/Results-1stCall2022.pdf\">Ocak Sonu\u00e7lar\u0131<\/a><\/li><li><a href=\"https:\/\/idep.org.cy\/wp-content\/uploads\/Results-2ndCall2022.pdf\">Eyl\u00fcl Sonu\u00e7lar\u0131<\/a><\/li><\/ul><\/div>\n\t\t\t\t<\/div>\n\t\t\t\t\t\t\t<div class=\"elementor-accordion-item\">\n\t\t\t\t\t<div id=\"elementor-tab-title-6334\" class=\"elementor-tab-title\" data-tab=\"4\" role=\"button\" aria-controls=\"elementor-tab-content-6334\" aria-expanded=\"false\">\n\t\t\t\t\t\t\t\t\t\t\t\t\t<span class=\"elementor-accordion-icon elementor-accordion-icon-left\" aria-hidden=\"true\">\n\t\t\t\t\t\t\t\t\t\t\t\t\t\t\t<span class=\"elementor-accordion-icon-closed\"><i class=\"fas fa-plus\"><\/i><\/span>\n\t\t\t\t\t\t\t\t<span class=\"elementor-accordion-icon-opened\"><i class=\"fas fa-minus\"><\/i><\/span>\n\t\t\t\t\t\t\t\t\t\t\t\t\t\t<\/span>\n\t\t\t\t\t\t\t\t\t\t\t\t<a class=\"elementor-accordion-title\" tabindex=\"0\">2021 Davetiyeleri<\/a>\n\t\t\t\t\t<\/div>\n\t\t\t\t\t<div id=\"elementor-tab-content-6334\" class=\"elementor-tab-content elementor-clearfix\" data-tab=\"4\" role=\"region\" aria-labelledby=\"elementor-tab-title-6334\"><ul>\n \t<li><a href=\"https:\/\/idep.org.cy\/wp-content\/uploads\/Results-1st2ndCall-2021.pdf\">Sonu\u00e7lari<\/a><\/li>\n<\/ul><\/div>\n\t\t\t\t<\/div>\n\t\t\t\t\t\t\t\t<\/div>\n\t\t\t\t\t\t<\/div>\n\t\t\t\t<\/div>\n\t\t\t\t\t<\/div>\n\t\t<\/div>\n\t\t\t\t\t<\/div>\n\t\t<\/section>\n\t\t\t\t<\/div>\n\t\t","protected":false},"excerpt":{"rendered":"<p>Avrupa eTwinning At\u00f6yle \u00c7al\u0131\u015fmalar\u0131 Avrupa eTwinning At\u00f6lye \u00c7al\u0131\u015fmalar\u0131, Ulusal Destek Hizmetleri (NSO&#8217;lar) ve Merkezi Destek Servisi (CSS) taraf\u0131ndan belirli disiplinler, temalar veya ya\u015f gruplar\u0131na g\u00f6re d\u00fczenlenir. At\u00f6lyelerin temel amac\u0131, \u00f6\u011fretmenlere B\u0130T, eTwinning i\u015fbirlik\u00e7i \u00f6\u011frenme ve di\u011fer konularda mesleki e\u011fitim ve ileri e\u011fitim sa\u011flamakt\u0131r. Avrupa At\u00f6lyelerine kat\u0131l\u0131m i\u00e7in Ulusal Ajans, eTwinning deneyimi olan ancak yurtd\u0131\u015f\u0131nda bir [&hellip;]<\/p>\n","protected":false},"author":1,"featured_media":0,"parent":6279,"menu_order":48,"comment_status":"closed","ping_status":"closed","template":"","meta":{"footnotes":""},"class_list":["post-6280","page","type-page","status-publish","hentry"],"_links":{"self":[{"href":"https:\/\/etwinning.idep.org.cy\/tr\/wp-json\/wp\/v2\/pages\/6280","targetHints":{"allow":["GET"]}}],"collection":[{"href":"https:\/\/etwinning.idep.org.cy\/tr\/wp-json\/wp\/v2\/pages"}],"about":[{"href":"https:\/\/etwinning.idep.org.cy\/tr\/wp-json\/wp\/v2\/types\/page"}],"author":[{"embeddable":true,"href":"https:\/\/etwinning.idep.org.cy\/tr\/wp-json\/wp\/v2\/users\/1"}],"replies":[{"embeddable":true,"href":"https:\/\/etwinning.idep.org.cy\/tr\/wp-json\/wp\/v2\/comments?post=6280"}],"version-history":[{"count":8,"href":"https:\/\/etwinning.idep.org.cy\/tr\/wp-json\/wp\/v2\/pages\/6280\/revisions"}],"predecessor-version":[{"id":6650,"href":"https:\/\/etwinning.idep.org.cy\/tr\/wp-json\/wp\/v2\/pages\/6280\/revisions\/6650"}],"up":[{"embeddable":true,"href":"https:\/\/etwinning.idep.org.cy\/tr\/wp-json\/wp\/v2\/pages\/6279"}],"wp:attachment":[{"href":"https:\/\/etwinning.idep.org.cy\/tr\/wp-json\/wp\/v2\/media?parent=6280"}],"curies":[{"name":"wp","href":"https:\/\/api.w.org\/{rel}","templated":true}]}}