{"id":6281,"date":"2023-06-27T11:45:49","date_gmt":"2023-06-27T08:45:49","guid":{"rendered":"https:\/\/etwinning.idep.org.cy\/?page_id=6281"},"modified":"2024-11-24T09:57:05","modified_gmt":"2024-11-24T07:57:05","slug":"diadiktyakes-epimorfoseis","status":"publish","type":"page","link":"https:\/\/etwinning.idep.org.cy\/tr\/epangelmatiki-katartisi\/diadiktyakes-epimorfoseis\/","title":{"rendered":"\u00c7evrimi\u00e7i E\u011fitimler"},"content":{"rendered":"\t\t<div data-elementor-type=\"wp-page\" data-elementor-id=\"6281\" class=\"elementor elementor-6281 elementor-32\">\n\t\t\t\t\t\t<section class=\"elementor-section elementor-top-section elementor-element elementor-element-64a5730 ot-traditional elementor-section-boxed elementor-section-height-default elementor-section-height-default\" data-id=\"64a5730\" data-element_type=\"section\" data-e-type=\"section\">\n\t\t\t\t\t\t<div class=\"elementor-container elementor-column-gap-default\">\n\t\t\t\t\t<div class=\"elementor-column elementor-col-100 elementor-top-column elementor-element elementor-element-93b13e4 ot-flex-column-vertical\" data-id=\"93b13e4\" data-element_type=\"column\" data-e-type=\"column\">\n\t\t\t<div class=\"elementor-widget-wrap elementor-element-populated\">\n\t\t\t\t\t\t<div class=\"elementor-element elementor-element-1f89930 elementor-widget elementor-widget-heading\" data-id=\"1f89930\" data-element_type=\"widget\" data-e-type=\"widget\" data-widget_type=\"heading.default\">\n\t\t\t\t<div class=\"elementor-widget-container\">\n\t\t\t\t\t<h3 class=\"elementor-heading-title elementor-size-default\">K\u0131sa \u00d6\u011frenme Etkinlikleri K\u0131sa \u00d6\u011frenme Etkinlikleri<\/h3>\t\t\t\t<\/div>\n\t\t\t\t<\/div>\n\t\t\t\t<div class=\"elementor-element elementor-element-885f827 elementor-widget-divider--view-line elementor-widget elementor-widget-divider\" data-id=\"885f827\" data-element_type=\"widget\" data-e-type=\"widget\" data-widget_type=\"divider.default\">\n\t\t\t\t<div class=\"elementor-widget-container\">\n\t\t\t\t\t\t\t<div class=\"elementor-divider\">\n\t\t\t<span class=\"elementor-divider-separator\">\n\t\t\t\t\t\t<\/span>\n\t\t<\/div>\n\t\t\t\t\t\t<\/div>\n\t\t\t\t<\/div>\n\t\t\t\t<div class=\"elementor-element elementor-element-97aa64b elementor-widget elementor-widget-text-editor\" data-id=\"97aa64b\" data-element_type=\"widget\" data-e-type=\"widget\" data-widget_type=\"text-editor.default\">\n\t\t\t\t<div class=\"elementor-widget-container\">\n\t\t\t\t\t\t\t\t\t<p>K\u0131sa \u00d6\u011frenme Etkinlikleri, bir dizi farkl\u0131 konuya odaklanan ve \u00f6\u011fretmenlerin becerilerini geli\u015ftirmelerine yard\u0131mc\u0131 olan k\u0131sa s\u00fcreli yo\u011fun \u00e7evrimi\u00e7i etkinliklerdir.<\/p><p><a href=\"https:\/\/school-education.ec.europa.eu\/en\/professional-development\/courses?f%5B0%5D=modality%3Aonline)\">\u00d6\u011frenme Etkinlikleri Listesi<\/a><\/p><ul><li><p>MOOC&#8217;lar (\u039cassive Open Online Courses &#8211; Kitlesel A\u00e7\u0131k \u00c7evrimi\u00e7i Kurslar) 4-6 hafta uzunlu\u011fundad\u0131r ve bu s\u00fcre zarf\u0131nda 12-25 saat \u00f6\u011frenim gerektirir. Kat\u0131l\u0131mc\u0131lar kurs s\u00fcresince aktiviteleri istedikleri zaman tamamlayabilirler. Ba\u015far\u0131l\u0131 bir \u015fekilde tamamland\u0131\u011f\u0131nda bir kat\u0131l\u0131m sertifikas\u0131 sunulur.<\/p><\/li><\/ul>\t\t\t\t\t\t\t\t<\/div>\n\t\t\t\t<\/div>\n\t\t\t\t\t<\/div>\n\t\t<\/div>\n\t\t\t\t\t<\/div>\n\t\t<\/section>\n\t\t\t\t<section class=\"elementor-section elementor-top-section elementor-element elementor-element-756bf16 ot-traditional elementor-section-boxed elementor-section-height-default elementor-section-height-default\" data-id=\"756bf16\" data-element_type=\"section\" data-e-type=\"section\">\n\t\t\t\t\t\t<div class=\"elementor-container elementor-column-gap-default\">\n\t\t\t\t\t<div class=\"elementor-column elementor-col-100 elementor-top-column elementor-element elementor-element-9b683b4 ot-flex-column-vertical\" data-id=\"9b683b4\" data-element_type=\"column\" data-e-type=\"column\">\n\t\t\t<div class=\"elementor-widget-wrap elementor-element-populated\">\n\t\t\t\t\t\t<div class=\"elementor-element elementor-element-26c93d9 elementor-widget elementor-widget-heading\" data-id=\"26c93d9\" data-element_type=\"widget\" data-e-type=\"widget\" data-widget_type=\"heading.default\">\n\t\t\t\t<div class=\"elementor-widget-container\">\n\t\t\t\t\t<h3 class=\"elementor-heading-title elementor-size-default\"> \u00c7evrimi\u00e7i Seminerleri <\/h3>\t\t\t\t<\/div>\n\t\t\t\t<\/div>\n\t\t\t\t<div class=\"elementor-element elementor-element-e6e998b elementor-widget-divider--view-line elementor-widget elementor-widget-divider\" data-id=\"e6e998b\" data-element_type=\"widget\" data-e-type=\"widget\" data-widget_type=\"divider.default\">\n\t\t\t\t<div class=\"elementor-widget-container\">\n\t\t\t\t\t\t\t<div class=\"elementor-divider\">\n\t\t\t<span class=\"elementor-divider-separator\">\n\t\t\t\t\t\t<\/span>\n\t\t<\/div>\n\t\t\t\t\t\t<\/div>\n\t\t\t\t<\/div>\n\t\t\t\t<div class=\"elementor-element elementor-element-066a358 elementor-widget elementor-widget-text-editor\" data-id=\"066a358\" data-element_type=\"widget\" data-e-type=\"widget\" data-widget_type=\"text-editor.default\">\n\t\t\t\t<div class=\"elementor-widget-container\">\n\t\t\t\t\t\t\t\t\t<p>eTwinning Webinarlar\u0131, bir\u00e7ok konuda \u00f6\u011frenme ve tart\u0131\u015fma f\u0131rsat\u0131 buldu\u011funuz ve 1 saat s\u00fcren canl\u0131 ileti\u015fim oturumlar\u0131d\u0131r. Daha fazla bilgiyi <a href=\"https:\/\/school-education.ec.europa.eu\/en\/professional-development\/webinars\">burada<\/a> bulabilirsiniz<\/p><ul><li>Webinar Serisi (Webinar Series)<br \/>Bir web semineri serisi, etkile\u015fimli bir \u00e7evrimi\u00e7i etkinlikle ba\u011flant\u0131l\u0131 iki web semineri oturumudur.<\/li><li>\u00c7evrimi\u00e7i konferanslar ve etkinlikler belirli bir hedef kitleye y\u00f6neliktir ve belirli bir konuyu ele al\u0131r.<\/li><\/ul>\t\t\t\t\t\t\t\t<\/div>\n\t\t\t\t<\/div>\n\t\t\t\t\t<\/div>\n\t\t<\/div>\n\t\t\t\t\t<\/div>\n\t\t<\/section>\n\t\t\t\t<section class=\"elementor-section elementor-top-section elementor-element elementor-element-0eb46ab ot-traditional elementor-section-boxed elementor-section-height-default elementor-section-height-default\" data-id=\"0eb46ab\" data-element_type=\"section\" data-e-type=\"section\">\n\t\t\t\t\t\t<div class=\"elementor-container elementor-column-gap-default\">\n\t\t\t\t\t<div class=\"elementor-column elementor-col-100 elementor-top-column elementor-element elementor-element-0fc00aa ot-flex-column-vertical\" data-id=\"0fc00aa\" data-element_type=\"column\" data-e-type=\"column\">\n\t\t\t<div class=\"elementor-widget-wrap elementor-element-populated\">\n\t\t\t\t\t\t<div class=\"elementor-element elementor-element-0408b00 elementor-widget elementor-widget-heading\" data-id=\"0408b00\" data-element_type=\"widget\" data-e-type=\"widget\" data-widget_type=\"heading.default\">\n\t\t\t\t<div class=\"elementor-widget-container\">\n\t\t\t\t\t<h3 class=\"elementor-heading-title elementor-size-default\">Nas\u0131l kat\u0131labilirim?<\/h3>\t\t\t\t<\/div>\n\t\t\t\t<\/div>\n\t\t\t\t<div class=\"elementor-element elementor-element-418f509 elementor-widget-divider--view-line elementor-widget elementor-widget-divider\" data-id=\"418f509\" data-element_type=\"widget\" data-e-type=\"widget\" data-widget_type=\"divider.default\">\n\t\t\t\t<div class=\"elementor-widget-container\">\n\t\t\t\t\t\t\t<div class=\"elementor-divider\">\n\t\t\t<span class=\"elementor-divider-separator\">\n\t\t\t\t\t\t<\/span>\n\t\t<\/div>\n\t\t\t\t\t\t<\/div>\n\t\t\t\t<\/div>\n\t\t\t\t<div class=\"elementor-element elementor-element-6b91045 elementor-widget elementor-widget-text-editor\" data-id=\"6b91045\" data-element_type=\"widget\" data-e-type=\"widget\" data-widget_type=\"text-editor.default\">\n\t\t\t\t<div class=\"elementor-widget-container\">\n\t\t\t\t\t\t\t\t\t<p>T\u00fcm eTwinning \u00f6\u011fretmenleri, seminer ba\u015flamadan yakla\u015f\u0131k bir hafta \u00f6nce her eTwinning web semineri i\u00e7in ba\u015fvurabilir. Ba\u011flant\u0131 platformda yer almaktad\u0131r, bu nedenle ba\u015fvuru formu a\u00e7\u0131k oldu\u011funda \u00e7evrimi\u00e7i formu doldurmak i\u00e7in oturum a\u00e7man\u0131z yeterlidir.<\/p>\t\t\t\t\t\t\t\t<\/div>\n\t\t\t\t<\/div>\n\t\t\t\t\t<\/div>\n\t\t<\/div>\n\t\t\t\t\t<\/div>\n\t\t<\/section>\n\t\t\t\t<\/div>\n\t\t","protected":false},"excerpt":{"rendered":"<p>K\u0131sa \u00d6\u011frenme Etkinlikleri K\u0131sa \u00d6\u011frenme Etkinlikleri K\u0131sa \u00d6\u011frenme Etkinlikleri, bir dizi farkl\u0131 konuya odaklanan ve \u00f6\u011fretmenlerin becerilerini geli\u015ftirmelerine yard\u0131mc\u0131 olan k\u0131sa s\u00fcreli yo\u011fun \u00e7evrimi\u00e7i etkinliklerdir. \u00d6\u011frenme Etkinlikleri Listesi MOOC&#8217;lar (\u039cassive Open Online Courses &#8211; Kitlesel A\u00e7\u0131k \u00c7evrimi\u00e7i Kurslar) 4-6 hafta uzunlu\u011fundad\u0131r ve bu s\u00fcre zarf\u0131nda 12-25 saat \u00f6\u011frenim gerektirir. Kat\u0131l\u0131mc\u0131lar kurs s\u00fcresince aktiviteleri istedikleri zaman [&hellip;]<\/p>\n","protected":false},"author":1,"featured_media":0,"parent":6279,"menu_order":51,"comment_status":"closed","ping_status":"closed","template":"","meta":{"footnotes":""},"class_list":["post-6281","page","type-page","status-publish","hentry"],"_links":{"self":[{"href":"https:\/\/etwinning.idep.org.cy\/tr\/wp-json\/wp\/v2\/pages\/6281","targetHints":{"allow":["GET"]}}],"collection":[{"href":"https:\/\/etwinning.idep.org.cy\/tr\/wp-json\/wp\/v2\/pages"}],"about":[{"href":"https:\/\/etwinning.idep.org.cy\/tr\/wp-json\/wp\/v2\/types\/page"}],"author":[{"embeddable":true,"href":"https:\/\/etwinning.idep.org.cy\/tr\/wp-json\/wp\/v2\/users\/1"}],"replies":[{"embeddable":true,"href":"https:\/\/etwinning.idep.org.cy\/tr\/wp-json\/wp\/v2\/comments?post=6281"}],"version-history":[{"count":5,"href":"https:\/\/etwinning.idep.org.cy\/tr\/wp-json\/wp\/v2\/pages\/6281\/revisions"}],"predecessor-version":[{"id":6515,"href":"https:\/\/etwinning.idep.org.cy\/tr\/wp-json\/wp\/v2\/pages\/6281\/revisions\/6515"}],"up":[{"embeddable":true,"href":"https:\/\/etwinning.idep.org.cy\/tr\/wp-json\/wp\/v2\/pages\/6279"}],"wp:attachment":[{"href":"https:\/\/etwinning.idep.org.cy\/tr\/wp-json\/wp\/v2\/media?parent=6281"}],"curies":[{"name":"wp","href":"https:\/\/api.w.org\/{rel}","templated":true}]}}