{"id":6282,"date":"2023-06-27T11:45:39","date_gmt":"2023-06-27T08:45:39","guid":{"rendered":"https:\/\/etwinning.idep.org.cy\/?page_id=6282"},"modified":"2024-11-24T09:58:01","modified_gmt":"2024-11-24T07:58:01","slug":"ethnikes-drastiriotites","status":"publish","type":"page","link":"https:\/\/etwinning.idep.org.cy\/tr\/epangelmatiki-katartisi\/ethnikes-drastiriotites\/","title":{"rendered":"Milli Etkinikler"},"content":{"rendered":"\t\t<div data-elementor-type=\"wp-page\" data-elementor-id=\"6282\" class=\"elementor elementor-6282 elementor-30\">\n\t\t\t\t\t\t<section class=\"elementor-section elementor-top-section elementor-element elementor-element-c32745a ot-traditional elementor-section-boxed elementor-section-height-default elementor-section-height-default\" data-id=\"c32745a\" data-element_type=\"section\" data-e-type=\"section\">\n\t\t\t\t\t\t<div class=\"elementor-container elementor-column-gap-default\">\n\t\t\t\t\t<div class=\"elementor-column elementor-col-100 elementor-top-column elementor-element elementor-element-7b4b70f ot-flex-column-vertical\" data-id=\"7b4b70f\" data-element_type=\"column\" data-e-type=\"column\">\n\t\t\t<div class=\"elementor-widget-wrap elementor-element-populated\">\n\t\t\t\t\t\t<div class=\"elementor-element elementor-element-6fb970c elementor-widget elementor-widget-heading\" data-id=\"6fb970c\" data-element_type=\"widget\" data-e-type=\"widget\" data-widget_type=\"heading.default\">\n\t\t\t\t<div class=\"elementor-widget-container\">\n\t\t\t\t\t<h3 class=\"elementor-heading-title elementor-size-default\">Okul E\u011fitimi Y\u0131ll\u0131k Konferans\u0131<\/h3>\t\t\t\t<\/div>\n\t\t\t\t<\/div>\n\t\t\t\t<div class=\"elementor-element elementor-element-60a56e9 elementor-widget-divider--view-line elementor-widget elementor-widget-divider\" data-id=\"60a56e9\" data-element_type=\"widget\" data-e-type=\"widget\" data-widget_type=\"divider.default\">\n\t\t\t\t<div class=\"elementor-widget-container\">\n\t\t\t\t\t\t\t<div class=\"elementor-divider\">\n\t\t\t<span class=\"elementor-divider-separator\">\n\t\t\t\t\t\t<\/span>\n\t\t<\/div>\n\t\t\t\t\t\t<\/div>\n\t\t\t\t<\/div>\n\t\t\t\t<div class=\"elementor-element elementor-element-60cb477 elementor-widget elementor-widget-text-editor\" data-id=\"60cb477\" data-element_type=\"widget\" data-e-type=\"widget\" data-widget_type=\"text-editor.default\">\n\t\t\t\t<div class=\"elementor-widget-container\">\n\t\t\t\t\t\t\t\t\t<p>Ulusal Destek Servisi (NSO) her y\u0131l, Eylemin sundu\u011fu olanaklar hakk\u0131nda \u00f6\u011fretmenleri bilgilendirmeyi ve Konferans\u0131n temas\u0131na g\u00f6re her y\u0131l a\u011f\u0131rlad\u0131\u011f\u0131 konu\u015fmac\u0131lar arac\u0131l\u0131\u011f\u0131yla onlar\u0131 e\u011fitmeyi ama\u00e7layan Y\u0131ll\u0131k Okul E\u011fitimi Konferans\u0131n\u0131 d\u00fczenlemektedir. Ayr\u0131ca, Ulusal ve Avrupa Kalite Etiketleri ile \u00f6d\u00fcllendirilen kaliteli K\u0131br\u0131s eTwinning projelerini de \u00f6ne \u00e7\u0131karmaktad\u0131r.<\/p>\t\t\t\t\t\t\t\t<\/div>\n\t\t\t\t<\/div>\n\t\t\t\t\t<\/div>\n\t\t<\/div>\n\t\t\t\t\t<\/div>\n\t\t<\/section>\n\t\t\t\t<section class=\"elementor-section elementor-top-section elementor-element elementor-element-cb51d87 ot-traditional elementor-section-boxed elementor-section-height-default elementor-section-height-default\" data-id=\"cb51d87\" data-element_type=\"section\" data-e-type=\"section\">\n\t\t\t\t\t\t<div class=\"elementor-container elementor-column-gap-default\">\n\t\t\t\t\t<div class=\"elementor-column elementor-col-100 elementor-top-column elementor-element elementor-element-437cc43 ot-flex-column-vertical\" data-id=\"437cc43\" data-element_type=\"column\" data-e-type=\"column\">\n\t\t\t<div class=\"elementor-widget-wrap elementor-element-populated\">\n\t\t\t\t\t\t<div class=\"elementor-element elementor-element-767e2ff elementor-widget elementor-widget-heading\" data-id=\"767e2ff\" data-element_type=\"widget\" data-e-type=\"widget\" data-widget_type=\"heading.default\">\n\t\t\t\t<div class=\"elementor-widget-container\">\n\t\t\t\t\t<h3 class=\"elementor-heading-title elementor-size-default\">Kaza At\u00f6lyeleri <\/h3>\t\t\t\t<\/div>\n\t\t\t\t<\/div>\n\t\t\t\t<div class=\"elementor-element elementor-element-87fcb76 elementor-widget-divider--view-line elementor-widget elementor-widget-divider\" data-id=\"87fcb76\" data-element_type=\"widget\" data-e-type=\"widget\" data-widget_type=\"divider.default\">\n\t\t\t\t<div class=\"elementor-widget-container\">\n\t\t\t\t\t\t\t<div class=\"elementor-divider\">\n\t\t\t<span class=\"elementor-divider-separator\">\n\t\t\t\t\t\t<\/span>\n\t\t<\/div>\n\t\t\t\t\t\t<\/div>\n\t\t\t\t<\/div>\n\t\t\t\t<div class=\"elementor-element elementor-element-43fdd96 elementor-widget elementor-widget-text-editor\" data-id=\"43fdd96\" data-element_type=\"widget\" data-e-type=\"widget\" data-widget_type=\"text-editor.default\">\n\t\t\t\t<div class=\"elementor-widget-container\">\n\t\t\t\t\t\t\t\t\t<p>K\u0131br\u0131s eTwinning El\u00e7ileri ile i\u015fbirli\u011fi i\u00e7inde, NSO bilgisayar kullanarak il \u00e7al\u0131\u015ftaylar\u0131 d\u00fczenlemektedir. \u00c7al\u0131\u015ftaylar s\u0131ras\u0131nda, \u00f6\u011fretmenler eTwinning ara\u00e7lar\u0131n\u0131 tan\u0131yabilir ve ortak bulma, onay i\u00e7in bir proje sunma, \u00f6\u011frencileri ve ortaklar\u0131 projelerine davet etme gibi temel eylemleri \u00f6\u011frenebilirler. Ayr\u0131ca, projelerin kalitesinin nas\u0131l art\u0131r\u0131laca\u011f\u0131 konusunda yararl\u0131 bilgiler ve ipu\u00e7lar\u0131 sa\u011flar.<\/p><p>NSO, \u00f6\u011fretim y\u0131l\u0131 ba\u015f\u0131nda her il i\u00e7in belirli tarihleri duyurur. Okullar\u0131n\u0131za g\u00f6nderilen genelgede yer alan linkten kat\u0131lmak istedi\u011finiz il i\u00e7in online kay\u0131t yapt\u0131r\u0131n\u0131z.<\/p><p>\u00c7al\u0131\u015ftaylardan birine kat\u0131lamad\u0131ysan\u0131z, l\u00fctfen ilinizin b\u00fcy\u00fckel\u00e7isi ile irtibata ge\u00e7in. NSO, ilinizdeki bir sonraki \u00c7al\u0131\u015ftay i\u00e7in gerekli ki\u015fi say\u0131s\u0131 tamamlan\u0131r tamamlanmaz sizinle irtibata ge\u00e7ecektir.<\/p>\t\t\t\t\t\t\t\t<\/div>\n\t\t\t\t<\/div>\n\t\t\t\t\t<\/div>\n\t\t<\/div>\n\t\t\t\t\t<\/div>\n\t\t<\/section>\n\t\t\t\t<section class=\"elementor-section elementor-top-section elementor-element elementor-element-d678cee ot-traditional elementor-section-boxed elementor-section-height-default elementor-section-height-default\" data-id=\"d678cee\" data-element_type=\"section\" data-e-type=\"section\">\n\t\t\t\t\t\t<div class=\"elementor-container elementor-column-gap-default\">\n\t\t\t\t\t<div class=\"elementor-column elementor-col-100 elementor-top-column elementor-element elementor-element-66e358a ot-flex-column-vertical\" data-id=\"66e358a\" data-element_type=\"column\" data-e-type=\"column\">\n\t\t\t<div class=\"elementor-widget-wrap elementor-element-populated\">\n\t\t\t\t\t\t<div class=\"elementor-element elementor-element-7b4d299 elementor-widget elementor-widget-heading\" data-id=\"7b4d299\" data-element_type=\"widget\" data-e-type=\"widget\" data-widget_type=\"heading.default\">\n\t\t\t\t<div class=\"elementor-widget-container\">\n\t\t\t\t\t<h3 class=\"elementor-heading-title elementor-size-default\">Web 2.0 Ara\u00e7lar\u0131 i\u00e7in \u00c7evrimi\u00e7i Seminerler<\/h3>\t\t\t\t<\/div>\n\t\t\t\t<\/div>\n\t\t\t\t<div class=\"elementor-element elementor-element-d4a1039 elementor-widget-divider--view-line elementor-widget elementor-widget-divider\" data-id=\"d4a1039\" data-element_type=\"widget\" data-e-type=\"widget\" data-widget_type=\"divider.default\">\n\t\t\t\t<div class=\"elementor-widget-container\">\n\t\t\t\t\t\t\t<div class=\"elementor-divider\">\n\t\t\t<span class=\"elementor-divider-separator\">\n\t\t\t\t\t\t<\/span>\n\t\t<\/div>\n\t\t\t\t\t\t<\/div>\n\t\t\t\t<\/div>\n\t\t\t\t<div class=\"elementor-element elementor-element-54bff7f elementor-widget elementor-widget-text-editor\" data-id=\"54bff7f\" data-element_type=\"widget\" data-e-type=\"widget\" data-widget_type=\"text-editor.default\">\n\t\t\t\t<div class=\"elementor-widget-container\">\n\t\t\t\t\t\t\t\t\t<p>Okul y\u0131l\u0131 boyunca, K\u0131br\u0131s eTwinning El\u00e7ileri NSO ile i\u015fbirli\u011fi i\u00e7inde \u201c\u0130\u015fbirlik\u00e7i faaliyetlerin geli\u015ftirilmesinde Web 2.0 ara\u00e7lar\u0131n\u0131n kullan\u0131lmas\u0131\u201d konulu web seminerleri d\u00fczenlemektedir. Hem g\u00fcnl\u00fck \u00f6\u011frenme s\u00fcrecinde hem de i\u015fbirlik\u00e7i projeler i\u00e7in destekleyici bir ara\u00e7 olarak kullan\u0131labilecek Web 2.0 ara\u00e7lar\u0131 sunulmaktad\u0131r.<\/p>\t\t\t\t\t\t\t\t<\/div>\n\t\t\t\t<\/div>\n\t\t\t\t\t<\/div>\n\t\t<\/div>\n\t\t\t\t\t<\/div>\n\t\t<\/section>\n\t\t\t\t<\/div>\n\t\t","protected":false},"excerpt":{"rendered":"<p>Okul E\u011fitimi Y\u0131ll\u0131k Konferans\u0131 Ulusal Destek Servisi (NSO) her y\u0131l, Eylemin sundu\u011fu olanaklar hakk\u0131nda \u00f6\u011fretmenleri bilgilendirmeyi ve Konferans\u0131n temas\u0131na g\u00f6re her y\u0131l a\u011f\u0131rlad\u0131\u011f\u0131 konu\u015fmac\u0131lar arac\u0131l\u0131\u011f\u0131yla onlar\u0131 e\u011fitmeyi ama\u00e7layan Y\u0131ll\u0131k Okul E\u011fitimi Konferans\u0131n\u0131 d\u00fczenlemektedir. Ayr\u0131ca, Ulusal ve Avrupa Kalite Etiketleri ile \u00f6d\u00fcllendirilen kaliteli K\u0131br\u0131s eTwinning projelerini de \u00f6ne \u00e7\u0131karmaktad\u0131r. Kaza At\u00f6lyeleri K\u0131br\u0131s eTwinning El\u00e7ileri ile i\u015fbirli\u011fi [&hellip;]<\/p>\n","protected":false},"author":1,"featured_media":0,"parent":6279,"menu_order":53,"comment_status":"closed","ping_status":"closed","template":"","meta":{"footnotes":""},"class_list":["post-6282","page","type-page","status-publish","hentry"],"_links":{"self":[{"href":"https:\/\/etwinning.idep.org.cy\/tr\/wp-json\/wp\/v2\/pages\/6282","targetHints":{"allow":["GET"]}}],"collection":[{"href":"https:\/\/etwinning.idep.org.cy\/tr\/wp-json\/wp\/v2\/pages"}],"about":[{"href":"https:\/\/etwinning.idep.org.cy\/tr\/wp-json\/wp\/v2\/types\/page"}],"author":[{"embeddable":true,"href":"https:\/\/etwinning.idep.org.cy\/tr\/wp-json\/wp\/v2\/users\/1"}],"replies":[{"embeddable":true,"href":"https:\/\/etwinning.idep.org.cy\/tr\/wp-json\/wp\/v2\/comments?post=6282"}],"version-history":[{"count":5,"href":"https:\/\/etwinning.idep.org.cy\/tr\/wp-json\/wp\/v2\/pages\/6282\/revisions"}],"predecessor-version":[{"id":6518,"href":"https:\/\/etwinning.idep.org.cy\/tr\/wp-json\/wp\/v2\/pages\/6282\/revisions\/6518"}],"up":[{"embeddable":true,"href":"https:\/\/etwinning.idep.org.cy\/tr\/wp-json\/wp\/v2\/pages\/6279"}],"wp:attachment":[{"href":"https:\/\/etwinning.idep.org.cy\/tr\/wp-json\/wp\/v2\/media?parent=6282"}],"curies":[{"name":"wp","href":"https:\/\/api.w.org\/{rel}","templated":true}]}}