{"id":6284,"date":"2023-06-27T11:46:44","date_gmt":"2023-06-27T08:46:44","guid":{"rendered":"https:\/\/etwinning.idep.org.cy\/?page_id=6284"},"modified":"2024-12-19T14:52:23","modified_gmt":"2024-12-19T12:52:23","slug":"pos-na-ksekiniso","status":"publish","type":"page","link":"https:\/\/etwinning.idep.org.cy\/tr\/paidagogiki-ypostiriksi\/pos-na-ksekiniso\/","title":{"rendered":"Nas\u0131l ba\u015flayabilirim?"},"content":{"rendered":"\t\t<div data-elementor-type=\"wp-page\" data-elementor-id=\"6284\" class=\"elementor elementor-6284 elementor-44\">\n\t\t\t\t\t\t<section class=\"elementor-section elementor-top-section elementor-element elementor-element-af3840a ot-traditional elementor-section-boxed elementor-section-height-default elementor-section-height-default\" data-id=\"af3840a\" data-element_type=\"section\" data-e-type=\"section\">\n\t\t\t\t\t\t<div class=\"elementor-container elementor-column-gap-default\">\n\t\t\t\t\t<div class=\"elementor-column elementor-col-100 elementor-top-column elementor-element elementor-element-0747edc ot-flex-column-vertical\" data-id=\"0747edc\" data-element_type=\"column\" data-e-type=\"column\">\n\t\t\t<div class=\"elementor-widget-wrap elementor-element-populated\">\n\t\t\t\t\t\t<div class=\"elementor-element elementor-element-95fef28 elementor-widget elementor-widget-heading\" data-id=\"95fef28\" data-element_type=\"widget\" data-e-type=\"widget\" data-widget_type=\"heading.default\">\n\t\t\t\t<div class=\"elementor-widget-container\">\n\t\t\t\t\t<h3 class=\"elementor-heading-title elementor-size-default\">Nas\u0131l ba\u015flayabilirim?<\/h3>\t\t\t\t<\/div>\n\t\t\t\t<\/div>\n\t\t\t\t<div class=\"elementor-element elementor-element-90cbdea elementor-widget-divider--view-line elementor-widget elementor-widget-divider\" data-id=\"90cbdea\" data-element_type=\"widget\" data-e-type=\"widget\" data-widget_type=\"divider.default\">\n\t\t\t\t<div class=\"elementor-widget-container\">\n\t\t\t\t\t\t\t<div class=\"elementor-divider\">\n\t\t\t<span class=\"elementor-divider-separator\">\n\t\t\t\t\t\t<\/span>\n\t\t<\/div>\n\t\t\t\t\t\t<\/div>\n\t\t\t\t<\/div>\n\t\t\t\t<div class=\"elementor-element elementor-element-c350453 elementor-widget elementor-widget-text-editor\" data-id=\"c350453\" data-element_type=\"widget\" data-e-type=\"widget\" data-widget_type=\"text-editor.default\">\n\t\t\t\t<div class=\"elementor-widget-container\">\n\t\t\t\t\t\t\t\t\t<p><strong>Gelecekteki projenizin fikrini geli\u015ftirin<\/strong><\/p><p>\u00d6\u011frencilerinizle ger\u00e7ekle\u015ftirmek istedi\u011finiz faaliyetler hakk\u0131nda zaten bir fikriniz olabilir, projenizin temas\u0131n\u0131 zaten biliyor olabilirsiniz veya ilk kez bir Avrupa ortakl\u0131\u011f\u0131na kat\u0131l\u0131yor olabilirsiniz. Yukar\u0131daki durumlardan herhangi birinde, k\u0131sa ve basit bir proje ile ba\u015flay\u0131n. Ba\u015far\u0131l\u0131 bir projenin karma\u015f\u0131k veya iddial\u0131 olmas\u0131 gerekmez. Tamamlanmad\u0131\u011f\u0131 takdirde \u00f6\u011frencilerinizi hayal k\u0131r\u0131kl\u0131\u011f\u0131na u\u011fratacak iddial\u0131 bir proje yerine, tamamland\u0131\u011f\u0131nda onlar\u0131 motive edecek bir projeyle ba\u015flay\u0131n. \u00d6\u011frencilerinize yurt d\u0131\u015f\u0131nda ba\u015fka bir okulla \u00e7al\u0131\u015fma konusundaki g\u00f6r\u00fc\u015f ve fikirlerini sormaktan \u00e7ekinmeyin.<\/p><p><strong>Yararl\u0131 ipu\u00e7lar\u0131:<\/strong><\/p><p>\u0130\u015fbirli\u011finizin konusunun m\u00fcfredata, ders program\u0131na ve \u00f6\u011frencileriniz i\u00e7in Ulusal ve Avrupa Yeterlilik Geli\u015ftirme \u00c7er\u00e7evelerine uygun oldu\u011fundan emin olun. Bu \u015fekilde, uygulad\u0131\u011f\u0131n\u0131z eTwinning projesi sizin ve \u00f6\u011frencilerinizin fazladan zaman ay\u0131rmas\u0131n\u0131 gerektiren bir etkinlik de\u011fil, \u00f6\u011frencilerinizin \u00f6\u011fretim ve de\u011ferlendirmesinin bir par\u00e7as\u0131 olacakt\u0131r.<\/p><p>Se\u00e7ti\u011finiz konu ne olursa olsun ve fikirlerinizi ne \u00f6l\u00e7\u00fcde geli\u015ftirmi\u015f olursan\u0131z olun, konunun veya faaliyetlerin her zaman orta\u011f\u0131n\u0131zla m\u00fczakere edildi\u011fini unutmay\u0131n. Bu nedenle, di\u011fer meslekta\u015flar\u0131n\u0131zdan gelecek \u00f6nerilere a\u00e7\u0131k olun. Taslaklar Kategoriler Sosyal Di\u011fer ba\u015far\u0131l\u0131 eTwinning projelerinden ilham almak i\u00e7in <a href=\"https:\/\/school-education.ec.europa.eu\/en\/teach\/project-kits\">Proje Paketlerini<\/a> ziyaret edin.<\/p>\t\t\t\t\t\t\t\t<\/div>\n\t\t\t\t<\/div>\n\t\t\t\t\t<\/div>\n\t\t<\/div>\n\t\t\t\t\t<\/div>\n\t\t<\/section>\n\t\t\t\t<\/div>\n\t\t","protected":false},"excerpt":{"rendered":"<p>Nas\u0131l ba\u015flayabilirim? Gelecekteki projenizin fikrini geli\u015ftirin \u00d6\u011frencilerinizle ger\u00e7ekle\u015ftirmek istedi\u011finiz faaliyetler hakk\u0131nda zaten bir fikriniz olabilir, projenizin temas\u0131n\u0131 zaten biliyor olabilirsiniz veya ilk kez bir Avrupa ortakl\u0131\u011f\u0131na kat\u0131l\u0131yor olabilirsiniz. Yukar\u0131daki durumlardan herhangi birinde, k\u0131sa ve basit bir proje ile ba\u015flay\u0131n. Ba\u015far\u0131l\u0131 bir projenin karma\u015f\u0131k veya iddial\u0131 olmas\u0131 gerekmez. Tamamlanmad\u0131\u011f\u0131 takdirde \u00f6\u011frencilerinizi hayal k\u0131r\u0131kl\u0131\u011f\u0131na u\u011fratacak iddial\u0131 bir [&hellip;]<\/p>\n","protected":false},"author":1,"featured_media":0,"parent":6283,"menu_order":61,"comment_status":"closed","ping_status":"closed","template":"","meta":{"footnotes":""},"class_list":["post-6284","page","type-page","status-publish","hentry"],"_links":{"self":[{"href":"https:\/\/etwinning.idep.org.cy\/tr\/wp-json\/wp\/v2\/pages\/6284","targetHints":{"allow":["GET"]}}],"collection":[{"href":"https:\/\/etwinning.idep.org.cy\/tr\/wp-json\/wp\/v2\/pages"}],"about":[{"href":"https:\/\/etwinning.idep.org.cy\/tr\/wp-json\/wp\/v2\/types\/page"}],"author":[{"embeddable":true,"href":"https:\/\/etwinning.idep.org.cy\/tr\/wp-json\/wp\/v2\/users\/1"}],"replies":[{"embeddable":true,"href":"https:\/\/etwinning.idep.org.cy\/tr\/wp-json\/wp\/v2\/comments?post=6284"}],"version-history":[{"count":8,"href":"https:\/\/etwinning.idep.org.cy\/tr\/wp-json\/wp\/v2\/pages\/6284\/revisions"}],"predecessor-version":[{"id":6647,"href":"https:\/\/etwinning.idep.org.cy\/tr\/wp-json\/wp\/v2\/pages\/6284\/revisions\/6647"}],"up":[{"embeddable":true,"href":"https:\/\/etwinning.idep.org.cy\/tr\/wp-json\/wp\/v2\/pages\/6283"}],"wp:attachment":[{"href":"https:\/\/etwinning.idep.org.cy\/tr\/wp-json\/wp\/v2\/media?parent=6284"}],"curies":[{"name":"wp","href":"https:\/\/api.w.org\/{rel}","templated":true}]}}