{"id":6285,"date":"2023-06-27T11:46:33","date_gmt":"2023-06-27T08:46:33","guid":{"rendered":"https:\/\/etwinning.idep.org.cy\/?page_id=6285"},"modified":"2024-11-24T12:31:08","modified_gmt":"2024-11-24T10:31:08","slug":"evresi-etairon","status":"publish","type":"page","link":"https:\/\/etwinning.idep.org.cy\/tr\/paidagogiki-ypostiriksi\/evresi-etairon\/","title":{"rendered":"Ortaklar bulma"},"content":{"rendered":"\t\t<div data-elementor-type=\"wp-page\" data-elementor-id=\"6285\" class=\"elementor elementor-6285 elementor-42\">\n\t\t\t\t\t\t<section class=\"elementor-section elementor-top-section elementor-element elementor-element-181afd3 ot-traditional elementor-section-boxed elementor-section-height-default elementor-section-height-default\" data-id=\"181afd3\" data-element_type=\"section\" data-e-type=\"section\">\n\t\t\t\t\t\t<div class=\"elementor-container elementor-column-gap-default\">\n\t\t\t\t\t<div class=\"elementor-column elementor-col-100 elementor-top-column elementor-element elementor-element-e66ef64 ot-flex-column-vertical\" data-id=\"e66ef64\" data-element_type=\"column\" data-e-type=\"column\">\n\t\t\t<div class=\"elementor-widget-wrap elementor-element-populated\">\n\t\t\t\t\t\t<div class=\"elementor-element elementor-element-dd7e656 elementor-widget elementor-widget-heading\" data-id=\"dd7e656\" data-element_type=\"widget\" data-e-type=\"widget\" data-widget_type=\"heading.default\">\n\t\t\t\t<div class=\"elementor-widget-container\">\n\t\t\t\t\t<h3 class=\"elementor-heading-title elementor-size-default\">Ortak bulma<\/h3>\t\t\t\t<\/div>\n\t\t\t\t<\/div>\n\t\t\t\t<div class=\"elementor-element elementor-element-2544e8d elementor-widget-divider--view-line elementor-widget elementor-widget-divider\" data-id=\"2544e8d\" data-element_type=\"widget\" data-e-type=\"widget\" data-widget_type=\"divider.default\">\n\t\t\t\t<div class=\"elementor-widget-container\">\n\t\t\t\t\t\t\t<div class=\"elementor-divider\">\n\t\t\t<span class=\"elementor-divider-separator\">\n\t\t\t\t\t\t<\/span>\n\t\t<\/div>\n\t\t\t\t\t\t<\/div>\n\t\t\t\t<\/div>\n\t\t\t\t<div class=\"elementor-element elementor-element-cbff488 elementor-widget elementor-widget-text-editor\" data-id=\"cbff488\" data-element_type=\"widget\" data-e-type=\"widget\" data-widget_type=\"text-editor.default\">\n\t\t\t\t<div class=\"elementor-widget-container\">\n\t\t\t\t\t\t\t\t\t<p>Do\u011fru orta\u011f\u0131 bulmak, projenizin uygulanmas\u0131n\u0131 \u00f6nemli \u00f6l\u00e7\u00fcde belirleyecektir.<\/p>\t\t\t\t\t\t\t\t<\/div>\n\t\t\t\t<\/div>\n\t\t\t\t\t<\/div>\n\t\t<\/div>\n\t\t\t\t\t<\/div>\n\t\t<\/section>\n\t\t\t\t<section class=\"elementor-section elementor-top-section elementor-element elementor-element-dd55816 ot-traditional elementor-section-boxed elementor-section-height-default elementor-section-height-default\" data-id=\"dd55816\" data-element_type=\"section\" data-e-type=\"section\">\n\t\t\t\t\t\t<div class=\"elementor-container elementor-column-gap-default\">\n\t\t\t\t\t<div class=\"elementor-column elementor-col-100 elementor-top-column elementor-element elementor-element-90100a0 ot-flex-column-vertical\" data-id=\"90100a0\" data-element_type=\"column\" data-e-type=\"column\">\n\t\t\t<div class=\"elementor-widget-wrap elementor-element-populated\">\n\t\t\t\t\t\t<div class=\"elementor-element elementor-element-ed5a894 elementor-widget elementor-widget-heading\" data-id=\"ed5a894\" data-element_type=\"widget\" data-e-type=\"widget\" data-widget_type=\"heading.default\">\n\t\t\t\t<div class=\"elementor-widget-container\">\n\t\t\t\t\t<h3 class=\"elementor-heading-title elementor-size-default\">Profilinizi g\u00fcncelleyin<\/h3>\t\t\t\t<\/div>\n\t\t\t\t<\/div>\n\t\t\t\t<div class=\"elementor-element elementor-element-517cbc5 elementor-widget-divider--view-line elementor-widget elementor-widget-divider\" data-id=\"517cbc5\" data-element_type=\"widget\" data-e-type=\"widget\" data-widget_type=\"divider.default\">\n\t\t\t\t<div class=\"elementor-widget-container\">\n\t\t\t\t\t\t\t<div class=\"elementor-divider\">\n\t\t\t<span class=\"elementor-divider-separator\">\n\t\t\t\t\t\t<\/span>\n\t\t<\/div>\n\t\t\t\t\t\t<\/div>\n\t\t\t\t<\/div>\n\t\t\t\t<div class=\"elementor-element elementor-element-80f41e7 elementor-widget elementor-widget-text-editor\" data-id=\"80f41e7\" data-element_type=\"widget\" data-e-type=\"widget\" data-widget_type=\"text-editor.default\">\n\t\t\t\t<div class=\"elementor-widget-container\">\n\t\t\t\t\t\t\t\t\t<p>Platformdaki kimli\u011finiz olan ki\u015fisel profiliniz \u00fczerinde biraz zaman harcay\u0131n. \u0130\u015fbirli\u011fi tercihlerinizin iyi bir tan\u0131m\u0131n\u0131, bir foto\u011fraf\u0131n\u0131z\u0131 ve okulunuz ve \u00f6\u011frencileriniz hakk\u0131nda do\u011fru bilgileri girdi\u011finizden emin olun. G\u00fcncellenmi\u015f bir profil, di\u011fer kullan\u0131c\u0131lara platformun aktif \u00fcyeleri oldu\u011funuzu ve daha fazla ki\u015finin ilgisini \u00e7ekece\u011finizi s\u00f6yler. Sadece K\u0131br\u0131s (Ulusal Projeler) veya Yunanistan&#8217;daki okullarla i\u015fbirli\u011fi yapmak istiyorsan\u0131z, t\u00fcm bilgileri Yunanca olarak girebilirsiniz. Di\u011fer her durumda, gelecekteki projenizin ileti\u015fim dilini kullan\u0131n.<\/p>\t\t\t\t\t\t\t\t<\/div>\n\t\t\t\t<\/div>\n\t\t\t\t\t<\/div>\n\t\t<\/div>\n\t\t\t\t\t<\/div>\n\t\t<\/section>\n\t\t\t\t<section class=\"elementor-section elementor-top-section elementor-element elementor-element-6f92608 ot-traditional elementor-section-boxed elementor-section-height-default elementor-section-height-default\" data-id=\"6f92608\" data-element_type=\"section\" data-e-type=\"section\">\n\t\t\t\t\t\t<div class=\"elementor-container elementor-column-gap-default\">\n\t\t\t\t\t<div class=\"elementor-column elementor-col-100 elementor-top-column elementor-element elementor-element-112ce58 ot-flex-column-vertical\" data-id=\"112ce58\" data-element_type=\"column\" data-e-type=\"column\">\n\t\t\t<div class=\"elementor-widget-wrap elementor-element-populated\">\n\t\t\t\t\t\t<div class=\"elementor-element elementor-element-5e09e64 elementor-widget elementor-widget-heading\" data-id=\"5e09e64\" data-element_type=\"widget\" data-e-type=\"widget\" data-widget_type=\"heading.default\">\n\t\t\t\t<div class=\"elementor-widget-container\">\n\t\t\t\t\t<h3 class=\"elementor-heading-title elementor-size-default\">Arama ara\u00e7lar\u0131<\/h3>\t\t\t\t<\/div>\n\t\t\t\t<\/div>\n\t\t\t\t<div class=\"elementor-element elementor-element-e11f375 elementor-widget-divider--view-line elementor-widget elementor-widget-divider\" data-id=\"e11f375\" data-element_type=\"widget\" data-e-type=\"widget\" data-widget_type=\"divider.default\">\n\t\t\t\t<div class=\"elementor-widget-container\">\n\t\t\t\t\t\t\t<div class=\"elementor-divider\">\n\t\t\t<span class=\"elementor-divider-separator\">\n\t\t\t\t\t\t<\/span>\n\t\t<\/div>\n\t\t\t\t\t\t<\/div>\n\t\t\t\t<\/div>\n\t\t\t\t<div class=\"elementor-element elementor-element-de25ccc elementor-widget elementor-widget-text-editor\" data-id=\"de25ccc\" data-element_type=\"widget\" data-e-type=\"widget\" data-widget_type=\"text-editor.default\">\n\t\t\t\t<div class=\"elementor-widget-container\">\n\t\t\t\t\t\t\t\t\t<ul><li>Zaten tan\u0131d\u0131\u011f\u0131n\u0131z belirli bir ki\u015fiyi ar\u0131yorsan\u0131z, \u201c<a href=\"https:\/\/school-education.ec.europa.eu\/en\/connect\/people\">Ki\u015filer<\/a>\u201d alan\u0131nda ad\u0131n\u0131 aray\u0131n.<\/li><\/ul><ul><li>\u00d6\u011fretim kursunuz i\u00e7in belirli bir \u00fclke veya belirli bir ileti\u015fim dili ile bir ortak ar\u0131yorsan\u0131z, ilgili arama filtrelerini kullanarak <a href=\"https:\/\/school-education.ec.europa.eu\/en\/connect\/partner-search\">&#8221; Ortak Bulma \u201d arac\u0131n\u0131<\/a> kullan\u0131n<\/li><\/ul><ul><li>Belirli bir konuyla ilgileniyorsan\u0131z, l\u00fctfen g\u00f6nderinizi Ortak Bulma arac\u0131na kaydedin veya di\u011fer meslekta\u015flar taraf\u0131ndan kaydedilen benzer g\u00f6nderiler i\u00e7in arama yap\u0131n<\/li><\/ul><ul><li>Di\u011fer Erasmus+ faaliyetleri i\u00e7in ortak bulmakla ilgileniyorsan\u0131z, yine ortak bulma arac\u0131n\u0131 kullanarak, ilgili arama filtrelerini se\u00e7erek yukar\u0131daki prosed\u00fcr\u00fc izleyin.<\/li><\/ul>\t\t\t\t\t\t\t\t<\/div>\n\t\t\t\t<\/div>\n\t\t\t\t\t<\/div>\n\t\t<\/div>\n\t\t\t\t\t<\/div>\n\t\t<\/section>\n\t\t\t\t<section class=\"elementor-section elementor-top-section elementor-element elementor-element-cc16725 ot-traditional elementor-section-boxed elementor-section-height-default elementor-section-height-default\" data-id=\"cc16725\" data-element_type=\"section\" data-e-type=\"section\">\n\t\t\t\t\t\t<div class=\"elementor-container elementor-column-gap-default\">\n\t\t\t\t\t<div class=\"elementor-column elementor-col-100 elementor-top-column elementor-element elementor-element-b84da6b ot-flex-column-vertical\" data-id=\"b84da6b\" data-element_type=\"column\" data-e-type=\"column\">\n\t\t\t<div class=\"elementor-widget-wrap elementor-element-populated\">\n\t\t\t\t\t\t<div class=\"elementor-element elementor-element-b108478 elementor-widget elementor-widget-heading\" data-id=\"b108478\" data-element_type=\"widget\" data-e-type=\"widget\" data-widget_type=\"heading.default\">\n\t\t\t\t<div class=\"elementor-widget-container\">\n\t\t\t\t\t<h3 class=\"elementor-heading-title elementor-size-default\">Faydal\u0131 ipu\u00e7lar\u0131<\/h3>\t\t\t\t<\/div>\n\t\t\t\t<\/div>\n\t\t\t\t<div class=\"elementor-element elementor-element-d99739a elementor-widget-divider--view-line elementor-widget elementor-widget-divider\" data-id=\"d99739a\" data-element_type=\"widget\" data-e-type=\"widget\" data-widget_type=\"divider.default\">\n\t\t\t\t<div class=\"elementor-widget-container\">\n\t\t\t\t\t\t\t<div class=\"elementor-divider\">\n\t\t\t<span class=\"elementor-divider-separator\">\n\t\t\t\t\t\t<\/span>\n\t\t<\/div>\n\t\t\t\t\t\t<\/div>\n\t\t\t\t<\/div>\n\t\t\t\t<div class=\"elementor-element elementor-element-3f8d4ca elementor-widget elementor-widget-text-editor\" data-id=\"3f8d4ca\" data-element_type=\"widget\" data-e-type=\"widget\" data-widget_type=\"text-editor.default\">\n\t\t\t\t<div class=\"elementor-widget-container\">\n\t\t\t\t\t\t\t\t\t<ol><li>Mesaj\u0131n\u0131z\u0131 yazarken tematik \u00fcnite, \u00f6\u011frencilerinizin ya\u015f\u0131 ve ileti\u015fim dili hakk\u0131nda net oldu\u011funuzdan emin olun (\u00f6rne\u011fin Yunan Mitolojisi Projesi, 8-13 ya\u015f aras\u0131 \u00f6\u011frenciler, \u0130ngilizce\/Yunanca). Mesaj\u0131n\u0131z\u0131 girdikten sonra, sadece di\u011fer meslekta\u015flar\u0131n\u0131zdan yan\u0131t bekleyerek pasif kalmay\u0131n. Her g\u00fcn onlarca mesaj g\u00f6nderilmektedir ve sonu\u00e7 olarak mesaj\u0131n\u0131z bir g\u00fcn sonra arama kutusunun ilk sayfalar\u0131nda g\u00f6r\u00fcnmeyebilir. Bu nedenle, di\u011fer meslekta\u015flar\u0131n\u0131zla ileti\u015fime ge\u00e7in, profillerini ziyaret edin ve i\u015fbirli\u011fi yapmak ilgi alanlar\u0131n\u0131za uygunsa, onlara kendinizi ve fikirlerinizi tan\u0131tan bir i\u00e7 e-posta g\u00f6nderin. Platformda yeni ve aktif faaliyet g\u00f6steren \u00f6\u011fretmenleri tercih edin.<\/li><\/ol><ol start=\"2\"><li>Belirli bir ortak grubuna karar verdikten sonra, proje s\u00fcresinin, proje i\u00e7in harcayaca\u011f\u0131n\u0131z zaman\u0131n ve beklenen sonu\u00e7lar\u0131n projeye dahil olan \u00f6\u011fretmenler aras\u0131nda farkl\u0131l\u0131k g\u00f6stermedi\u011finden emin olun. Hangi \u00fclkelerin projeyi onay i\u00e7in sunaca\u011f\u0131na karar verin ve di\u011fer \u00fcyeleri davet edin.<\/li><\/ol>\t\t\t\t\t\t\t\t<\/div>\n\t\t\t\t<\/div>\n\t\t\t\t\t<\/div>\n\t\t<\/div>\n\t\t\t\t\t<\/div>\n\t\t<\/section>\n\t\t\t\t<\/div>\n\t\t","protected":false},"excerpt":{"rendered":"<p>Ortak bulma Do\u011fru orta\u011f\u0131 bulmak, projenizin uygulanmas\u0131n\u0131 \u00f6nemli \u00f6l\u00e7\u00fcde belirleyecektir. Profilinizi g\u00fcncelleyin Platformdaki kimli\u011finiz olan ki\u015fisel profiliniz \u00fczerinde biraz zaman harcay\u0131n. \u0130\u015fbirli\u011fi tercihlerinizin iyi bir tan\u0131m\u0131n\u0131, bir foto\u011fraf\u0131n\u0131z\u0131 ve okulunuz ve \u00f6\u011frencileriniz hakk\u0131nda do\u011fru bilgileri girdi\u011finizden emin olun. G\u00fcncellenmi\u015f bir profil, di\u011fer kullan\u0131c\u0131lara platformun aktif \u00fcyeleri oldu\u011funuzu ve daha fazla ki\u015finin ilgisini \u00e7ekece\u011finizi s\u00f6yler. Sadece [&hellip;]<\/p>\n","protected":false},"author":1,"featured_media":0,"parent":6283,"menu_order":64,"comment_status":"closed","ping_status":"closed","template":"","meta":{"footnotes":""},"class_list":["post-6285","page","type-page","status-publish","hentry"],"_links":{"self":[{"href":"https:\/\/etwinning.idep.org.cy\/tr\/wp-json\/wp\/v2\/pages\/6285","targetHints":{"allow":["GET"]}}],"collection":[{"href":"https:\/\/etwinning.idep.org.cy\/tr\/wp-json\/wp\/v2\/pages"}],"about":[{"href":"https:\/\/etwinning.idep.org.cy\/tr\/wp-json\/wp\/v2\/types\/page"}],"author":[{"embeddable":true,"href":"https:\/\/etwinning.idep.org.cy\/tr\/wp-json\/wp\/v2\/users\/1"}],"replies":[{"embeddable":true,"href":"https:\/\/etwinning.idep.org.cy\/tr\/wp-json\/wp\/v2\/comments?post=6285"}],"version-history":[{"count":5,"href":"https:\/\/etwinning.idep.org.cy\/tr\/wp-json\/wp\/v2\/pages\/6285\/revisions"}],"predecessor-version":[{"id":6569,"href":"https:\/\/etwinning.idep.org.cy\/tr\/wp-json\/wp\/v2\/pages\/6285\/revisions\/6569"}],"up":[{"embeddable":true,"href":"https:\/\/etwinning.idep.org.cy\/tr\/wp-json\/wp\/v2\/pages\/6283"}],"wp:attachment":[{"href":"https:\/\/etwinning.idep.org.cy\/tr\/wp-json\/wp\/v2\/media?parent=6285"}],"curies":[{"name":"wp","href":"https:\/\/api.w.org\/{rel}","templated":true}]}}