{"id":6286,"date":"2023-06-27T11:46:25","date_gmt":"2023-06-27T08:46:25","guid":{"rendered":"https:\/\/etwinning.idep.org.cy\/?page_id=6286"},"modified":"2024-11-24T12:32:33","modified_gmt":"2024-11-24T10:32:33","slug":"programmatismos-tou-ergou","status":"publish","type":"page","link":"https:\/\/etwinning.idep.org.cy\/tr\/paidagogiki-ypostiriksi\/programmatismos-tou-ergou\/","title":{"rendered":"Projenin Planlanmas\u0131"},"content":{"rendered":"\t\t<div data-elementor-type=\"wp-page\" data-elementor-id=\"6286\" class=\"elementor elementor-6286 elementor-40\">\n\t\t\t\t\t\t<section class=\"elementor-section elementor-top-section elementor-element elementor-element-70d242b ot-traditional elementor-section-boxed elementor-section-height-default elementor-section-height-default\" data-id=\"70d242b\" data-element_type=\"section\" data-e-type=\"section\">\n\t\t\t\t\t\t<div class=\"elementor-container elementor-column-gap-default\">\n\t\t\t\t\t<div class=\"elementor-column elementor-col-100 elementor-top-column elementor-element elementor-element-0292f96 ot-flex-column-vertical\" data-id=\"0292f96\" data-element_type=\"column\" data-e-type=\"column\">\n\t\t\t<div class=\"elementor-widget-wrap elementor-element-populated\">\n\t\t\t\t\t\t<div class=\"elementor-element elementor-element-6e2be78 elementor-widget elementor-widget-heading\" data-id=\"6e2be78\" data-element_type=\"widget\" data-e-type=\"widget\" data-widget_type=\"heading.default\">\n\t\t\t\t<div class=\"elementor-widget-container\">\n\t\t\t\t\t<h3 class=\"elementor-heading-title elementor-size-default\">\u0130\u015fbirli\u011finizin temelini olu\u015fturacak a\u015fa\u011f\u0131daki konular\u0131 g\u00f6r\u00fc\u015fmek \u00fczere bir telekonferans d\u00fczenleyin:<\/h3>\t\t\t\t<\/div>\n\t\t\t\t<\/div>\n\t\t\t\t<div class=\"elementor-element elementor-element-2582606 elementor-widget-divider--view-line elementor-widget elementor-widget-divider\" data-id=\"2582606\" data-element_type=\"widget\" data-e-type=\"widget\" data-widget_type=\"divider.default\">\n\t\t\t\t<div class=\"elementor-widget-container\">\n\t\t\t\t\t\t\t<div class=\"elementor-divider\">\n\t\t\t<span class=\"elementor-divider-separator\">\n\t\t\t\t\t\t<\/span>\n\t\t<\/div>\n\t\t\t\t\t\t<\/div>\n\t\t\t\t<\/div>\n\t\t\t\t<div class=\"elementor-element elementor-element-be030ef elementor-widget elementor-widget-text-editor\" data-id=\"be030ef\" data-element_type=\"widget\" data-e-type=\"widget\" data-widget_type=\"text-editor.default\">\n\t\t\t\t<div class=\"elementor-widget-container\">\n\t\t\t\t\t\t\t\t\t<ul><li>Projeden ne bekliyorsunuz?<\/li><li>Kullanmak istedi\u011finiz dil nedir?<\/li><li>Proje zaman \u00e7izelgesi nedir?<\/li><li>Ula\u015fmak istedi\u011finiz e\u011fitim hedefleri nelerdir?<\/li><li>Projenin nihai sonu\u00e7lar\u0131 \u00f6\u011frencilerinizin becerileri a\u00e7\u0131s\u0131ndan ne \u00f6ng\u00f6r\u00fcyor?<\/li><li>\u00d6\u011frenciler karma \u00e7al\u0131\u015fma gruplar\u0131na ayr\u0131lacak m\u0131?<\/li><li>S\u0131n\u0131flar\u0131n\u0131z\/karma \u00f6\u011frenci gruplar\u0131n\u0131z ne s\u0131kl\u0131kla materyal payla\u015facak ya da birlikte \u00e7al\u0131\u015facak?<\/li><li>Proje boyunca hangi dersleri \u00f6\u011freteceksiniz?<\/li><li>\u00c7al\u0131\u015famayaca\u011f\u0131n\u0131z d\u00f6nemler var m\u0131 (s\u0131navlar, tatiller, vb.)?<\/li><\/ul>\t\t\t\t\t\t\t\t<\/div>\n\t\t\t\t<\/div>\n\t\t\t\t\t<\/div>\n\t\t<\/div>\n\t\t\t\t\t<\/div>\n\t\t<\/section>\n\t\t\t\t<section class=\"elementor-section elementor-top-section elementor-element elementor-element-3c16129 ot-traditional elementor-section-boxed elementor-section-height-default elementor-section-height-default\" data-id=\"3c16129\" data-element_type=\"section\" data-e-type=\"section\">\n\t\t\t\t\t\t<div class=\"elementor-container elementor-column-gap-default\">\n\t\t\t\t\t<div class=\"elementor-column elementor-col-100 elementor-top-column elementor-element elementor-element-f9d02e7 ot-flex-column-vertical\" data-id=\"f9d02e7\" data-element_type=\"column\" data-e-type=\"column\">\n\t\t\t<div class=\"elementor-widget-wrap elementor-element-populated\">\n\t\t\t\t\t\t<div class=\"elementor-element elementor-element-232771c elementor-widget elementor-widget-heading\" data-id=\"232771c\" data-element_type=\"widget\" data-e-type=\"widget\" data-widget_type=\"heading.default\">\n\t\t\t\t<div class=\"elementor-widget-container\">\n\t\t\t\t\t<h3 class=\"elementor-heading-title elementor-size-default\">\u0130leti\u015fim<\/h3>\t\t\t\t<\/div>\n\t\t\t\t<\/div>\n\t\t\t\t<div class=\"elementor-element elementor-element-006b71b elementor-widget-divider--view-line elementor-widget elementor-widget-divider\" data-id=\"006b71b\" data-element_type=\"widget\" data-e-type=\"widget\" data-widget_type=\"divider.default\">\n\t\t\t\t<div class=\"elementor-widget-container\">\n\t\t\t\t\t\t\t<div class=\"elementor-divider\">\n\t\t\t<span class=\"elementor-divider-separator\">\n\t\t\t\t\t\t<\/span>\n\t\t<\/div>\n\t\t\t\t\t\t<\/div>\n\t\t\t\t<\/div>\n\t\t\t\t<div class=\"elementor-element elementor-element-4d9f24d elementor-widget elementor-widget-text-editor\" data-id=\"4d9f24d\" data-element_type=\"widget\" data-e-type=\"widget\" data-widget_type=\"text-editor.default\">\n\t\t\t\t<div class=\"elementor-widget-container\">\n\t\t\t\t\t\t\t\t\t<p>Ortaklar\u0131n\u0131zla ileti\u015fim kurmak veya dosyalar\u0131 kaydetmek i\u00e7in Twinspace \u201c\u03a4eacher Bulletin\u201d ve \u201cMaterials\u201d platformunuzdaki ara\u00e7lar\u0131 veya ba\u015fka bir arac\u0131 kullan\u0131n. Projenin ba\u015flang\u0131c\u0131ndan itibaren, her bir Twinspace \u00e7al\u0131\u015fma grubundan bekledi\u011finiz materyalleri listeleyin ve bunlar\u0131n \u00fcretimi i\u00e7in zaman dilimleri belirleyin. Projenizin geli\u015fimini ve ilerlemesini koordine etmenizi sa\u011flayacak belirli \u00e7evrimi\u00e7i toplant\u0131lar ayarlay\u0131n. Herhangi bir sorunuz veya kar\u015f\u0131la\u015ft\u0131\u011f\u0131n\u0131z zorluklar i\u00e7in bizimle ileti\u015fime ge\u00e7mekten \u00e7ekinmeyin.<\/p><p>Herhangi bir de\u011fi\u015fiklik olursa, ortaklar\u0131n\u0131z\u0131 m\u00fcmk\u00fcn olan en k\u0131sa s\u00fcrede bilgilendirdi\u011finizden emin olun. Ki\u015fisel \u00e7al\u0131\u015fma y\u00f6ntemlerinin yan\u0131 s\u0131ra farkl\u0131 profesyonel ve k\u00fclt\u00fcrel k\u00fclt\u00fcrlere sahip oldu\u011funuzu unutmay\u0131n. D\u00fczenli ileti\u015fim, herhangi bir yanl\u0131\u015f anlamay\u0131 \u00f6nlemenize yard\u0131mc\u0131 olacakt\u0131r.<\/p>\t\t\t\t\t\t\t\t<\/div>\n\t\t\t\t<\/div>\n\t\t\t\t<div class=\"elementor-element elementor-element-65581dd elementor-hidden-desktop elementor-hidden-tablet elementor-hidden-mobile elementor-widget elementor-widget-text-editor\" data-id=\"65581dd\" data-element_type=\"widget\" data-e-type=\"widget\" data-widget_type=\"text-editor.default\">\n\t\t\t\t<div class=\"elementor-widget-container\">\n\t\t\t\t\t\t\t\t\t\u03a7\u03c1\u03b7\u03c3\u03b9\u03bc\u03bf\u03c0\u03bf\u03b9\u03ae\u03c3\u03c4\u03b5 \u03c4\u03bf\u03bd \u00ab\u03a0\u03af\u03bd\u03b1\u03ba\u03b1 \u03b1\u03bd\u03b1\u03ba\u03bf\u03b9\u03bd\u03ce\u03c3\u03b5\u03c9\u03bd \u03c4\u03c9\u03bd \u0395\u03ba\u03c0\u03b1\u03b9\u03b4\u03b5\u03c5\u03c4\u03b9\u03ba\u03ce\u03bd\u00bb \u03c4\u03bf\u03c5 Twinspace \u03c3\u03b1\u03c2 \u03ae \u03ba\u03ac\u03c0\u03bf\u03b9\u03bf \u03ac\u03bb\u03bb\u03bf \u03b5\u03c1\u03b3\u03b1\u03bb\u03b5\u03af\u03bf \u03c0\u03c1\u03bf\u03ba\u03b5\u03b9\u03bc\u03ad\u03bd\u03bf\u03c5 \u03bd\u03b1 \u03b5\u03c0\u03b9\u03ba\u03bf\u03b9\u03bd\u03c9\u03bd\u03b5\u03af\u03c4\u03b5 \u03ae \u03bd\u03b1 \u03b1\u03c0\u03bf\u03b8\u03b7\u03ba\u03b5\u03cd\u03b5\u03c4\u03b5 \u03c4\u03b1 \u03b1\u03c1\u03c7\u03b5\u03af\u03b1 \u03bc\u03b5 \u03c4\u03bf\u03c5\u03c2 \u03b5\u03c4\u03b1\u03af\u03c1\u03bf\u03c5\u03c2 \u03c3\u03b1\u03c2. \u0391\u03c0\u03cc \u03c4\u03b7\u03bd \u03b1\u03c1\u03c7\u03ae \u03c4\u03bf\u03c5 \u03ad\u03c1\u03b3\u03bf\u03c5, \u03ba\u03b1\u03c4\u03b1\u03b3\u03c1\u03ac\u03c8\u03c4\u03b5 \u03c4\u03bf \u03c5\u03bb\u03b9\u03ba\u03cc \u03c0\u03bf\u03c5 \u03b1\u03bd\u03b1\u03bc\u03ad\u03bd\u03b5\u03c4\u03b5 \u03b1\u03c0\u03cc \u03ba\u03ac\u03b8\u03b5 \u03bf\u03bc\u03ac\u03b4\u03b1 \u03b5\u03c1\u03b3\u03b1\u03c3\u03af\u03b1\u03c2 \u03c3\u03c4\u03bf Twinspace \u03ba\u03b1\u03b9 \u03bf\u03c1\u03af\u03c3\u03c4\u03b5 \u03c7\u03c1\u03bf\u03bd\u03b9\u03ba\u03ac \u03c0\u03b5\u03c1\u03b9\u03b8\u03ce\u03c1\u03b9\u03b1 \u03b3\u03b9\u03b1 \u03c4\u03b7\u03bd \u03c0\u03b1\u03c1\u03b1\u03b3\u03c9\u03b3\u03ae \u03c4\u03bf\u03c5\u03c2. \u039f\u03c1\u03af\u03c3\u03c4\u03b5 \u03c3\u03c5\u03b3\u03ba\u03b5\u03ba\u03c1\u03b9\u03bc\u03ad\u03bd\u03b5\u03c2 online\u03c3\u03c5\u03bd\u03b1\u03bd\u03c4\u03ae\u03c3\u03b5\u03b9\u03c2 \u03c0\u03bf\u03c5 \u03b8\u03b1 \u03c3\u03b1\u03c2 \u03b5\u03c0\u03b9\u03c4\u03c1\u03ad\u03c0\u03bf\u03c5\u03bd \u03bd\u03b1 \u03c3\u03c5\u03bd\u03c4\u03bf\u03bd\u03af\u03b6\u03b5\u03c4\u03b5 \u03c4\u03b7\u03bd \u03b5\u03be\u03ad\u03bb\u03b9\u03be\u03b7 \u03ba\u03b1\u03b9 \u03c0\u03c1\u03cc\u03bf\u03b4\u03bf \u03c4\u03bf\u03c5 \u03ad\u03c1\u03b3\u03bf\u03c5 \u03c3\u03b1\u03c2. \u039c\u03b7 \u03b4\u03b9\u03c3\u03c4\u03ac\u03c3\u03b5\u03c4\u03b5 \u03bd\u03b1 \u03b5\u03c0\u03b9\u03ba\u03bf\u03b9\u03bd\u03c9\u03bd\u03ae\u03c3\u03b5\u03c4\u03b5 \u03bc\u03b1\u03b6\u03af \u03bc\u03b1\u03c2 \u03b3\u03b9\u03b1 \u03c4\u03c5\u03c7\u03cc\u03bd \u03b1\u03c0\u03bf\u03c1\u03af\u03b5\u03c2 \u03ae \u03b4\u03c5\u03c3\u03ba\u03bf\u03bb\u03af\u03b5\u03c2 \u03c0\u03bf\u03c5 \u03b1\u03bd\u03c4\u03b9\u03bc\u03b5\u03c4\u03c9\u03c0\u03af\u03b6\u03b5\u03c4\u03b5 \u03c7\u03c1\u03b7\u03c3\u03b9\u03bc\u03bf\u03c0\u03bf\u03b9\u03ce\u03bd\u03c4\u03b1\u03c2 \u03c4\u03b7\u03bd \u039a\u03ac\u03c1\u03c4\u03b1 \u0388\u03c1\u03b3\u03bf\u03c5.\n\t\t\t\t\t\t\t\t<\/div>\n\t\t\t\t<\/div>\n\t\t\t\t\t<\/div>\n\t\t<\/div>\n\t\t\t\t\t<\/div>\n\t\t<\/section>\n\t\t\t\t<section class=\"elementor-section elementor-top-section elementor-element elementor-element-dd55091 ot-traditional elementor-section-boxed elementor-section-height-default elementor-section-height-default\" data-id=\"dd55091\" data-element_type=\"section\" data-e-type=\"section\">\n\t\t\t\t\t\t<div class=\"elementor-container elementor-column-gap-default\">\n\t\t\t\t\t<div class=\"elementor-column elementor-col-100 elementor-top-column elementor-element elementor-element-6707791 ot-flex-column-vertical\" data-id=\"6707791\" data-element_type=\"column\" data-e-type=\"column\">\n\t\t\t<div class=\"elementor-widget-wrap elementor-element-populated\">\n\t\t\t\t\t\t<div class=\"elementor-element elementor-element-4367f7f elementor-widget elementor-widget-heading\" data-id=\"4367f7f\" data-element_type=\"widget\" data-e-type=\"widget\" data-widget_type=\"heading.default\">\n\t\t\t\t<div class=\"elementor-widget-container\">\n\t\t\t\t\t<h3 class=\"elementor-heading-title elementor-size-default\">\u00d6\u011frencilerin aktif kat\u0131l\u0131m\u0131<\/h3>\t\t\t\t<\/div>\n\t\t\t\t<\/div>\n\t\t\t\t<div class=\"elementor-element elementor-element-4ea7b6d elementor-widget-divider--view-line elementor-widget elementor-widget-divider\" data-id=\"4ea7b6d\" data-element_type=\"widget\" data-e-type=\"widget\" data-widget_type=\"divider.default\">\n\t\t\t\t<div class=\"elementor-widget-container\">\n\t\t\t\t\t\t\t<div class=\"elementor-divider\">\n\t\t\t<span class=\"elementor-divider-separator\">\n\t\t\t\t\t\t<\/span>\n\t\t<\/div>\n\t\t\t\t\t\t<\/div>\n\t\t\t\t<\/div>\n\t\t\t\t<div class=\"elementor-element elementor-element-698334c elementor-widget elementor-widget-text-editor\" data-id=\"698334c\" data-element_type=\"widget\" data-e-type=\"widget\" data-widget_type=\"text-editor.default\">\n\t\t\t\t<div class=\"elementor-widget-container\">\n\t\t\t\t\t\t\t\t\t<p>\u00d6\u011frencilerinizi eTwinning projesinin Twinspace&#8217;ine davet ederek aktif kat\u0131l\u0131mlar\u0131n\u0131 sa\u011flay\u0131n. Onlara, materyalleri kendilerinin yay\u0131nlamalar\u0131na izin verecek haklar (\u00f6rne\u011fin \u201c\u00f6\u011frenci y\u00f6neticisi\u201d) verin (\u00f6\u011frencilerinizin ya\u015f\u0131 i\u00e7in m\u00fcmk\u00fcn oldu\u011funda). \u0130\u015fbirli\u011finizin nihai sonucunu se\u00e7erek, \u00f6\u011frencilerinize rehberlik edebilir ve ayr\u0131ca onlar\u0131 projeyle ilgili karar alma s\u00fcrecine aktif olarak dahil edebilirsiniz. Projenin konusunu (\u00f6rne\u011fin s\u00fcrd\u00fcr\u00fclebilir kalk\u0131nma) bilen \u00f6\u011frenciler, uygulamak istedikleri baz\u0131 faaliyetler aras\u0131nda oylama yapabilir veya di\u011fer okullarla i\u015fbirli\u011fi ba\u011flam\u0131nda ele almak istedikleri alt konulara karar verebilirler. \u00d6\u011frenciler\/s\u0131n\u0131flar aras\u0131ndaki i\u015fbirli\u011fi y\u00f6ntemleri, \u00fcretmeleri istenen nihai sonucun t\u00fcr\u00fc ve kapsam\u0131 ile \u00f6\u011frencilerin ya\u015f\u0131na ba\u011fl\u0131 olarak de\u011fi\u015fir. Bir \u00f6yk\u00fc\/hikaye\/tiyatro eserinin ortakla\u015fa yaz\u0131lmas\u0131, ortak bir gazete veya belgeselin olu\u015fturulmas\u0131, eTwinning i\u015fbirli\u011finin baz\u0131 tipik son \u00fcr\u00fcnleridir. Liste kesinlikle sonsuzdur, bu nedenle kendinizin ve \u00f6\u011frencilerinizin hayal g\u00fcc\u00fcn\u00fc kullanmaktan \u00e7ekinmeyin.<\/p>\t\t\t\t\t\t\t\t<\/div>\n\t\t\t\t<\/div>\n\t\t\t\t<div class=\"elementor-element elementor-element-868f4b4 elementor-widget elementor-widget-text-editor\" data-id=\"868f4b4\" data-element_type=\"widget\" data-e-type=\"widget\" data-widget_type=\"text-editor.default\">\n\t\t\t\t<div class=\"elementor-widget-container\">\n\t\t\t\t\t\t\t\t\t<p>Yeni fikirlere ilham vermek \u00fczere kullan\u0131labilecek daha fazla proje \u00f6rne\u011fi i\u00e7in l\u00fctfen a\u015fa\u011f\u0131daki <a href=\"https:\/\/school-education.ec.europa.eu\/en\/teach\/project-kits?prefLang=el\">Project Kit<\/a> ba\u011flant\u0131s\u0131n\u0131 ziyaret edin.<\/p>\t\t\t\t\t\t\t\t<\/div>\n\t\t\t\t<\/div>\n\t\t\t\t\t<\/div>\n\t\t<\/div>\n\t\t\t\t\t<\/div>\n\t\t<\/section>\n\t\t\t\t<\/div>\n\t\t","protected":false},"excerpt":{"rendered":"<p>\u0130\u015fbirli\u011finizin temelini olu\u015fturacak a\u015fa\u011f\u0131daki konular\u0131 g\u00f6r\u00fc\u015fmek \u00fczere bir telekonferans d\u00fczenleyin: Projeden ne bekliyorsunuz? Kullanmak istedi\u011finiz dil nedir? Proje zaman \u00e7izelgesi nedir? Ula\u015fmak istedi\u011finiz e\u011fitim hedefleri nelerdir? Projenin nihai sonu\u00e7lar\u0131 \u00f6\u011frencilerinizin becerileri a\u00e7\u0131s\u0131ndan ne \u00f6ng\u00f6r\u00fcyor? \u00d6\u011frenciler karma \u00e7al\u0131\u015fma gruplar\u0131na ayr\u0131lacak m\u0131? S\u0131n\u0131flar\u0131n\u0131z\/karma \u00f6\u011frenci gruplar\u0131n\u0131z ne s\u0131kl\u0131kla materyal payla\u015facak ya da birlikte \u00e7al\u0131\u015facak? Proje boyunca hangi dersleri [&hellip;]<\/p>\n","protected":false},"author":1,"featured_media":0,"parent":6283,"menu_order":67,"comment_status":"closed","ping_status":"closed","template":"","meta":{"footnotes":""},"class_list":["post-6286","page","type-page","status-publish","hentry"],"_links":{"self":[{"href":"https:\/\/etwinning.idep.org.cy\/tr\/wp-json\/wp\/v2\/pages\/6286","targetHints":{"allow":["GET"]}}],"collection":[{"href":"https:\/\/etwinning.idep.org.cy\/tr\/wp-json\/wp\/v2\/pages"}],"about":[{"href":"https:\/\/etwinning.idep.org.cy\/tr\/wp-json\/wp\/v2\/types\/page"}],"author":[{"embeddable":true,"href":"https:\/\/etwinning.idep.org.cy\/tr\/wp-json\/wp\/v2\/users\/1"}],"replies":[{"embeddable":true,"href":"https:\/\/etwinning.idep.org.cy\/tr\/wp-json\/wp\/v2\/comments?post=6286"}],"version-history":[{"count":5,"href":"https:\/\/etwinning.idep.org.cy\/tr\/wp-json\/wp\/v2\/pages\/6286\/revisions"}],"predecessor-version":[{"id":6572,"href":"https:\/\/etwinning.idep.org.cy\/tr\/wp-json\/wp\/v2\/pages\/6286\/revisions\/6572"}],"up":[{"embeddable":true,"href":"https:\/\/etwinning.idep.org.cy\/tr\/wp-json\/wp\/v2\/pages\/6283"}],"wp:attachment":[{"href":"https:\/\/etwinning.idep.org.cy\/tr\/wp-json\/wp\/v2\/media?parent=6286"}],"curies":[{"name":"wp","href":"https:\/\/api.w.org\/{rel}","templated":true}]}}