{"id":6287,"date":"2023-06-27T11:46:17","date_gmt":"2023-06-27T08:46:17","guid":{"rendered":"https:\/\/etwinning.idep.org.cy\/?page_id=6287"},"modified":"2024-11-24T12:35:44","modified_gmt":"2024-11-24T10:35:44","slug":"oloklirosi-tou-ergou","status":"publish","type":"page","link":"https:\/\/etwinning.idep.org.cy\/tr\/paidagogiki-ypostiriksi\/oloklirosi-tou-ergou\/","title":{"rendered":"Projenin tamamlanmas\u0131"},"content":{"rendered":"\t\t<div data-elementor-type=\"wp-page\" data-elementor-id=\"6287\" class=\"elementor elementor-6287 elementor-38\">\n\t\t\t\t\t\t<section class=\"elementor-section elementor-top-section elementor-element elementor-element-e881117 ot-traditional elementor-section-boxed elementor-section-height-default elementor-section-height-default\" data-id=\"e881117\" data-element_type=\"section\" data-e-type=\"section\">\n\t\t\t\t\t\t<div class=\"elementor-container elementor-column-gap-default\">\n\t\t\t\t\t<div class=\"elementor-column elementor-col-100 elementor-top-column elementor-element elementor-element-bf188df ot-flex-column-vertical\" data-id=\"bf188df\" data-element_type=\"column\" data-e-type=\"column\">\n\t\t\t<div class=\"elementor-widget-wrap elementor-element-populated\">\n\t\t\t\t\t\t<div class=\"elementor-element elementor-element-ecf9b5c elementor-widget elementor-widget-heading\" data-id=\"ecf9b5c\" data-element_type=\"widget\" data-e-type=\"widget\" data-widget_type=\"heading.default\">\n\t\t\t\t<div class=\"elementor-widget-container\">\n\t\t\t\t\t<h3 class=\"elementor-heading-title elementor-size-default\">Projenin tamamlanmas\u0131<\/h3>\t\t\t\t<\/div>\n\t\t\t\t<\/div>\n\t\t\t\t<div class=\"elementor-element elementor-element-c58df7f elementor-widget-divider--view-line elementor-widget elementor-widget-divider\" data-id=\"c58df7f\" data-element_type=\"widget\" data-e-type=\"widget\" data-widget_type=\"divider.default\">\n\t\t\t\t<div class=\"elementor-widget-container\">\n\t\t\t\t\t\t\t<div class=\"elementor-divider\">\n\t\t\t<span class=\"elementor-divider-separator\">\n\t\t\t\t\t\t<\/span>\n\t\t<\/div>\n\t\t\t\t\t\t<\/div>\n\t\t\t\t<\/div>\n\t\t\t\t<div class=\"elementor-element elementor-element-959436c elementor-widget elementor-widget-text-editor\" data-id=\"959436c\" data-element_type=\"widget\" data-e-type=\"widget\" data-widget_type=\"text-editor.default\">\n\t\t\t\t<div class=\"elementor-widget-container\">\n\t\t\t\t\t\t\t\t\t<p>Projenizin uygulanmas\u0131 s\u0131ras\u0131nda girdi\u011finiz materyaller yaln\u0131zca Twinspace \u00fcyeleri taraf\u0131ndan kullan\u0131labilir. Sonu\u00e7lar\u0131n\u0131z\u0131 daha iyi yaymak i\u00e7in ve bir eTwinning Kalite Etiketi i\u00e7in ba\u015fvurmay\u0131 d\u00fc\u015f\u00fcn\u00fcyorsan\u0131z, projenizin tamam\u0131n\u0131 veya bir k\u0131sm\u0131n\u0131 yay\u0131nlaman\u0131z\u0131 \u00f6neririz. Twinspace&#8217;iniz, daha geni\u015f bir kitle taraf\u0131ndan g\u00f6r\u00fclebilir hale getirilerek proje ekibi, \u00f6\u011frenciler, \u00e7al\u0131\u015fman\u0131zdan ilham alabilecek di\u011fer okullar ve Ulusal Destek Organizasyonu ve Merkezi Destek Servisi (NSO ve CSS) i\u00e7in de\u011ferli bir de\u011ferlendirme arac\u0131 haline gelir.<\/p><p>Yerel gazetelerde veya okulunuzun web sitesinde yap\u0131lan yay\u0131nlar, \u00fcretilen materyalin daha fazla tan\u0131t\u0131lmas\u0131n\u0131 sa\u011flayabilir.<\/p>\t\t\t\t\t\t\t\t<\/div>\n\t\t\t\t<\/div>\n\t\t\t\t\t<\/div>\n\t\t<\/div>\n\t\t\t\t\t<\/div>\n\t\t<\/section>\n\t\t\t\t<section class=\"elementor-section elementor-top-section elementor-element elementor-element-8ec0081 ot-traditional elementor-section-boxed elementor-section-height-default elementor-section-height-default\" data-id=\"8ec0081\" data-element_type=\"section\" data-e-type=\"section\">\n\t\t\t\t\t\t<div class=\"elementor-container elementor-column-gap-default\">\n\t\t\t\t\t<div class=\"elementor-column elementor-col-100 elementor-top-column elementor-element elementor-element-9aca181 ot-flex-column-vertical\" data-id=\"9aca181\" data-element_type=\"column\" data-e-type=\"column\">\n\t\t\t<div class=\"elementor-widget-wrap elementor-element-populated\">\n\t\t\t\t\t\t<div class=\"elementor-element elementor-element-c2ce95a elementor-widget elementor-widget-heading\" data-id=\"c2ce95a\" data-element_type=\"widget\" data-e-type=\"widget\" data-widget_type=\"heading.default\">\n\t\t\t\t<div class=\"elementor-widget-container\">\n\t\t\t\t\t<h3 class=\"elementor-heading-title elementor-size-default\">Projenin de\u011ferlendirilmesi<\/h3>\t\t\t\t<\/div>\n\t\t\t\t<\/div>\n\t\t\t\t<div class=\"elementor-element elementor-element-c00b933 elementor-widget-divider--view-line elementor-widget elementor-widget-divider\" data-id=\"c00b933\" data-element_type=\"widget\" data-e-type=\"widget\" data-widget_type=\"divider.default\">\n\t\t\t\t<div class=\"elementor-widget-container\">\n\t\t\t\t\t\t\t<div class=\"elementor-divider\">\n\t\t\t<span class=\"elementor-divider-separator\">\n\t\t\t\t\t\t<\/span>\n\t\t<\/div>\n\t\t\t\t\t\t<\/div>\n\t\t\t\t<\/div>\n\t\t\t\t<div class=\"elementor-element elementor-element-ae4ffb5 elementor-widget elementor-widget-text-editor\" data-id=\"ae4ffb5\" data-element_type=\"widget\" data-e-type=\"widget\" data-widget_type=\"text-editor.default\">\n\t\t\t\t<div class=\"elementor-widget-container\">\n\t\t\t\t\t\t\t\t\t<p>Proje tamamland\u0131\u011f\u0131nda, \u00f6\u011frenci ve \u00f6\u011fretmenlerin projenin \u00f6\u011fretim, pedagojik ve e\u011fitim y\u00f6nleriyle ilgili ara de\u011ferlendirmelerini toplay\u0131n. Bu \u015fekilde, de\u011ferlendirecek daha genel bir resim sentezleyebileceksiniz:<\/p><ul><li>Projeniz ve onu uygulamak i\u00e7in kulland\u0131\u011f\u0131n\u0131z y\u00f6ntemler ne kadar yenilik\u00e7iydi?<\/li><li>\u00d6\u011frenciler aras\u0131ndaki ileti\u015fim\/i\u015fbirli\u011fi derecesi<\/li><li>Se\u00e7ti\u011finiz B\u0130T&#8217;lerin etkin kullan\u0131m\u0131<\/li><li>Projenin \u00f6\u011frencilerinizde geli\u015ftirmeyi ba\u015fard\u0131\u011f\u0131 beceriler<\/li><li>Di\u011fer akt\u00f6rlerin projeye kat\u0131l\u0131m\u0131 (okul personeli, ebeveynler, yerel toplum)<\/li><\/ul>\t\t\t\t\t\t\t\t<\/div>\n\t\t\t\t<\/div>\n\t\t\t\t\t<\/div>\n\t\t<\/div>\n\t\t\t\t\t<\/div>\n\t\t<\/section>\n\t\t\t\t<section class=\"elementor-section elementor-top-section elementor-element elementor-element-14138da ot-traditional elementor-section-boxed elementor-section-height-default elementor-section-height-default\" data-id=\"14138da\" data-element_type=\"section\" data-e-type=\"section\">\n\t\t\t\t\t\t<div class=\"elementor-container elementor-column-gap-default\">\n\t\t\t\t\t<div class=\"elementor-column elementor-col-100 elementor-top-column elementor-element elementor-element-ca93dd6 ot-flex-column-vertical\" data-id=\"ca93dd6\" data-element_type=\"column\" data-e-type=\"column\">\n\t\t\t<div class=\"elementor-widget-wrap elementor-element-populated\">\n\t\t\t\t\t\t<div class=\"elementor-element elementor-element-377f51d elementor-widget elementor-widget-heading\" data-id=\"377f51d\" data-element_type=\"widget\" data-e-type=\"widget\" data-widget_type=\"heading.default\">\n\t\t\t\t<div class=\"elementor-widget-container\">\n\t\t\t\t\t<h3 class=\"elementor-heading-title elementor-size-default\">Kalite Etiketi i\u00e7in Ba\u015fvurun<\/h3>\t\t\t\t<\/div>\n\t\t\t\t<\/div>\n\t\t\t\t<div class=\"elementor-element elementor-element-39e9bf8 elementor-widget-divider--view-line elementor-widget elementor-widget-divider\" data-id=\"39e9bf8\" data-element_type=\"widget\" data-e-type=\"widget\" data-widget_type=\"divider.default\">\n\t\t\t\t<div class=\"elementor-widget-container\">\n\t\t\t\t\t\t\t<div class=\"elementor-divider\">\n\t\t\t<span class=\"elementor-divider-separator\">\n\t\t\t\t\t\t<\/span>\n\t\t<\/div>\n\t\t\t\t\t\t<\/div>\n\t\t\t\t<\/div>\n\t\t\t\t<div class=\"elementor-element elementor-element-74bf7af elementor-widget elementor-widget-text-editor\" data-id=\"74bf7af\" data-element_type=\"widget\" data-e-type=\"widget\" data-widget_type=\"text-editor.default\">\n\t\t\t\t<div class=\"elementor-widget-container\">\n\t\t\t\t\t\t\t\t\t<p>Ulusal ve Avrupa Kalite Etiketleri i\u00e7in ko\u015fullar\u0131 ve de\u011ferlendirme kriterlerini kar\u015f\u0131lad\u0131\u011f\u0131n\u0131zdan emin olun ve ard\u0131ndan ba\u015fvurunuzu \u00e7evrimi\u00e7i olarak g\u00f6nderin. Ko\u015fullar ve kriterler i\u00e7in l\u00fctfen a\u015fa\u011f\u0131daki <a href=\"https:\/\/school-education.ec.europa.eu\/en\/etwinning\/labels\/etwinning-national-quality-label\">ba\u011flant\u0131ya<\/a> ve yararl\u0131 tavsiye formuna bak\u0131n<\/p><p>Avrupa Kalite Etiketini g\u00fcvence alt\u0131na alarak Avrupa eTwinning \u00d6d\u00fcl\u00fc i\u00e7in de ba\u015fvurabilirsiniz.<\/p><p>Avrupa eTwinning \u00d6d\u00fcl\u00fcne lay\u0131k g\u00f6r\u00fclen K\u0131br\u0131s projeleri: :<\/p><p><img decoding=\"async\" class=\"alignnone size-full wp-image-5451\" src=\"https:\/\/etwinning.idep.org.cy\/wp-content\/uploads\/2023\/08\/eTwinning-prizes.png\" alt=\"\" width=\"162\" height=\"162\" srcset=\"https:\/\/etwinning.idep.org.cy\/wp-content\/uploads\/2023\/08\/eTwinning-prizes.png 162w, https:\/\/etwinning.idep.org.cy\/wp-content\/uploads\/2023\/08\/eTwinning-prizes-150x150.png 150w\" sizes=\"(max-width: 162px) 100vw, 162px\" \/><\/p>\t\t\t\t\t\t\t\t<\/div>\n\t\t\t\t<\/div>\n\t\t\t\t\t<\/div>\n\t\t<\/div>\n\t\t\t\t\t<\/div>\n\t\t<\/section>\n\t\t\t\t<section class=\"elementor-section elementor-top-section elementor-element elementor-element-3605e68 ot-traditional elementor-section-boxed elementor-section-height-default elementor-section-height-default\" data-id=\"3605e68\" data-element_type=\"section\" data-e-type=\"section\">\n\t\t\t\t\t\t<div class=\"elementor-container elementor-column-gap-default\">\n\t\t\t\t\t<div class=\"elementor-column elementor-col-100 elementor-top-column elementor-element elementor-element-330fb6c ot-flex-column-vertical\" data-id=\"330fb6c\" data-element_type=\"column\" data-e-type=\"column\">\n\t\t\t<div class=\"elementor-widget-wrap elementor-element-populated\">\n\t\t\t\t\t\t<div class=\"elementor-element elementor-element-ea34dc9 elementor-widget elementor-widget-accordion\" data-id=\"ea34dc9\" data-element_type=\"widget\" data-e-type=\"widget\" data-widget_type=\"accordion.default\">\n\t\t\t\t<div class=\"elementor-widget-container\">\n\t\t\t\t\t\t\t<div class=\"elementor-accordion\">\n\t\t\t\t\t\t\t<div class=\"elementor-accordion-item\">\n\t\t\t\t\t<div id=\"elementor-tab-title-2451\" class=\"elementor-tab-title\" data-tab=\"1\" role=\"button\" aria-controls=\"elementor-tab-content-2451\" aria-expanded=\"false\">\n\t\t\t\t\t\t\t\t\t\t\t\t\t<span class=\"elementor-accordion-icon elementor-accordion-icon-left\" aria-hidden=\"true\">\n\t\t\t\t\t\t\t\t\t\t\t\t\t\t\t<span class=\"elementor-accordion-icon-closed\"><i class=\"fas fa-plus\"><\/i><\/span>\n\t\t\t\t\t\t\t\t<span class=\"elementor-accordion-icon-opened\"><i class=\"fas fa-minus\"><\/i><\/span>\n\t\t\t\t\t\t\t\t\t\t\t\t\t\t<\/span>\n\t\t\t\t\t\t\t\t\t\t\t\t<a class=\"elementor-accordion-title\" tabindex=\"0\">Avrupa eTwinning \u00d6d\u00fclleri 2017<\/a>\n\t\t\t\t\t<\/div>\n\t\t\t\t\t<div id=\"elementor-tab-content-2451\" class=\"elementor-tab-content elementor-clearfix\" data-tab=\"1\" role=\"region\" aria-labelledby=\"elementor-tab-title-2451\"><p>\u201cEvrenin kap\u0131lar\u0131n\u0131 a\u00e7\u0131n\u201d &#8211; Marie Sk\u0142odowska Curie \u00d6d\u00fcl\u00fc<\/p><p>Dasaki Achna \u201cFotis Pittas\u201d \u0130lk\u00f6\u011fretim Okulu, Koordinat\u00f6r \u00d6\u011fretmen: George Konstantinou<\/p><\/div>\n\t\t\t\t<\/div>\n\t\t\t\t\t\t\t<div class=\"elementor-accordion-item\">\n\t\t\t\t\t<div id=\"elementor-tab-title-2452\" class=\"elementor-tab-title\" data-tab=\"2\" role=\"button\" aria-controls=\"elementor-tab-content-2452\" aria-expanded=\"false\">\n\t\t\t\t\t\t\t\t\t\t\t\t\t<span class=\"elementor-accordion-icon elementor-accordion-icon-left\" aria-hidden=\"true\">\n\t\t\t\t\t\t\t\t\t\t\t\t\t\t\t<span class=\"elementor-accordion-icon-closed\"><i class=\"fas fa-plus\"><\/i><\/span>\n\t\t\t\t\t\t\t\t<span class=\"elementor-accordion-icon-opened\"><i class=\"fas fa-minus\"><\/i><\/span>\n\t\t\t\t\t\t\t\t\t\t\t\t\t\t<\/span>\n\t\t\t\t\t\t\t\t\t\t\t\t<a class=\"elementor-accordion-title\" tabindex=\"0\">Avrupa eTwinning \u00d6d\u00fclleri 2016<\/a>\n\t\t\t\t\t<\/div>\n\t\t\t\t\t<div id=\"elementor-tab-content-2452\" class=\"elementor-tab-content elementor-clearfix\" data-tab=\"2\" role=\"region\" aria-labelledby=\"elementor-tab-title-2452\"><p>\u201cBeau ve Delfi&#8217;yi Aramak\u201d &#8211; 4-11 ya\u015f kategorisi i\u00e7in \u00f6d\u00fcl<\/p><ol start=\"6\"><li>Ag. Stylianos \u0130lkokulu, Koordinat\u00f6r \u00d6\u011fretmen: Nikos Siekkeris<\/li><\/ol><\/div>\n\t\t\t\t<\/div>\n\t\t\t\t\t\t\t<div class=\"elementor-accordion-item\">\n\t\t\t\t\t<div id=\"elementor-tab-title-2453\" class=\"elementor-tab-title\" data-tab=\"3\" role=\"button\" aria-controls=\"elementor-tab-content-2453\" aria-expanded=\"false\">\n\t\t\t\t\t\t\t\t\t\t\t\t\t<span class=\"elementor-accordion-icon elementor-accordion-icon-left\" aria-hidden=\"true\">\n\t\t\t\t\t\t\t\t\t\t\t\t\t\t\t<span class=\"elementor-accordion-icon-closed\"><i class=\"fas fa-plus\"><\/i><\/span>\n\t\t\t\t\t\t\t\t<span class=\"elementor-accordion-icon-opened\"><i class=\"fas fa-minus\"><\/i><\/span>\n\t\t\t\t\t\t\t\t\t\t\t\t\t\t<\/span>\n\t\t\t\t\t\t\t\t\t\t\t\t<a class=\"elementor-accordion-title\" tabindex=\"0\">Avrupa eTwinning \u00d6d\u00fclleri 2015<\/a>\n\t\t\t\t\t<\/div>\n\t\t\t\t\t<div id=\"elementor-tab-content-2453\" class=\"elementor-tab-content elementor-clearfix\" data-tab=\"3\" role=\"region\" aria-labelledby=\"elementor-tab-title-2453\"><p>\u201cMMM: MoreMeaningfulMath\u201d &#8211;<\/p><p>\u201c\u0130ngilizce Dil \u00d6d\u00fcl\u00fc\u201d, Linopetra Lisesi, Koordinat\u00f6r \u00d6\u011fretmen: Elena Papamichael<\/p><\/div>\n\t\t\t\t<\/div>\n\t\t\t\t\t\t\t<div class=\"elementor-accordion-item\">\n\t\t\t\t\t<div id=\"elementor-tab-title-2454\" class=\"elementor-tab-title\" data-tab=\"4\" role=\"button\" aria-controls=\"elementor-tab-content-2454\" aria-expanded=\"false\">\n\t\t\t\t\t\t\t\t\t\t\t\t\t<span class=\"elementor-accordion-icon elementor-accordion-icon-left\" aria-hidden=\"true\">\n\t\t\t\t\t\t\t\t\t\t\t\t\t\t\t<span class=\"elementor-accordion-icon-closed\"><i class=\"fas fa-plus\"><\/i><\/span>\n\t\t\t\t\t\t\t\t<span class=\"elementor-accordion-icon-opened\"><i class=\"fas fa-minus\"><\/i><\/span>\n\t\t\t\t\t\t\t\t\t\t\t\t\t\t<\/span>\n\t\t\t\t\t\t\t\t\t\t\t\t<a class=\"elementor-accordion-title\" tabindex=\"0\">Avrupa eTwinning \u00d6d\u00fclleri 2013<\/a>\n\t\t\t\t\t<\/div>\n\t\t\t\t\t<div id=\"elementor-tab-content-2454\" class=\"elementor-tab-content elementor-clearfix\" data-tab=\"4\" role=\"region\" aria-labelledby=\"elementor-tab-title-2454\"><p>\u201cMasallar, Drama ve Sanat Yoluyla K\u00fclt\u00fcrleraras\u0131 Diyalog\u201d<\/p><p>Mevlana K\u00fclt\u00fcrleraras\u0131 Anlay\u0131\u015f \u00d6d\u00fcl\u00fc, Koordinat\u00f6r \u00d6\u011fretmen: Evanthia Athanasopoulou<\/p><\/div>\n\t\t\t\t<\/div>\n\t\t\t\t\t\t\t<div class=\"elementor-accordion-item\">\n\t\t\t\t\t<div id=\"elementor-tab-title-2455\" class=\"elementor-tab-title\" data-tab=\"5\" role=\"button\" aria-controls=\"elementor-tab-content-2455\" aria-expanded=\"false\">\n\t\t\t\t\t\t\t\t\t\t\t\t\t<span class=\"elementor-accordion-icon elementor-accordion-icon-left\" aria-hidden=\"true\">\n\t\t\t\t\t\t\t\t\t\t\t\t\t\t\t<span class=\"elementor-accordion-icon-closed\"><i class=\"fas fa-plus\"><\/i><\/span>\n\t\t\t\t\t\t\t\t<span class=\"elementor-accordion-icon-opened\"><i class=\"fas fa-minus\"><\/i><\/span>\n\t\t\t\t\t\t\t\t\t\t\t\t\t\t<\/span>\n\t\t\t\t\t\t\t\t\t\t\t\t<a class=\"elementor-accordion-title\" tabindex=\"0\">Avrupa eTwinning \u00d6d\u00fclleri 2011<\/a>\n\t\t\t\t\t<\/div>\n\t\t\t\t\t<div id=\"elementor-tab-content-2455\" class=\"elementor-tab-content elementor-clearfix\" data-tab=\"5\" role=\"region\" aria-labelledby=\"elementor-tab-title-2455\"><p>\u201cBookraft\u201d &#8211; 16-19 ya\u015f grubu \u00f6d\u00fcl\u00fc<\/p><p>Ag. Stylianos \u0130lkokulu, Koordinat\u00f6r \u00d6\u011fretmen: Chrysanthea Papakonstantinou<\/p><\/div>\n\t\t\t\t<\/div>\n\t\t\t\t\t\t\t<div class=\"elementor-accordion-item\">\n\t\t\t\t\t<div id=\"elementor-tab-title-2456\" class=\"elementor-tab-title\" data-tab=\"6\" role=\"button\" aria-controls=\"elementor-tab-content-2456\" aria-expanded=\"false\">\n\t\t\t\t\t\t\t\t\t\t\t\t\t<span class=\"elementor-accordion-icon elementor-accordion-icon-left\" aria-hidden=\"true\">\n\t\t\t\t\t\t\t\t\t\t\t\t\t\t\t<span class=\"elementor-accordion-icon-closed\"><i class=\"fas fa-plus\"><\/i><\/span>\n\t\t\t\t\t\t\t\t<span class=\"elementor-accordion-icon-opened\"><i class=\"fas fa-minus\"><\/i><\/span>\n\t\t\t\t\t\t\t\t\t\t\t\t\t\t<\/span>\n\t\t\t\t\t\t\t\t\t\t\t\t<a class=\"elementor-accordion-title\" tabindex=\"0\">Avrupa eTwinning \u00d6d\u00fclleri 2010<\/a>\n\t\t\t\t\t<\/div>\n\t\t\t\t\t<div id=\"elementor-tab-content-2456\" class=\"elementor-tab-content elementor-clearfix\" data-tab=\"6\" role=\"region\" aria-labelledby=\"elementor-tab-title-2456\"><p>\u201cSchoolvision 2009\u201d &#8211; Dijital medyan\u0131n yarat\u0131c\u0131 kullan\u0131m\u0131<\/p><p>Agros \u0130lkokulu, Koordinat\u00f6r \u00d6\u011fretmen: Niki Nikolaidou<\/p><\/div>\n\t\t\t\t<\/div>\n\t\t\t\t\t\t\t<div class=\"elementor-accordion-item\">\n\t\t\t\t\t<div id=\"elementor-tab-title-2457\" class=\"elementor-tab-title\" data-tab=\"7\" role=\"button\" aria-controls=\"elementor-tab-content-2457\" aria-expanded=\"false\">\n\t\t\t\t\t\t\t\t\t\t\t\t\t<span class=\"elementor-accordion-icon elementor-accordion-icon-left\" aria-hidden=\"true\">\n\t\t\t\t\t\t\t\t\t\t\t\t\t\t\t<span class=\"elementor-accordion-icon-closed\"><i class=\"fas fa-plus\"><\/i><\/span>\n\t\t\t\t\t\t\t\t<span class=\"elementor-accordion-icon-opened\"><i class=\"fas fa-minus\"><\/i><\/span>\n\t\t\t\t\t\t\t\t\t\t\t\t\t\t<\/span>\n\t\t\t\t\t\t\t\t\t\t\t\t<a class=\"elementor-accordion-title\" tabindex=\"0\">Avrupa eTwinning \u00d6d\u00fclleri 2009<\/a>\n\t\t\t\t\t<\/div>\n\t\t\t\t\t<div id=\"elementor-tab-content-2457\" class=\"elementor-tab-content elementor-clearfix\" data-tab=\"7\" role=\"region\" aria-labelledby=\"elementor-tab-title-2457\"><p>\u201cA drop travels\u201d &#8211; 4-11 ya\u015f grubu i\u00e7in ikincilik \u00f6d\u00fcl\u00fc<\/p><p>Latsia 1. \u0130lkokulu, Koordinat\u00f6r \u00d6\u011fretmen: Chrysanthea Papakonstantinou<\/p><\/div>\n\t\t\t\t<\/div>\n\t\t\t\t\t\t\t\t<\/div>\n\t\t\t\t\t\t<\/div>\n\t\t\t\t<\/div>\n\t\t\t\t\t<\/div>\n\t\t<\/div>\n\t\t\t\t\t<\/div>\n\t\t<\/section>\n\t\t\t\t<\/div>\n\t\t","protected":false},"excerpt":{"rendered":"<p>Projenin tamamlanmas\u0131 Projenizin uygulanmas\u0131 s\u0131ras\u0131nda girdi\u011finiz materyaller yaln\u0131zca Twinspace \u00fcyeleri taraf\u0131ndan kullan\u0131labilir. Sonu\u00e7lar\u0131n\u0131z\u0131 daha iyi yaymak i\u00e7in ve bir eTwinning Kalite Etiketi i\u00e7in ba\u015fvurmay\u0131 d\u00fc\u015f\u00fcn\u00fcyorsan\u0131z, projenizin tamam\u0131n\u0131 veya bir k\u0131sm\u0131n\u0131 yay\u0131nlaman\u0131z\u0131 \u00f6neririz. Twinspace&#8217;iniz, daha geni\u015f bir kitle taraf\u0131ndan g\u00f6r\u00fclebilir hale getirilerek proje ekibi, \u00f6\u011frenciler, \u00e7al\u0131\u015fman\u0131zdan ilham alabilecek di\u011fer okullar ve Ulusal Destek Organizasyonu ve Merkezi [&hellip;]<\/p>\n","protected":false},"author":1,"featured_media":0,"parent":6283,"menu_order":68,"comment_status":"closed","ping_status":"closed","template":"","meta":{"footnotes":""},"class_list":["post-6287","page","type-page","status-publish","hentry"],"_links":{"self":[{"href":"https:\/\/etwinning.idep.org.cy\/tr\/wp-json\/wp\/v2\/pages\/6287","targetHints":{"allow":["GET"]}}],"collection":[{"href":"https:\/\/etwinning.idep.org.cy\/tr\/wp-json\/wp\/v2\/pages"}],"about":[{"href":"https:\/\/etwinning.idep.org.cy\/tr\/wp-json\/wp\/v2\/types\/page"}],"author":[{"embeddable":true,"href":"https:\/\/etwinning.idep.org.cy\/tr\/wp-json\/wp\/v2\/users\/1"}],"replies":[{"embeddable":true,"href":"https:\/\/etwinning.idep.org.cy\/tr\/wp-json\/wp\/v2\/comments?post=6287"}],"version-history":[{"count":5,"href":"https:\/\/etwinning.idep.org.cy\/tr\/wp-json\/wp\/v2\/pages\/6287\/revisions"}],"predecessor-version":[{"id":6575,"href":"https:\/\/etwinning.idep.org.cy\/tr\/wp-json\/wp\/v2\/pages\/6287\/revisions\/6575"}],"up":[{"embeddable":true,"href":"https:\/\/etwinning.idep.org.cy\/tr\/wp-json\/wp\/v2\/pages\/6283"}],"wp:attachment":[{"href":"https:\/\/etwinning.idep.org.cy\/tr\/wp-json\/wp\/v2\/media?parent=6287"}],"curies":[{"name":"wp","href":"https:\/\/api.w.org\/{rel}","templated":true}]}}