{"id":6289,"date":"2023-06-27T11:47:32","date_gmt":"2023-06-27T08:47:32","guid":{"rendered":"https:\/\/etwinning.idep.org.cy\/?page_id=6289"},"modified":"2024-11-24T10:01:13","modified_gmt":"2024-11-24T08:01:13","slug":"engrafi-stin-platforma","status":"publish","type":"page","link":"https:\/\/etwinning.idep.org.cy\/tr\/techniki-ypostiriksi\/engrafi-stin-platforma\/","title":{"rendered":"Platforma kay\u0131t olma"},"content":{"rendered":"\t\t<div data-elementor-type=\"wp-page\" data-elementor-id=\"6289\" class=\"elementor elementor-6289 elementor-52\">\n\t\t\t\t\t\t<section class=\"elementor-section elementor-top-section elementor-element elementor-element-e509238 ot-traditional elementor-section-boxed elementor-section-height-default elementor-section-height-default\" data-id=\"e509238\" data-element_type=\"section\" data-e-type=\"section\">\n\t\t\t\t\t\t<div class=\"elementor-container elementor-column-gap-default\">\n\t\t\t\t\t<div class=\"elementor-column elementor-col-100 elementor-top-column elementor-element elementor-element-d944f31 ot-flex-column-vertical\" data-id=\"d944f31\" data-element_type=\"column\" data-e-type=\"column\">\n\t\t\t<div class=\"elementor-widget-wrap elementor-element-populated\">\n\t\t\t\t\t\t<div class=\"elementor-element elementor-element-4e2b7c8 elementor-widget elementor-widget-text-editor\" data-id=\"4e2b7c8\" data-element_type=\"widget\" data-e-type=\"widget\" data-widget_type=\"text-editor.default\">\n\t\t\t\t<div class=\"elementor-widget-container\">\n\t\t\t\t\t\t\t\t\t<p>Veri taban\u0131na girilen \u00f6\u011fretmenlerin ve okullar\u0131n ge\u00e7erlili\u011fini sa\u011flamak i\u00e7in kay\u0131t iki a\u015famada yap\u0131l\u0131r. Bu \u015fekilde, eTwinning g\u00fcvenli bir topluluk olarak kal\u0131r ve yanl\u0131\u015f profil veya spam alma durumlar\u0131n\u0131 \u00f6nler.<\/p><p>\u00d6\u011frenciler kay\u0131t yapt\u0131rmazlar, ancak \u00f6\u011fretmenleri taraf\u0131ndan davet edildikten sonra eTwinning projesinin i\u015fbirli\u011fi alan\u0131na (Twinspace) kendi kodlar\u0131yla eri\u015febilirler. <strong>\u00d6\u011frenciler a\u015fa\u011f\u0131daki ba\u011flant\u0131 \u00fczerinden giri\u015f yaparlar<\/strong><\/p><p><strong>\u00a0<\/strong><a href=\"https:\/\/school-education.ec.europa.eu\/en\/pupil-login\"><strong>https:\/\/school-education.ec.europa.eu\/en\/pupil-login<\/strong><\/a><\/p>\t\t\t\t\t\t\t\t<\/div>\n\t\t\t\t<\/div>\n\t\t\t\t\t<\/div>\n\t\t<\/div>\n\t\t\t\t\t<\/div>\n\t\t<\/section>\n\t\t\t\t<section class=\"elementor-section elementor-top-section elementor-element elementor-element-4e05a13 ot-traditional elementor-section-boxed elementor-section-height-default elementor-section-height-default\" data-id=\"4e05a13\" data-element_type=\"section\" data-e-type=\"section\">\n\t\t\t\t\t\t<div class=\"elementor-container elementor-column-gap-default\">\n\t\t\t\t\t<div class=\"elementor-column elementor-col-100 elementor-top-column elementor-element elementor-element-a84eeef ot-flex-column-vertical\" data-id=\"a84eeef\" data-element_type=\"column\" data-e-type=\"column\">\n\t\t\t<div class=\"elementor-widget-wrap elementor-element-populated\">\n\t\t\t\t\t\t<div class=\"elementor-element elementor-element-4603457 elementor-widget elementor-widget-accordion\" data-id=\"4603457\" data-element_type=\"widget\" data-e-type=\"widget\" data-widget_type=\"accordion.default\">\n\t\t\t\t<div class=\"elementor-widget-container\">\n\t\t\t\t\t\t\t<div class=\"elementor-accordion\">\n\t\t\t\t\t\t\t<div class=\"elementor-accordion-item\">\n\t\t\t\t\t<div id=\"elementor-tab-title-7341\" class=\"elementor-tab-title\" data-tab=\"1\" role=\"button\" aria-controls=\"elementor-tab-content-7341\" aria-expanded=\"false\">\n\t\t\t\t\t\t\t\t\t\t\t\t\t<span class=\"elementor-accordion-icon elementor-accordion-icon-left\" aria-hidden=\"true\">\n\t\t\t\t\t\t\t\t\t\t\t\t\t\t\t<span class=\"elementor-accordion-icon-closed\"><i class=\"fas fa-plus\"><\/i><\/span>\n\t\t\t\t\t\t\t\t<span class=\"elementor-accordion-icon-opened\"><i class=\"fas fa-minus\"><\/i><\/span>\n\t\t\t\t\t\t\t\t\t\t\t\t\t\t<\/span>\n\t\t\t\t\t\t\t\t\t\t\t\t<a class=\"elementor-accordion-title\" tabindex=\"0\">\u0130lk a\u015fama: AB Giri\u015fi olu\u015fturun ve Avrupa Okul E\u011fitimi Platformuna (ESEP) kaydolun<\/a>\n\t\t\t\t\t<\/div>\n\t\t\t\t\t<div id=\"elementor-tab-content-7341\" class=\"elementor-tab-content elementor-clearfix\" data-tab=\"1\" role=\"region\" aria-labelledby=\"elementor-tab-title-7341\"><p><strong>\u00d6ncelikle <\/strong><a href=\"https:\/\/ecas.ec.europa.eu\/cas\/eim\/external\/register.cgi?service=https%3A\/\/school-education.ec.europa.eu\/en\"><strong>bir AB Giri\u015f hesab\u0131 olu\u015fturman\u0131z<\/strong><\/a><strong> veya zaten bir hesab\u0131n\u0131z varsa, yeni Avrupa Okul <\/strong><a href=\"https:\/\/school-education.ec.europa.eu\/en\"><strong>E\u011fitimi Platformuna (ESEP)<\/strong><\/a><a href=\"https:\/\/ecas.ec.europa.eu\/cas\/login?loginRequestId=ECAS_LR-1520090-CmncNlOxsgXif70eO0uCWTqTatZD3BLdbv8TC58Gl6G3AzVUBF3AxVimeLYEd7WoqTvRmvcdIgjcF8mFQYHeZW-rS0vSrmBGYCZjzjP5uflvf-cYiaKTLCIQgAZuQfXMLiRnRhnzRymUQfH6hRwAN1mbGqzu2HpPUJyIDLeh81Z5ijeVrDjPriC8WPViYvOS0SFx\"><strong>giri\u015f<\/strong><\/a><strong>yapmak i\u00e7in <\/strong><a href=\"https:\/\/ecas.ec.europa.eu\/cas\/eim\/external\/register.cgi?service=https%3A\/\/school-education.ec.europa.eu\/en\"><strong>bu hesab\u0131<\/strong><\/a><strong> kullanman\u0131z gerekecektir . <\/strong><\/p><p><strong>Daha sonra ilgili formu doldurarak kay\u0131t olacaks\u0131n\u0131z.<\/strong><strong>\u00a0<\/strong><\/p><p><strong>\u00d6nemli Not: Eski platformda uygulad\u0131\u011f\u0131n\u0131z t\u00fcm etkinlikleri ve projeleri saklamak i\u00e7in, l\u00fctfen AB giri\u015f hesab\u0131n\u0131zda ayarlanan e-posta adresinin eTwinning veya School Education Gateway hesab\u0131n\u0131zda ayarlanan e-posta adresiyle ayn\u0131 oldu\u011fundan emin olun.<\/strong><\/p><p>Platforma kayd\u0131n\u0131z bireyseldir ve e\u011fitim kariyeriniz boyunca veya hesab\u0131n\u0131z\u0131 devre d\u0131\u015f\u0131 b\u0131rakmaya karar verene kadar size e\u015flik edecektir. Okul de\u011fi\u015ftirirseniz, tekrar kay\u0131t olman\u0131za gerek yoktur, sadece profilinizi de\u011fi\u015ftirin.<\/p><p>Ki\u015fisel e-postan\u0131z (okul e-postan\u0131z de\u011fil), bu a\u015famada verdi\u011finiz kullan\u0131c\u0131 ad\u0131 ve \u015fifre daha sonraki t\u00fcm eTwinning faaliyetleriniz i\u00e7in kullan\u0131lacakt\u0131r (ki\u015fisel profilinizden gelen bildirimler, Merkezi ve Ulusal Destek Hizmetinden gelen mesajlar vb.)<\/p><p>\u015eifrenizi unutman\u0131z durumunda, her zaman e-posta adresinize g\u00f6nderilecek yeni bir \u015fifre talep edebilir veya <a href=\"https:\/\/idep.org.cy\/epikoinonia\/\">bizimle ileti\u015fime<\/a> ge\u00e7ebilirsiniz.<\/p><\/div>\n\t\t\t\t<\/div>\n\t\t\t\t\t\t\t<div class=\"elementor-accordion-item\">\n\t\t\t\t\t<div id=\"elementor-tab-title-7342\" class=\"elementor-tab-title\" data-tab=\"2\" role=\"button\" aria-controls=\"elementor-tab-content-7342\" aria-expanded=\"false\">\n\t\t\t\t\t\t\t\t\t\t\t\t\t<span class=\"elementor-accordion-icon elementor-accordion-icon-left\" aria-hidden=\"true\">\n\t\t\t\t\t\t\t\t\t\t\t\t\t\t\t<span class=\"elementor-accordion-icon-closed\"><i class=\"fas fa-plus\"><\/i><\/span>\n\t\t\t\t\t\t\t\t<span class=\"elementor-accordion-icon-opened\"><i class=\"fas fa-minus\"><\/i><\/span>\n\t\t\t\t\t\t\t\t\t\t\t\t\t\t<\/span>\n\t\t\t\t\t\t\t\t\t\t\t\t<a class=\"elementor-accordion-title\" tabindex=\"0\">\u0130kinci a\u015fama: eTwinning'e kat\u0131lma talebi ve do\u011frulama<\/a>\n\t\t\t\t\t<\/div>\n\t\t\t\t\t<div id=\"elementor-tab-content-7342\" class=\"elementor-tab-content elementor-clearfix\" data-tab=\"2\" role=\"region\" aria-labelledby=\"elementor-tab-title-7342\"><p><strong>\u0130lk formu doldurduktan sonra, eTwinning&#8217;e kat\u0131lmak istedi\u011finizi belirtti\u011finiz bir sekme g\u00f6r\u00fcn\u00fcr, ard\u0131ndan kurumunuzu ekleyin, kurumunuzdaki rol\u00fcn\u00fcz\u00fcn ayr\u0131nt\u0131lar\u0131n\u0131 ve eTwinning i\u00e7in baz\u0131 iste\u011fe ba\u011fl\u0131 bilgileri\/tercihleri doldurun ve kay\u0131t talebinizi g\u00f6nderin.<\/strong><strong>\u00a0<\/strong><\/p><p><strong>Kayd\u0131n\u0131z\u0131n nihai do\u011frulamas\u0131 daha sonraki bir a\u015famada Ulusal Destek Servisi taraf\u0131ndan yap\u0131lacakt\u0131r.<\/strong><strong>\u00a0<\/strong><\/p><p>T\u00fcm bilgileri Yunanca olarak girebilmenize ra\u011fmen, sadece Yunanca konu\u015fan kullan\u0131c\u0131lar\u0131n\/e\u011fitimcilerin profilinizdeki bilgileri anlayabilece\u011fini ve i\u015fbirli\u011fi i\u00e7in sizinle ileti\u015fime ge\u00e7ebilece\u011fini l\u00fctfen unutmay\u0131n. Bu durumda bile, yurt d\u0131\u015f\u0131ndan meslekta\u015flar\u0131n\u0131z\u0131n sizi platformda bulmas\u0131n\u0131 kolayla\u015ft\u0131rmak i\u00e7in en az\u0131ndan ad\u0131n\u0131z\u0131n Latin karakterlerle yaz\u0131lmas\u0131n\u0131 tavsiye ederiz.<\/p><\/div>\n\t\t\t\t<\/div>\n\t\t\t\t\t\t\t\t<\/div>\n\t\t\t\t\t\t<\/div>\n\t\t\t\t<\/div>\n\t\t\t\t\t<\/div>\n\t\t<\/div>\n\t\t\t\t\t<\/div>\n\t\t<\/section>\n\t\t\t\t<\/div>\n\t\t","protected":false},"excerpt":{"rendered":"<p>Veri taban\u0131na girilen \u00f6\u011fretmenlerin ve okullar\u0131n ge\u00e7erlili\u011fini sa\u011flamak i\u00e7in kay\u0131t iki a\u015famada yap\u0131l\u0131r. Bu \u015fekilde, eTwinning g\u00fcvenli bir topluluk olarak kal\u0131r ve yanl\u0131\u015f profil veya spam alma durumlar\u0131n\u0131 \u00f6nler. \u00d6\u011frenciler kay\u0131t yapt\u0131rmazlar, ancak \u00f6\u011fretmenleri taraf\u0131ndan davet edildikten sonra eTwinning projesinin i\u015fbirli\u011fi alan\u0131na (Twinspace) kendi kodlar\u0131yla eri\u015febilirler. \u00d6\u011frenciler a\u015fa\u011f\u0131daki ba\u011flant\u0131 \u00fczerinden giri\u015f yaparlar \u00a0https:\/\/school-education.ec.europa.eu\/en\/pupil-login \u0130lk a\u015fama: [&hellip;]<\/p>\n","protected":false},"author":1,"featured_media":0,"parent":6288,"menu_order":74,"comment_status":"closed","ping_status":"closed","template":"","meta":{"footnotes":""},"class_list":["post-6289","page","type-page","status-publish","hentry"],"_links":{"self":[{"href":"https:\/\/etwinning.idep.org.cy\/tr\/wp-json\/wp\/v2\/pages\/6289","targetHints":{"allow":["GET"]}}],"collection":[{"href":"https:\/\/etwinning.idep.org.cy\/tr\/wp-json\/wp\/v2\/pages"}],"about":[{"href":"https:\/\/etwinning.idep.org.cy\/tr\/wp-json\/wp\/v2\/types\/page"}],"author":[{"embeddable":true,"href":"https:\/\/etwinning.idep.org.cy\/tr\/wp-json\/wp\/v2\/users\/1"}],"replies":[{"embeddable":true,"href":"https:\/\/etwinning.idep.org.cy\/tr\/wp-json\/wp\/v2\/comments?post=6289"}],"version-history":[{"count":5,"href":"https:\/\/etwinning.idep.org.cy\/tr\/wp-json\/wp\/v2\/pages\/6289\/revisions"}],"predecessor-version":[{"id":6521,"href":"https:\/\/etwinning.idep.org.cy\/tr\/wp-json\/wp\/v2\/pages\/6289\/revisions\/6521"}],"up":[{"embeddable":true,"href":"https:\/\/etwinning.idep.org.cy\/tr\/wp-json\/wp\/v2\/pages\/6288"}],"wp:attachment":[{"href":"https:\/\/etwinning.idep.org.cy\/tr\/wp-json\/wp\/v2\/media?parent=6289"}],"curies":[{"name":"wp","href":"https:\/\/api.w.org\/{rel}","templated":true}]}}