{"id":6297,"date":"2023-06-27T11:48:03","date_gmt":"2023-06-27T08:48:03","guid":{"rendered":"https:\/\/etwinning.idep.org.cy\/?page_id=6297"},"modified":"2024-11-19T15:30:53","modified_gmt":"2024-11-19T13:30:53","slug":"chartis-istotopou","status":"publish","type":"page","link":"https:\/\/etwinning.idep.org.cy\/tr\/chrisimoi-syndesmoi\/chartis-istotopou\/","title":{"rendered":"Websitesi haritas\u0131"},"content":{"rendered":"\t\t<div data-elementor-type=\"wp-page\" data-elementor-id=\"6297\" class=\"elementor elementor-6297 elementor-60\">\n\t\t\t\t\t\t<section class=\"elementor-section elementor-top-section elementor-element elementor-element-736f08b ot-traditional elementor-section-boxed elementor-section-height-default elementor-section-height-default\" data-id=\"736f08b\" data-element_type=\"section\" data-e-type=\"section\">\n\t\t\t\t\t\t<div class=\"elementor-container elementor-column-gap-default\">\n\t\t\t\t\t<div class=\"elementor-column elementor-col-100 elementor-top-column elementor-element elementor-element-8773420 ot-flex-column-vertical\" data-id=\"8773420\" data-element_type=\"column\" data-e-type=\"column\">\n\t\t\t<div class=\"elementor-widget-wrap elementor-element-populated\">\n\t\t\t\t\t\t<div class=\"elementor-element elementor-element-cddd621 elementor-widget elementor-widget-shortcode\" data-id=\"cddd621\" data-element_type=\"widget\" data-e-type=\"widget\" data-widget_type=\"shortcode.default\">\n\t\t\t\t<div class=\"elementor-widget-container\">\n\t\t\t\t\t\t\t<div class=\"elementor-shortcode\"><div class=\"wsp-container\"><h2 class=\"wsp-pages-title\">Pages<\/h2>\n<ul class=\"wsp-pages-list\">\n<li class=\"page_item page-item-8535\"><a href=\"https:\/\/etwinning.idep.org.cy\/tr\/vima-4-ylopoiiste-to-diko-sas-ergo-etwinning-sto-twinspace\/\">4. Ad\u0131m: Twinspace&#8217;te kendi eTwinning projenizi y\u00fcr\u00fct\u00fcn<\/a><\/li>\n<li class=\"page_item page-item-8536\"><a href=\"https:\/\/etwinning.idep.org.cy\/tr\/vima-1-enimerotheite-gia-to-ti-prosferei-to-etwinning\/\">1.Ad\u0131m: eTwinning&#8217;in neler sunabilece\u011fini \u00f6\u011frenin<\/a><\/li>\n<li class=\"page_item page-item-8537\"><a href=\"https:\/\/etwinning.idep.org.cy\/tr\/vima-2-dimiourgiste-to-diko-sas-profil-stin-platforma-tou-etwinning\/\">2. Ad\u0131m: eTwinning platformunda kendi profilinizi olu\u015fturun<\/a><\/li>\n<li class=\"page_item page-item-8538\"><a href=\"https:\/\/etwinning.idep.org.cy\/tr\/vima-3-aksiopoiiste-tis-dynatotites-tou-etwinning-desktop\/\">3. Ad\u0131m: eTwinning Masa\u00fcst\u00fcnden en iyi \u015fekilde yararlan\u0131n<\/a><\/li>\n<li class=\"page_item page-item-6268\"><a href=\"https:\/\/etwinning.idep.org.cy\/tr\/\">\u0391na Sayfa<\/a><\/li>\n<li class=\"page_item page-item-6269\"><a href=\"https:\/\/etwinning.idep.org.cy\/tr\/polymesa\/\">Multimedya<\/a><\/li>\n<li class=\"page_item page-item-6270\"><a href=\"https:\/\/etwinning.idep.org.cy\/tr\/ekdoseis\/\">Yay\u0131nlar<\/a><\/li>\n<li class=\"page_item page-item-6271\"><a href=\"https:\/\/etwinning.idep.org.cy\/tr\/presveftes\/\">El\u00e7iler<\/a><\/li>\n<li class=\"page_item page-item-6272 page_item_has_children\"><a href=\"https:\/\/etwinning.idep.org.cy\/tr\/etwinning\/\">eTwinning<\/a>\n<ul class='children'>\n\t<li class=\"page_item page-item-6273\"><a href=\"https:\/\/etwinning.idep.org.cy\/tr\/etwinning\/ti-einai\/\">Nedir?<\/a><\/li>\n\t<li class=\"page_item page-item-6275\"><a href=\"https:\/\/etwinning.idep.org.cy\/tr\/etwinning\/pos-mporo-na-symmetecho\/\">Nas\u0131l kat\u0131labilirim?<\/a><\/li>\n\t<li class=\"page_item page-item-6276\"><a href=\"https:\/\/etwinning.idep.org.cy\/tr\/etwinning\/ethnika-erga-etwinning\/\">eTwinning Milli Projeler<\/a><\/li>\n\t<li class=\"page_item page-item-6278\"><a href=\"https:\/\/etwinning.idep.org.cy\/tr\/etwinning\/vravefseis\/\">\u00d6d\u00fcller<\/a><\/li>\n<\/ul>\n<\/li>\n<li class=\"page_item page-item-6279 page_item_has_children\"><a href=\"https:\/\/etwinning.idep.org.cy\/tr\/epangelmatiki-katartisi\/\">Mesleki E\u011fitim<\/a>\n<ul class='children'>\n\t<li class=\"page_item page-item-6280\"><a href=\"https:\/\/etwinning.idep.org.cy\/tr\/epangelmatiki-katartisi\/eyropaika-ergastiria\/\">Avrupa \u00c7al\u0131\u015fma At\u00f6lyeleri<\/a><\/li>\n\t<li class=\"page_item page-item-6281\"><a href=\"https:\/\/etwinning.idep.org.cy\/tr\/epangelmatiki-katartisi\/diadiktyakes-epimorfoseis\/\">\u00c7evrimi\u00e7i E\u011fitimler<\/a><\/li>\n\t<li class=\"page_item page-item-6282\"><a href=\"https:\/\/etwinning.idep.org.cy\/tr\/epangelmatiki-katartisi\/ethnikes-drastiriotites\/\">Milli Etkinikler<\/a><\/li>\n<\/ul>\n<\/li>\n<li class=\"page_item page-item-6283 page_item_has_children\"><a href=\"https:\/\/etwinning.idep.org.cy\/tr\/paidagogiki-ypostiriksi\/\">Pedagojik Destek<\/a>\n<ul class='children'>\n\t<li class=\"page_item page-item-6284\"><a href=\"https:\/\/etwinning.idep.org.cy\/tr\/paidagogiki-ypostiriksi\/pos-na-ksekiniso\/\">Nas\u0131l ba\u015flayabilirim?<\/a><\/li>\n\t<li class=\"page_item page-item-6285\"><a href=\"https:\/\/etwinning.idep.org.cy\/tr\/paidagogiki-ypostiriksi\/evresi-etairon\/\">Ortaklar bulma<\/a><\/li>\n\t<li class=\"page_item page-item-6286\"><a href=\"https:\/\/etwinning.idep.org.cy\/tr\/paidagogiki-ypostiriksi\/programmatismos-tou-ergou\/\">Projenin Planlanmas\u0131<\/a><\/li>\n\t<li class=\"page_item page-item-6287\"><a href=\"https:\/\/etwinning.idep.org.cy\/tr\/paidagogiki-ypostiriksi\/oloklirosi-tou-ergou\/\">Projenin tamamlanmas\u0131<\/a><\/li>\n<\/ul>\n<\/li>\n<li class=\"page_item page-item-6288 page_item_has_children\"><a href=\"https:\/\/etwinning.idep.org.cy\/tr\/techniki-ypostiriksi\/\">Teknik Destek<\/a>\n<ul class='children'>\n\t<li class=\"page_item page-item-6289\"><a href=\"https:\/\/etwinning.idep.org.cy\/tr\/techniki-ypostiriksi\/engrafi-stin-platforma\/\">Platforma kay\u0131t olma<\/a><\/li>\n\t<li class=\"page_item page-item-6290\"><a href=\"https:\/\/etwinning.idep.org.cy\/tr\/techniki-ypostiriksi\/european-school-education-platform\/\">Avrupa Okul E\u011fitim Platformu<\/a><\/li>\n\t<li class=\"page_item page-item-6291\"><a href=\"https:\/\/etwinning.idep.org.cy\/tr\/techniki-ypostiriksi\/twinspace\/\">Twinspace<\/a><\/li>\n<\/ul>\n<\/li>\n<li class=\"page_item page-item-6292\"><a href=\"https:\/\/etwinning.idep.org.cy\/tr\/anakoinoseis\/\">Duyurular<\/a><\/li>\n<li class=\"page_item page-item-6293\"><a href=\"https:\/\/etwinning.idep.org.cy\/tr\/epikoinonia\/\">\u0130leti\u015fim<\/a><\/li>\n<li class=\"page_item page-item-6294 page_item_has_children\"><a href=\"https:\/\/etwinning.idep.org.cy\/tr\/chrisimoi-syndesmoi\/\">Faydal\u0131 Ba\u011flant\u0131lar<\/a>\n<ul class='children'>\n\t<li class=\"page_item page-item-6295\"><a href=\"https:\/\/etwinning.idep.org.cy\/tr\/chrisimoi-syndesmoi\/politiki-aporritou\/\">Gizlilik Politikas\u0131<\/a><\/li>\n\t<li class=\"page_item page-item-6296\"><a href=\"https:\/\/etwinning.idep.org.cy\/tr\/chrisimoi-syndesmoi\/politiki-cookies\/\">\u00c7erez Politikas\u0131<\/a><\/li>\n\t<li class=\"page_item page-item-6297\"><a href=\"https:\/\/etwinning.idep.org.cy\/tr\/chrisimoi-syndesmoi\/chartis-istotopou\/\">Websitesi haritas\u0131<\/a><\/li>\n\t<li class=\"page_item page-item-6298\"><a href=\"https:\/\/etwinning.idep.org.cy\/tr\/chrisimoi-syndesmoi\/theseis-ergasias\/\">\u0130\u015fler<\/a><\/li>\n\t<li class=\"page_item page-item-6299\"><a href=\"https:\/\/etwinning.idep.org.cy\/tr\/chrisimoi-syndesmoi\/proteraiotites-entaksis-kai-polymorfias\/\">Kapsay\u0131c\u0131l\u0131k ve \u00c7e\u015fitlilik \u00d6ncelikleri<\/a><\/li>\n<\/ul>\n<\/li>\n<li class=\"page_item page-item-6300\"><a href=\"https:\/\/etwinning.idep.org.cy\/tr\/anakalypste-to-etwinning-me-4-apla-vimata\/\">eTwinning&#8217;i 4 basit ad\u0131mda ke\u015ffedin<\/a><\/li>\n<li class=\"page_item page-item-6301\"><a href=\"https:\/\/etwinning.idep.org.cy\/tr\/forma-telikis-ekthesis\/\">Nihai Rapor Formu<\/a><\/li>\n<\/ul>\n<\/div><\/div>\n\t\t\t\t\t\t<\/div>\n\t\t\t\t<\/div>\n\t\t\t\t\t<\/div>\n\t\t<\/div>\n\t\t\t\t\t<\/div>\n\t\t<\/section>\n\t\t\t\t<\/div>\n\t\t","protected":false},"excerpt":{"rendered":"","protected":false},"author":1,"featured_media":0,"parent":6294,"menu_order":98,"comment_status":"closed","ping_status":"closed","template":"","meta":{"footnotes":""},"class_list":["post-6297","page","type-page","status-publish","hentry"],"_links":{"self":[{"href":"https:\/\/etwinning.idep.org.cy\/tr\/wp-json\/wp\/v2\/pages\/6297","targetHints":{"allow":["GET"]}}],"collection":[{"href":"https:\/\/etwinning.idep.org.cy\/tr\/wp-json\/wp\/v2\/pages"}],"about":[{"href":"https:\/\/etwinning.idep.org.cy\/tr\/wp-json\/wp\/v2\/types\/page"}],"author":[{"embeddable":true,"href":"https:\/\/etwinning.idep.org.cy\/tr\/wp-json\/wp\/v2\/users\/1"}],"replies":[{"embeddable":true,"href":"https:\/\/etwinning.idep.org.cy\/tr\/wp-json\/wp\/v2\/comments?post=6297"}],"version-history":[{"count":3,"href":"https:\/\/etwinning.idep.org.cy\/tr\/wp-json\/wp\/v2\/pages\/6297\/revisions"}],"predecessor-version":[{"id":6434,"href":"https:\/\/etwinning.idep.org.cy\/tr\/wp-json\/wp\/v2\/pages\/6297\/revisions\/6434"}],"up":[{"embeddable":true,"href":"https:\/\/etwinning.idep.org.cy\/tr\/wp-json\/wp\/v2\/pages\/6294"}],"wp:attachment":[{"href":"https:\/\/etwinning.idep.org.cy\/tr\/wp-json\/wp\/v2\/media?parent=6297"}],"curies":[{"name":"wp","href":"https:\/\/api.w.org\/{rel}","templated":true}]}}