{"id":6299,"date":"2023-06-27T11:48:36","date_gmt":"2023-06-27T08:48:36","guid":{"rendered":"https:\/\/etwinning.idep.org.cy\/?page_id=6299"},"modified":"2024-11-19T15:30:56","modified_gmt":"2024-11-19T13:30:56","slug":"proteraiotites-entaksis-kai-polymorfias","status":"publish","type":"page","link":"https:\/\/etwinning.idep.org.cy\/tr\/chrisimoi-syndesmoi\/proteraiotites-entaksis-kai-polymorfias\/","title":{"rendered":"Kapsay\u0131c\u0131l\u0131k ve \u00c7e\u015fitlilik \u00d6ncelikleri"},"content":{"rendered":"\t\t<div data-elementor-type=\"wp-page\" data-elementor-id=\"6299\" class=\"elementor elementor-6299 elementor-68\">\n\t\t\t\t\t\t<section class=\"elementor-section elementor-top-section elementor-element elementor-element-7062f1a ot-traditional elementor-section-boxed elementor-section-height-default elementor-section-height-default\" data-id=\"7062f1a\" data-element_type=\"section\" data-e-type=\"section\">\n\t\t\t\t\t\t<div class=\"elementor-container elementor-column-gap-default\">\n\t\t\t\t\t<div class=\"elementor-column elementor-col-100 elementor-top-column elementor-element elementor-element-75e6d11 ot-flex-column-vertical\" data-id=\"75e6d11\" data-element_type=\"column\" data-e-type=\"column\">\n\t\t\t<div class=\"elementor-widget-wrap elementor-element-populated\">\n\t\t\t\t\t\t<div class=\"elementor-element elementor-element-9bd97f6 elementor-widget elementor-widget-text-editor\" data-id=\"9bd97f6\" data-element_type=\"widget\" data-e-type=\"widget\" data-widget_type=\"text-editor.default\">\n\t\t\t\t<div class=\"elementor-widget-container\">\n\t\t\t\t\t\t\t\t\t<ul><li><a href=\"https:\/\/etwinning.idep.org.cy\/wp-content\/uploads\/2024\/10\/Inclusion-Diversity-Strategy_CY01_Update-September-2024-f.pdf\" target=\"_blank\" rel=\"noopener\"><strong>\u03a0\u03c1\u03bf\u03c4\u03b5\u03c1\u03b1\u03b9\u03cc\u03c4\u03b7\u03c4\u03b5\u03c2 \u0388\u03bd\u03c4\u03b1\u03be\u03b7\u03c2 \u03ba\u03b1\u03b9 \u03a0\u03bf\u03bb\u03c5\u03bc\u03bf\u03c1\u03c6\u03af\u03b1\u03c2<\/strong><\/a><\/li><\/ul>\t\t\t\t\t\t\t\t<\/div>\n\t\t\t\t<\/div>\n\t\t\t\t\t<\/div>\n\t\t<\/div>\n\t\t\t\t\t<\/div>\n\t\t<\/section>\n\t\t\t\t<\/div>\n\t\t","protected":false},"excerpt":{"rendered":"<p>\u03a0\u03c1\u03bf\u03c4\u03b5\u03c1\u03b1\u03b9\u03cc\u03c4\u03b7\u03c4\u03b5\u03c2 \u0388\u03bd\u03c4\u03b1\u03be\u03b7\u03c2 \u03ba\u03b1\u03b9 \u03a0\u03bf\u03bb\u03c5\u03bc\u03bf\u03c1\u03c6\u03af\u03b1\u03c2<\/p>\n","protected":false},"author":1,"featured_media":0,"parent":6294,"menu_order":106,"comment_status":"closed","ping_status":"closed","template":"","meta":{"footnotes":""},"class_list":["post-6299","page","type-page","status-publish","hentry"],"_links":{"self":[{"href":"https:\/\/etwinning.idep.org.cy\/tr\/wp-json\/wp\/v2\/pages\/6299","targetHints":{"allow":["GET"]}}],"collection":[{"href":"https:\/\/etwinning.idep.org.cy\/tr\/wp-json\/wp\/v2\/pages"}],"about":[{"href":"https:\/\/etwinning.idep.org.cy\/tr\/wp-json\/wp\/v2\/types\/page"}],"author":[{"embeddable":true,"href":"https:\/\/etwinning.idep.org.cy\/tr\/wp-json\/wp\/v2\/users\/1"}],"replies":[{"embeddable":true,"href":"https:\/\/etwinning.idep.org.cy\/tr\/wp-json\/wp\/v2\/comments?post=6299"}],"version-history":[{"count":3,"href":"https:\/\/etwinning.idep.org.cy\/tr\/wp-json\/wp\/v2\/pages\/6299\/revisions"}],"predecessor-version":[{"id":6437,"href":"https:\/\/etwinning.idep.org.cy\/tr\/wp-json\/wp\/v2\/pages\/6299\/revisions\/6437"}],"up":[{"embeddable":true,"href":"https:\/\/etwinning.idep.org.cy\/tr\/wp-json\/wp\/v2\/pages\/6294"}],"wp:attachment":[{"href":"https:\/\/etwinning.idep.org.cy\/tr\/wp-json\/wp\/v2\/media?parent=6299"}],"curies":[{"name":"wp","href":"https:\/\/api.w.org\/{rel}","templated":true}]}}