{"id":8535,"date":"2025-01-13T15:52:00","date_gmt":"2025-01-13T13:52:00","guid":{"rendered":"https:\/\/etwinning.idep.org.cy\/vima-4-ylopoiiste-to-diko-sas-ergo-etwinning-sto-twinspace\/"},"modified":"2025-01-17T12:18:38","modified_gmt":"2025-01-17T10:18:38","slug":"vima-4-ylopoiiste-to-diko-sas-ergo-etwinning-sto-twinspace","status":"publish","type":"page","link":"https:\/\/etwinning.idep.org.cy\/tr\/vima-4-ylopoiiste-to-diko-sas-ergo-etwinning-sto-twinspace\/","title":{"rendered":"4. Ad\u0131m: Twinspace&#8217;te kendi eTwinning projenizi y\u00fcr\u00fct\u00fcn"},"content":{"rendered":"\t\t<div data-elementor-type=\"wp-page\" data-elementor-id=\"8535\" class=\"elementor elementor-8535 elementor-6820\">\n\t\t\t\t\t\t<section class=\"elementor-section elementor-top-section elementor-element elementor-element-5747f00 ot-traditional elementor-section-boxed elementor-section-height-default elementor-section-height-default\" data-id=\"5747f00\" data-element_type=\"section\" data-e-type=\"section\">\n\t\t\t\t\t\t<div class=\"elementor-container elementor-column-gap-default\">\n\t\t\t\t\t<div class=\"elementor-column elementor-col-100 elementor-top-column elementor-element elementor-element-76b5a5d ot-flex-column-vertical\" data-id=\"76b5a5d\" data-element_type=\"column\" data-e-type=\"column\">\n\t\t\t<div class=\"elementor-widget-wrap elementor-element-populated\">\n\t\t\t\t\t\t<div class=\"elementor-element elementor-element-903d1b6 elementor-widget elementor-widget-heading\" data-id=\"903d1b6\" data-element_type=\"widget\" data-e-type=\"widget\" data-widget_type=\"heading.default\">\n\t\t\t\t<div class=\"elementor-widget-container\">\n\t\t\t\t\t<h4 class=\"elementor-heading-title elementor-size-default\">Ad\u0131m 4: Twinspace'te kendi eTwinning projenizi \u00e7al\u0131\u015ft\u0131r\u0131n<\/h4>\t\t\t\t<\/div>\n\t\t\t\t<\/div>\n\t\t\t\t<div class=\"elementor-element elementor-element-9f3facf elementor-widget-divider--separator-type-pattern elementor-widget-divider--view-line elementor-widget elementor-widget-divider\" data-id=\"9f3facf\" data-element_type=\"widget\" data-e-type=\"widget\" data-widget_type=\"divider.default\">\n\t\t\t\t<div class=\"elementor-widget-container\">\n\t\t\t\t\t\t\t<div class=\"elementor-divider\" style=\"--divider-pattern-url: url(&quot;data:image\/svg+xml,%3Csvg xmlns=&#039;http:\/\/www.w3.org\/2000\/svg&#039; preserveAspectRatio=&#039;none&#039; overflow=&#039;visible&#039; height=&#039;100%&#039; viewBox=&#039;0 0 20 16&#039; fill=&#039;none&#039; stroke=&#039;black&#039; stroke-width=&#039;2&#039; stroke-linecap=&#039;square&#039; stroke-miterlimit=&#039;10&#039;%3E%3Cg transform=&#039;translate(-12.000000, 0)&#039;%3E%3Cpath d=&#039;M28,0L10,18&#039;\/%3E%3Cpath d=&#039;M18,0L0,18&#039;\/%3E%3Cpath d=&#039;M48,0L30,18&#039;\/%3E%3Cpath d=&#039;M38,0L20,18&#039;\/%3E%3C\/g%3E%3C\/svg%3E&quot;);\">\n\t\t\t<span class=\"elementor-divider-separator\">\n\t\t\t\t\t\t<\/span>\n\t\t<\/div>\n\t\t\t\t\t\t<\/div>\n\t\t\t\t<\/div>\n\t\t\t\t<div class=\"elementor-element elementor-element-ad72f74 elementor-widget elementor-widget-text-editor\" data-id=\"ad72f74\" data-element_type=\"widget\" data-e-type=\"widget\" data-widget_type=\"text-editor.default\">\n\t\t\t\t<div class=\"elementor-widget-container\">\n\t\t\t\t\t\t\t\t\t<p>Birlikte \u00e7al\u0131\u015fmak istedi\u011finiz grubu se\u00e7ti\u011finizde<u>, <\/u>i\u015fbirli\u011fi teklifinizi g\u00f6nderin<u>. <\/u>\u00e7evrimi\u00e7i olarak K\u0131br\u0131s&#8217;taki eTwinning Ulusal Destek Servisi, ortak \u00fclkenizdeki ilgili servisle i\u015fbirli\u011fi i\u00e7inde talebinizi inceleyecek ve okullar\u0131n (\u00f6\u011fretmenler ve \u00f6\u011frenciler) projelerini y\u00fcr\u00fctmek i\u00e7in kulland\u0131klar\u0131 i\u015fbirli\u011fi platformu olan Twinspace&#8217;e eri\u015fiminizi sa\u011flayacakt\u0131r. Her eTwinning projesinin \u00f6zel bir Twinspace&#8217;i vard\u0131r, ancak proje y\u00f6neticileri isterlerse \u00e7evrimi\u00e7i olarak herkese a\u00e7\u0131k hale getirilebilir.<\/p>\t\t\t\t\t\t\t\t<\/div>\n\t\t\t\t<\/div>\n\t\t\t\t\t<\/div>\n\t\t<\/div>\n\t\t\t\t\t<\/div>\n\t\t<\/section>\n\t\t\t\t<\/div>\n\t\t","protected":false},"excerpt":{"rendered":"<p>Ad\u0131m 4: Twinspace&#8217;te kendi eTwinning projenizi \u00e7al\u0131\u015ft\u0131r\u0131n Birlikte \u00e7al\u0131\u015fmak istedi\u011finiz grubu se\u00e7ti\u011finizde, i\u015fbirli\u011fi teklifinizi g\u00f6nderin. \u00e7evrimi\u00e7i olarak K\u0131br\u0131s&#8217;taki eTwinning Ulusal Destek Servisi, ortak \u00fclkenizdeki ilgili servisle i\u015fbirli\u011fi i\u00e7inde talebinizi inceleyecek ve okullar\u0131n (\u00f6\u011fretmenler ve \u00f6\u011frenciler) projelerini y\u00fcr\u00fctmek i\u00e7in kulland\u0131klar\u0131 i\u015fbirli\u011fi platformu olan Twinspace&#8217;e eri\u015fiminizi sa\u011flayacakt\u0131r. Her eTwinning projesinin \u00f6zel bir Twinspace&#8217;i vard\u0131r, ancak proje y\u00f6neticileri [&hellip;]<\/p>\n","protected":false},"author":1,"featured_media":0,"parent":0,"menu_order":6,"comment_status":"closed","ping_status":"closed","template":"","meta":{"footnotes":""},"class_list":["post-8535","page","type-page","status-publish","hentry"],"_links":{"self":[{"href":"https:\/\/etwinning.idep.org.cy\/tr\/wp-json\/wp\/v2\/pages\/8535","targetHints":{"allow":["GET"]}}],"collection":[{"href":"https:\/\/etwinning.idep.org.cy\/tr\/wp-json\/wp\/v2\/pages"}],"about":[{"href":"https:\/\/etwinning.idep.org.cy\/tr\/wp-json\/wp\/v2\/types\/page"}],"author":[{"embeddable":true,"href":"https:\/\/etwinning.idep.org.cy\/tr\/wp-json\/wp\/v2\/users\/1"}],"replies":[{"embeddable":true,"href":"https:\/\/etwinning.idep.org.cy\/tr\/wp-json\/wp\/v2\/comments?post=8535"}],"version-history":[{"count":5,"href":"https:\/\/etwinning.idep.org.cy\/tr\/wp-json\/wp\/v2\/pages\/8535\/revisions"}],"predecessor-version":[{"id":8562,"href":"https:\/\/etwinning.idep.org.cy\/tr\/wp-json\/wp\/v2\/pages\/8535\/revisions\/8562"}],"wp:attachment":[{"href":"https:\/\/etwinning.idep.org.cy\/tr\/wp-json\/wp\/v2\/media?parent=8535"}],"curies":[{"name":"wp","href":"https:\/\/api.w.org\/{rel}","templated":true}]}}