{"id":8536,"date":"2025-01-13T15:51:58","date_gmt":"2025-01-13T13:51:58","guid":{"rendered":"https:\/\/etwinning.idep.org.cy\/vima-1-enimerotheite-gia-to-ti-prosferei-to-etwinning\/"},"modified":"2025-01-17T12:18:01","modified_gmt":"2025-01-17T10:18:01","slug":"vima-1-enimerotheite-gia-to-ti-prosferei-to-etwinning","status":"publish","type":"page","link":"https:\/\/etwinning.idep.org.cy\/tr\/vima-1-enimerotheite-gia-to-ti-prosferei-to-etwinning\/","title":{"rendered":"1.Ad\u0131m: eTwinning&#8217;in neler sunabilece\u011fini \u00f6\u011frenin"},"content":{"rendered":"\t\t<div data-elementor-type=\"wp-page\" data-elementor-id=\"8536\" class=\"elementor elementor-8536 elementor-6817\">\n\t\t\t\t\t\t<section class=\"elementor-section elementor-top-section elementor-element elementor-element-be90a45 ot-traditional elementor-section-boxed elementor-section-height-default elementor-section-height-default\" data-id=\"be90a45\" data-element_type=\"section\" data-e-type=\"section\">\n\t\t\t\t\t\t<div class=\"elementor-container elementor-column-gap-default\">\n\t\t\t\t\t<div class=\"elementor-column elementor-col-100 elementor-top-column elementor-element elementor-element-608b212 ot-flex-column-vertical\" data-id=\"608b212\" data-element_type=\"column\" data-e-type=\"column\">\n\t\t\t<div class=\"elementor-widget-wrap elementor-element-populated\">\n\t\t\t\t\t\t<div class=\"elementor-element elementor-element-cbbbb42 elementor-widget elementor-widget-heading\" data-id=\"cbbbb42\" data-element_type=\"widget\" data-e-type=\"widget\" data-widget_type=\"heading.default\">\n\t\t\t\t<div class=\"elementor-widget-container\">\n\t\t\t\t\t<h4 class=\"elementor-heading-title elementor-size-default\">Ad\u0131m 1: eTwinning'in neler sundu\u011funu \u00f6\u011frenin<\/h4>\t\t\t\t<\/div>\n\t\t\t\t<\/div>\n\t\t\t\t<div class=\"elementor-element elementor-element-618a279 elementor-widget-divider--separator-type-pattern elementor-widget-divider--view-line elementor-widget elementor-widget-divider\" data-id=\"618a279\" data-element_type=\"widget\" data-e-type=\"widget\" data-widget_type=\"divider.default\">\n\t\t\t\t<div class=\"elementor-widget-container\">\n\t\t\t\t\t\t\t<div class=\"elementor-divider\" style=\"--divider-pattern-url: url(&quot;data:image\/svg+xml,%3Csvg xmlns=&#039;http:\/\/www.w3.org\/2000\/svg&#039; preserveAspectRatio=&#039;none&#039; overflow=&#039;visible&#039; height=&#039;100%&#039; viewBox=&#039;0 0 20 16&#039; fill=&#039;none&#039; stroke=&#039;black&#039; stroke-width=&#039;2&#039; stroke-linecap=&#039;square&#039; stroke-miterlimit=&#039;10&#039;%3E%3Cg transform=&#039;translate(-12.000000, 0)&#039;%3E%3Cpath d=&#039;M28,0L10,18&#039;\/%3E%3Cpath d=&#039;M18,0L0,18&#039;\/%3E%3Cpath d=&#039;M48,0L30,18&#039;\/%3E%3Cpath d=&#039;M38,0L20,18&#039;\/%3E%3C\/g%3E%3C\/svg%3E&quot;);\">\n\t\t\t<span class=\"elementor-divider-separator\">\n\t\t\t\t\t\t<\/span>\n\t\t<\/div>\n\t\t\t\t\t\t<\/div>\n\t\t\t\t<\/div>\n\t\t\t\t<div class=\"elementor-element elementor-element-e6c9149 elementor-widget elementor-widget-text-editor\" data-id=\"e6c9149\" data-element_type=\"widget\" data-e-type=\"widget\" data-widget_type=\"text-editor.default\">\n\t\t\t\t<div class=\"elementor-widget-container\">\n\t\t\t\t\t\t\t\t\t<ul><li>Bir eTwinning projesi olu\u015fturmak ilginizi \u00e7ekiyorsa <a href=\"https:\/\/school-education.ec.europa.eu\/en\/teach\/project-kits\">Proje Paketlerini<\/a> ziyaret edebilir ve baz\u0131 \u00f6rneklerden ilham alabilirsiniz.<\/li><li>eTwinning b\u00fcnyesindeki <a href=\"https:\/\/etwinning.idep.org.cy\/tr\/epangelmatiki-katartisi\/eyropaika-ergastiria\/\">Mesleki E\u011fitim <\/a>f\u0131rsatlar\u0131 hakk\u0131nda bilgi edinin.<\/li><li>Yurtd\u0131\u015f\u0131ndaki di\u011fer \u00f6\u011fretmenlerle a\u011f kurma f\u0131rsatlar\u0131 hakk\u0131nda bilgi edinin<\/li><\/ul>\t\t\t\t\t\t\t\t<\/div>\n\t\t\t\t<\/div>\n\t\t\t\t\t<\/div>\n\t\t<\/div>\n\t\t\t\t\t<\/div>\n\t\t<\/section>\n\t\t\t\t<\/div>\n\t\t","protected":false},"excerpt":{"rendered":"<p>Ad\u0131m 1: eTwinning&#8217;in neler sundu\u011funu \u00f6\u011frenin Bir eTwinning projesi olu\u015fturmak ilginizi \u00e7ekiyorsa Proje Paketlerini ziyaret edebilir ve baz\u0131 \u00f6rneklerden ilham alabilirsiniz. eTwinning b\u00fcnyesindeki Mesleki E\u011fitim f\u0131rsatlar\u0131 hakk\u0131nda bilgi edinin. Yurtd\u0131\u015f\u0131ndaki di\u011fer \u00f6\u011fretmenlerle a\u011f kurma f\u0131rsatlar\u0131 hakk\u0131nda bilgi edinin<\/p>\n","protected":false},"author":1,"featured_media":0,"parent":0,"menu_order":7,"comment_status":"closed","ping_status":"closed","template":"","meta":{"footnotes":""},"class_list":["post-8536","page","type-page","status-publish","hentry"],"_links":{"self":[{"href":"https:\/\/etwinning.idep.org.cy\/tr\/wp-json\/wp\/v2\/pages\/8536","targetHints":{"allow":["GET"]}}],"collection":[{"href":"https:\/\/etwinning.idep.org.cy\/tr\/wp-json\/wp\/v2\/pages"}],"about":[{"href":"https:\/\/etwinning.idep.org.cy\/tr\/wp-json\/wp\/v2\/types\/page"}],"author":[{"embeddable":true,"href":"https:\/\/etwinning.idep.org.cy\/tr\/wp-json\/wp\/v2\/users\/1"}],"replies":[{"embeddable":true,"href":"https:\/\/etwinning.idep.org.cy\/tr\/wp-json\/wp\/v2\/comments?post=8536"}],"version-history":[{"count":5,"href":"https:\/\/etwinning.idep.org.cy\/tr\/wp-json\/wp\/v2\/pages\/8536\/revisions"}],"predecessor-version":[{"id":8553,"href":"https:\/\/etwinning.idep.org.cy\/tr\/wp-json\/wp\/v2\/pages\/8536\/revisions\/8553"}],"wp:attachment":[{"href":"https:\/\/etwinning.idep.org.cy\/tr\/wp-json\/wp\/v2\/media?parent=8536"}],"curies":[{"name":"wp","href":"https:\/\/api.w.org\/{rel}","templated":true}]}}