{"id":8537,"date":"2025-01-13T15:51:58","date_gmt":"2025-01-13T13:51:58","guid":{"rendered":"https:\/\/etwinning.idep.org.cy\/vima-2-dimiourgiste-to-diko-sas-profil-stin-platforma-tou-etwinning\/"},"modified":"2025-01-17T12:18:16","modified_gmt":"2025-01-17T10:18:16","slug":"vima-2-dimiourgiste-to-diko-sas-profil-stin-platforma-tou-etwinning","status":"publish","type":"page","link":"https:\/\/etwinning.idep.org.cy\/tr\/vima-2-dimiourgiste-to-diko-sas-profil-stin-platforma-tou-etwinning\/","title":{"rendered":"2. Ad\u0131m: eTwinning platformunda kendi profilinizi olu\u015fturun"},"content":{"rendered":"\t\t<div data-elementor-type=\"wp-page\" data-elementor-id=\"8537\" class=\"elementor elementor-8537 elementor-6818\">\n\t\t\t\t\t\t<section class=\"elementor-section elementor-top-section elementor-element elementor-element-a126ac2 ot-traditional elementor-section-boxed elementor-section-height-default elementor-section-height-default\" data-id=\"a126ac2\" data-element_type=\"section\" data-e-type=\"section\">\n\t\t\t\t\t\t<div class=\"elementor-container elementor-column-gap-default\">\n\t\t\t\t\t<div class=\"elementor-column elementor-col-100 elementor-top-column elementor-element elementor-element-d5c4564 ot-flex-column-vertical\" data-id=\"d5c4564\" data-element_type=\"column\" data-e-type=\"column\">\n\t\t\t<div class=\"elementor-widget-wrap elementor-element-populated\">\n\t\t\t\t\t\t<div class=\"elementor-element elementor-element-d3bb1b4 elementor-widget elementor-widget-heading\" data-id=\"d3bb1b4\" data-element_type=\"widget\" data-e-type=\"widget\" data-widget_type=\"heading.default\">\n\t\t\t\t<div class=\"elementor-widget-container\">\n\t\t\t\t\t<h4 class=\"elementor-heading-title elementor-size-default\">Ad\u0131m 2: eTwinning platformunda kendi profilinizi olu\u015fturun<\/h4>\t\t\t\t<\/div>\n\t\t\t\t<\/div>\n\t\t\t\t<div class=\"elementor-element elementor-element-5cdab6b elementor-widget-divider--separator-type-pattern elementor-widget-divider--view-line elementor-widget elementor-widget-divider\" data-id=\"5cdab6b\" data-element_type=\"widget\" data-e-type=\"widget\" data-widget_type=\"divider.default\">\n\t\t\t\t<div class=\"elementor-widget-container\">\n\t\t\t\t\t\t\t<div class=\"elementor-divider\" style=\"--divider-pattern-url: url(&quot;data:image\/svg+xml,%3Csvg xmlns=&#039;http:\/\/www.w3.org\/2000\/svg&#039; preserveAspectRatio=&#039;none&#039; overflow=&#039;visible&#039; height=&#039;100%&#039; viewBox=&#039;0 0 20 16&#039; fill=&#039;none&#039; stroke=&#039;black&#039; stroke-width=&#039;2&#039; stroke-linecap=&#039;square&#039; stroke-miterlimit=&#039;10&#039;%3E%3Cg transform=&#039;translate(-12.000000, 0)&#039;%3E%3Cpath d=&#039;M28,0L10,18&#039;\/%3E%3Cpath d=&#039;M18,0L0,18&#039;\/%3E%3Cpath d=&#039;M48,0L30,18&#039;\/%3E%3Cpath d=&#039;M38,0L20,18&#039;\/%3E%3C\/g%3E%3C\/svg%3E&quot;);\">\n\t\t\t<span class=\"elementor-divider-separator\">\n\t\t\t\t\t\t<\/span>\n\t\t<\/div>\n\t\t\t\t\t\t<\/div>\n\t\t\t\t<\/div>\n\t\t\t\t<div class=\"elementor-element elementor-element-a78f085 elementor-widget elementor-widget-text-editor\" data-id=\"a78f085\" data-element_type=\"widget\" data-e-type=\"widget\" data-widget_type=\"text-editor.default\">\n\t\t\t\t<div class=\"elementor-widget-container\">\n\t\t\t\t\t\t\t\t\t<ul><li>Platforma \u00e7evrimi\u00e7i <a href=\"https:\/\/etwinning.idep.org.cy\/tr\/techniki-ypostiriksi\/engrafi-stin-platforma\/\">kaydolun <\/a>ve bir \u00f6\u011fretmen olarak ki\u015fisel profilinizi olu\u015fturun. Kay\u0131t i\u015fleminin 2 ad\u0131m\u0131n\u0131 tamamlad\u0131ktan sonra, ki\u015fisel Masa\u00fcst\u00fcn\u00fcze ve t\u00fcm eTwinning ara\u00e7lar\u0131na eri\u015fmenizi sa\u011flayacak ki\u015fisel kullan\u0131c\u0131 ad\u0131n\u0131z ve \u015fifreniz olacakt\u0131r.<\/li><\/ul>\t\t\t\t\t\t\t\t<\/div>\n\t\t\t\t<\/div>\n\t\t\t\t\t<\/div>\n\t\t<\/div>\n\t\t\t\t\t<\/div>\n\t\t<\/section>\n\t\t\t\t<\/div>\n\t\t","protected":false},"excerpt":{"rendered":"<p>Ad\u0131m 2: eTwinning platformunda kendi profilinizi olu\u015fturun Platforma \u00e7evrimi\u00e7i kaydolun ve bir \u00f6\u011fretmen olarak ki\u015fisel profilinizi olu\u015fturun. Kay\u0131t i\u015fleminin 2 ad\u0131m\u0131n\u0131 tamamlad\u0131ktan sonra, ki\u015fisel Masa\u00fcst\u00fcn\u00fcze ve t\u00fcm eTwinning ara\u00e7lar\u0131na eri\u015fmenizi sa\u011flayacak ki\u015fisel kullan\u0131c\u0131 ad\u0131n\u0131z ve \u015fifreniz olacakt\u0131r.<\/p>\n","protected":false},"author":1,"featured_media":0,"parent":0,"menu_order":12,"comment_status":"closed","ping_status":"closed","template":"","meta":{"footnotes":""},"class_list":["post-8537","page","type-page","status-publish","hentry"],"_links":{"self":[{"href":"https:\/\/etwinning.idep.org.cy\/tr\/wp-json\/wp\/v2\/pages\/8537","targetHints":{"allow":["GET"]}}],"collection":[{"href":"https:\/\/etwinning.idep.org.cy\/tr\/wp-json\/wp\/v2\/pages"}],"about":[{"href":"https:\/\/etwinning.idep.org.cy\/tr\/wp-json\/wp\/v2\/types\/page"}],"author":[{"embeddable":true,"href":"https:\/\/etwinning.idep.org.cy\/tr\/wp-json\/wp\/v2\/users\/1"}],"replies":[{"embeddable":true,"href":"https:\/\/etwinning.idep.org.cy\/tr\/wp-json\/wp\/v2\/comments?post=8537"}],"version-history":[{"count":5,"href":"https:\/\/etwinning.idep.org.cy\/tr\/wp-json\/wp\/v2\/pages\/8537\/revisions"}],"predecessor-version":[{"id":8556,"href":"https:\/\/etwinning.idep.org.cy\/tr\/wp-json\/wp\/v2\/pages\/8537\/revisions\/8556"}],"wp:attachment":[{"href":"https:\/\/etwinning.idep.org.cy\/tr\/wp-json\/wp\/v2\/media?parent=8537"}],"curies":[{"name":"wp","href":"https:\/\/api.w.org\/{rel}","templated":true}]}}