{"id":8538,"date":"2025-01-13T15:51:59","date_gmt":"2025-01-13T13:51:59","guid":{"rendered":"https:\/\/etwinning.idep.org.cy\/vima-3-aksiopoiiste-tis-dynatotites-tou-etwinning-desktop\/"},"modified":"2025-01-17T12:18:31","modified_gmt":"2025-01-17T10:18:31","slug":"vima-3-aksiopoiiste-tis-dynatotites-tou-etwinning-desktop","status":"publish","type":"page","link":"https:\/\/etwinning.idep.org.cy\/tr\/vima-3-aksiopoiiste-tis-dynatotites-tou-etwinning-desktop\/","title":{"rendered":"3. Ad\u0131m: eTwinning Masa\u00fcst\u00fcnden en iyi \u015fekilde yararlan\u0131n"},"content":{"rendered":"\t\t<div data-elementor-type=\"wp-page\" data-elementor-id=\"8538\" class=\"elementor elementor-8538 elementor-6819\">\n\t\t\t\t\t\t<section class=\"elementor-section elementor-top-section elementor-element elementor-element-886dc91 ot-traditional elementor-section-boxed elementor-section-height-default elementor-section-height-default\" data-id=\"886dc91\" data-element_type=\"section\" data-e-type=\"section\">\n\t\t\t\t\t\t<div class=\"elementor-container elementor-column-gap-default\">\n\t\t\t\t\t<div class=\"elementor-column elementor-col-100 elementor-top-column elementor-element elementor-element-e7894d6 ot-flex-column-vertical\" data-id=\"e7894d6\" data-element_type=\"column\" data-e-type=\"column\">\n\t\t\t<div class=\"elementor-widget-wrap elementor-element-populated\">\n\t\t\t\t\t\t<div class=\"elementor-element elementor-element-9bad51e elementor-widget elementor-widget-heading\" data-id=\"9bad51e\" data-element_type=\"widget\" data-e-type=\"widget\" data-widget_type=\"heading.default\">\n\t\t\t\t<div class=\"elementor-widget-container\">\n\t\t\t\t\t<h4 class=\"elementor-heading-title elementor-size-default\">Ad\u0131m 3: eTwinning Masa\u00fcst\u00fc'n\u00fcn g\u00fcc\u00fcn\u00fc kullan\u0131n<\/h4>\t\t\t\t<\/div>\n\t\t\t\t<\/div>\n\t\t\t\t<div class=\"elementor-element elementor-element-1bdad6c elementor-widget-divider--separator-type-pattern elementor-widget-divider--view-line elementor-widget elementor-widget-divider\" data-id=\"1bdad6c\" data-element_type=\"widget\" data-e-type=\"widget\" data-widget_type=\"divider.default\">\n\t\t\t\t<div class=\"elementor-widget-container\">\n\t\t\t\t\t\t\t<div class=\"elementor-divider\" style=\"--divider-pattern-url: url(&quot;data:image\/svg+xml,%3Csvg xmlns=&#039;http:\/\/www.w3.org\/2000\/svg&#039; preserveAspectRatio=&#039;none&#039; overflow=&#039;visible&#039; height=&#039;100%&#039; viewBox=&#039;0 0 20 16&#039; fill=&#039;none&#039; stroke=&#039;black&#039; stroke-width=&#039;2&#039; stroke-linecap=&#039;square&#039; stroke-miterlimit=&#039;10&#039;%3E%3Cg transform=&#039;translate(-12.000000, 0)&#039;%3E%3Cpath d=&#039;M28,0L10,18&#039;\/%3E%3Cpath d=&#039;M18,0L0,18&#039;\/%3E%3Cpath d=&#039;M48,0L30,18&#039;\/%3E%3Cpath d=&#039;M38,0L20,18&#039;\/%3E%3C\/g%3E%3C\/svg%3E&quot;);\">\n\t\t\t<span class=\"elementor-divider-separator\">\n\t\t\t\t\t\t<\/span>\n\t\t<\/div>\n\t\t\t\t\t\t<\/div>\n\t\t\t\t<\/div>\n\t\t\t\t<div class=\"elementor-element elementor-element-3ced8d7 elementor-widget elementor-widget-text-editor\" data-id=\"3ced8d7\" data-element_type=\"widget\" data-e-type=\"widget\" data-widget_type=\"text-editor.default\">\n\t\t\t\t<div class=\"elementor-widget-container\">\n\t\t\t\t\t\t\t\t\t<ul><li>eTwinning Masa\u00fcst\u00fcnde ki\u015fisel \u015fifrelerinizle giri\u015f yapt\u0131ktan sonra, profilinize bakmak i\u00e7in biraz zaman ay\u0131r\u0131n. Ortakl\u0131k tercihlerinizin iyi bir a\u00e7\u0131klamas\u0131na, bir foto\u011frafa ve do\u011fru bilgilere sahip oldu\u011funuzdan emin olun. Masa\u00fcst\u00fc, platforma a\u00e7\u0131lan ki\u015fisel pencerenizdir; girdi\u011finiz bilgilere dayanarak, yurt d\u0131\u015f\u0131ndan meslekta\u015flar\u0131n\u0131z sizinle ileti\u015fime ge\u00e7ecektir.<\/li><li>Dilerseniz, bir <a href=\"https:\/\/school-education.ec.europa.eu\/en\/learn\/courses?f%5B0%5D=modality%3Aonline%29\">\u00d6\u011frenme Etkinli\u011fine <\/a>kat\u0131labilir veya <a href=\"https:\/\/school-education.ec.europa.eu\/en\/search?keywords=groups&f%5B0%5D=content_types%3Agroups_and_rooms&page=0\">eTwinning Gruplar\u0131ndan <\/a>birine kat\u0131labilirsiniz<\/li><li>Masa\u00fcst\u00fc ara\u00e7lar\u0131n\u0131 kullanarak Erasmus+ Ana Eylem 2 kapsam\u0131ndaki eTwinning veya Stratejik Ortakl\u0131klar i\u00e7in <a href=\"https:\/\/school-education.ec.europa.eu\/en\/connect\/partner-search\">ortak aray\u0131n<\/a><\/li><\/ul>\t\t\t\t\t\t\t\t<\/div>\n\t\t\t\t<\/div>\n\t\t\t\t\t<\/div>\n\t\t<\/div>\n\t\t\t\t\t<\/div>\n\t\t<\/section>\n\t\t\t\t<\/div>\n\t\t","protected":false},"excerpt":{"rendered":"<p>Ad\u0131m 3: eTwinning Masa\u00fcst\u00fc\u2019n\u00fcn g\u00fcc\u00fcn\u00fc kullan\u0131n eTwinning Masa\u00fcst\u00fcnde ki\u015fisel \u015fifrelerinizle giri\u015f yapt\u0131ktan sonra, profilinize bakmak i\u00e7in biraz zaman ay\u0131r\u0131n. Ortakl\u0131k tercihlerinizin iyi bir a\u00e7\u0131klamas\u0131na, bir foto\u011frafa ve do\u011fru bilgilere sahip oldu\u011funuzdan emin olun. Masa\u00fcst\u00fc, platforma a\u00e7\u0131lan ki\u015fisel pencerenizdir; girdi\u011finiz bilgilere dayanarak, yurt d\u0131\u015f\u0131ndan meslekta\u015flar\u0131n\u0131z sizinle ileti\u015fime ge\u00e7ecektir. Dilerseniz, bir \u00d6\u011frenme Etkinli\u011fine kat\u0131labilir veya eTwinning Gruplar\u0131ndan [&hellip;]<\/p>\n","protected":false},"author":1,"featured_media":0,"parent":0,"menu_order":14,"comment_status":"closed","ping_status":"closed","template":"","meta":{"footnotes":""},"class_list":["post-8538","page","type-page","status-publish","hentry"],"_links":{"self":[{"href":"https:\/\/etwinning.idep.org.cy\/tr\/wp-json\/wp\/v2\/pages\/8538","targetHints":{"allow":["GET"]}}],"collection":[{"href":"https:\/\/etwinning.idep.org.cy\/tr\/wp-json\/wp\/v2\/pages"}],"about":[{"href":"https:\/\/etwinning.idep.org.cy\/tr\/wp-json\/wp\/v2\/types\/page"}],"author":[{"embeddable":true,"href":"https:\/\/etwinning.idep.org.cy\/tr\/wp-json\/wp\/v2\/users\/1"}],"replies":[{"embeddable":true,"href":"https:\/\/etwinning.idep.org.cy\/tr\/wp-json\/wp\/v2\/comments?post=8538"}],"version-history":[{"count":5,"href":"https:\/\/etwinning.idep.org.cy\/tr\/wp-json\/wp\/v2\/pages\/8538\/revisions"}],"predecessor-version":[{"id":8559,"href":"https:\/\/etwinning.idep.org.cy\/tr\/wp-json\/wp\/v2\/pages\/8538\/revisions\/8559"}],"wp:attachment":[{"href":"https:\/\/etwinning.idep.org.cy\/tr\/wp-json\/wp\/v2\/media?parent=8538"}],"curies":[{"name":"wp","href":"https:\/\/api.w.org\/{rel}","templated":true}]}}